{"id":110085,"date":"2024-06-12T00:00:00","date_gmt":"2024-06-12T05:00:00","guid":{"rendered":"http:\/\/gpl-love.com\/es\/producto\/formidable-forms-highrise-crm\/"},"modified":"2026-03-09T07:36:03","modified_gmt":"2026-03-09T12:36:03","slug":"formidable-forms-highrise-crm","status":"publish","type":"product","link":"https:\/\/gpl-love.com\/es\/producto\/formidable-forms-highrise-crm\/","title":{"rendered":"Formidable Forms Highrise CRM 1.06"},"content":{"rendered":"<h3>Formidable Forms Highrise CRM Caracteristicas<\/h3>\n<p>Formidable Forms Highrise CRM es una herramienta extraordinaria y altamente encomiable que ofrece asistencia incomparable a las empresas en la gesti\u00f3n perfecta de sus relaciones con los clientes. Al recurrir a este software avanzado, las empresas pueden idear sin esfuerzo formularios personalizados que se integran sin problemas con su cuenta de Highrise CRM, lo que les permite reunir sin esfuerzo los datos cruciales de los clientes y optimizar sus procesos de gesti\u00f3n a niveles \u00f3ptimos. Esta herramienta es un regalo del cielo absoluto para las empresas de cada magnitud, independientemente de si son empresas embrionarias o corporaciones gigantescas. Al aprovechar este invaluable recurso, los empresarios pueden aumentar de manera tangible la experiencia de su cliente y mejorar sustancialmente su productividad general al automatizar su flujo de trabajo y lograr ideas superiores sobre su base de clientes. No hace falta decir que a trav\u00e9s de la utilizaci\u00f3n de formas formidables de alto CRM, los procesos de gesti\u00f3n del cliente de cualquier empresa dada pueden transformarse por completo y por completo, lo que los hace significativamente m\u00e1s racionalizados, eficientes y efectivos que nunca.<\/p>\n<ul>\n<li>Integraci\u00f3n perfecta con Highrise CRM<\/li>\n<li>Crear formularios personalizados para Highrise CRM<\/li>\n<li>Capturar clientes potenciales, contactos e informaci\u00f3n de la compa\u00f1\u00eda de formularios directamente a Highrise CRM<\/li>\n<li>Utilice la l\u00f3gica condicional para crear formularios inteligentes que muestren u ocultar preguntas basadas en las respuestas del usuario<\/li>\n<li>Constructor de formulario de arrastrar y soltar f\u00e1cilmente para usar para una f\u00e1cil personalizaci\u00f3n<\/li>\n<li>Formularios de respuesta m\u00f3vil para una experiencia de usuario \u00f3ptima en cualquier dispositivo<\/li>\n<li>Formularios de varias p\u00e1ginas con barra de progreso para evitar el abandono de la forma<\/li>\n<li>Tipos de campo avanzados, como cargas de archivos y almohadillas de firma<\/li>\n<li>Notificaciones de env\u00edo de formularios y mensajes de confirmaci\u00f3n personalizables para fortalecer la conciencia de la marca<\/li>\n<li>Habilitar notificaciones en tiempo real para los env\u00edos de formularios para mejorar el tiempo de respuesta<\/li>\n<li>Opci\u00f3n para agregar env\u00edos de formularios a etapas de tuber\u00edas espec\u00edficas en Highrise CRM para un seguimiento de plomo eficiente<\/li>\n<li>Las caracter\u00edsticas de ahorro de tiempo incluyen relleno autom\u00e1tico, campos requeridos y campos prepoblados<\/li>\n<li>Formularios altamente seguros con opciones de protecci\u00f3n contra spam, cifrado SSL y captcha<\/li>\n<li>Atenci\u00f3n al cliente 24\/7 Base de conocimiento disponible para asistencia.<\/li>\n<\/ul>\n","protected":false},"excerpt":{"rendered":"<p>Lleve su negocio al siguiente nivel hoy aprovechando la eficiencia y efectividad incomparables que ofrecen formularios Formidables Highrise CRM. Con sus capacidades robustas, esta notable herramienta le permite supervisar y nutrir las relaciones con los clientes, optimizar sus procesos operativos y fomentar canales de comunicaci\u00f3n mejorados con su valiosa clientela. La integraci\u00f3n sin problemas de esta soluci\u00f3n din\u00e1mica en las operaciones de su negocio nunca ha sido m\u00e1s f\u00e1cil, lo que le permite amplificar la productividad e impulsar el crecimiento de los ingresos como nunca antes. No se pierda esta oportunidad transformadora: aproveche todo el potencial de las formas formidables Highrise CRM ahora.<\/p>\n","protected":false},"featured_media":166150,"comment_status":"open","ping_status":"open","template":"","meta":[],"product_brand":[2459],"product_cat":[1216,1206,1211],"product_tag":[1509],"class_list":{"0":"post-110085","1":"product","2":"type-product","3":"status-publish","4":"has-post-thumbnail","6":"product_brand-formidable","7":"product_cat-formas","8":"product_cat-plugins","9":"product_cat-wordpress-plugins","10":"product_tag-formidable","11":"member-discount","12":"discount-restricted","14":"first","15":"instock","16":"sale","17":"downloadable","18":"virtual","19":"sold-individually","20":"purchasable","21":"product-type-simple"},"_links":{"self":[{"href":"https:\/\/gpl-love.com\/es\/wp-json\/wp\/v2\/product\/110085","targetHints":{"allow":["GET"]}}],"collection":[{"href":"https:\/\/gpl-love.com\/es\/wp-json\/wp\/v2\/product"}],"about":[{"href":"https:\/\/gpl-love.com\/es\/wp-json\/wp\/v2\/types\/product"}],"replies":[{"embeddable":true,"href":"https:\/\/gpl-love.com\/es\/wp-json\/wp\/v2\/comments?post=110085"}],"wp:featuredmedia":[{"embeddable":true,"href":"https:\/\/gpl-love.com\/es\/wp-json\/wp\/v2\/media\/166150"}],"wp:attachment":[{"href":"https:\/\/gpl-love.com\/es\/wp-json\/wp\/v2\/media?parent=110085"}],"wp:term":[{"taxonomy":"product_brand","embeddable":true,"href":"https:\/\/gpl-love.com\/es\/wp-json\/wp\/v2\/product_brand?post=110085"},{"taxonomy":"product_cat","embeddable":true,"href":"https:\/\/gpl-love.com\/es\/wp-json\/wp\/v2\/product_cat?post=110085"},{"taxonomy":"product_tag","embeddable":true,"href":"https:\/\/gpl-love.com\/es\/wp-json\/wp\/v2\/product_tag?post=110085"}],"curies":[{"name":"wp","href":"https:\/\/api.w.org\/{rel}","templated":true}]}}