{"id":110083,"date":"2025-08-15T00:00:00","date_gmt":"2025-08-15T05:00:00","guid":{"rendered":"http:\/\/gpl-love.com\/es\/producto\/formidable-forms-getresponse\/"},"modified":"2026-03-09T07:36:01","modified_gmt":"2026-03-09T12:36:01","slug":"formidable-forms-getresponse","status":"publish","type":"product","link":"https:\/\/gpl-love.com\/es\/producto\/formidable-forms-getresponse\/","title":{"rendered":"Formidable Forms GetResponse 1.07"},"content":{"rendered":"<h3>Formidable Forms GetResponse Caracteristicas<\/h3>\n<p>Los formularios formidables GetResponse es un instrumento muy potente que las empresas pueden utilizar para optimizar su recopilaci\u00f3n de datos y esfuerzos de marketing por correo electr\u00f3nico. Este complemento innovador ofrece a los usuarios la comodidad de dise\u00f1ar sin esfuerzo formularios de contacto personalizados, encuestas y encuestas, todas las cuales pueden integrarse perfectamente con su cuenta GetResponse. Al emplear formularios formidables GetResponse, las empresas pueden acumular sin esfuerzo la informaci\u00f3n crucial del cliente, aprovecharla para curar campa\u00f1as de correo electr\u00f3nico espec\u00edficas y posteriormente generar tasas de conversi\u00f3n m\u00e1s altas y aumentar las ventas. Ya sea que su objetivo es aumentar sus suscriptores de bolet\u00edn, solicitar comentarios valiosos de su clientela o mejorar sus iniciativas de marketing generales, formularios formidables GetResponse sirve como la soluci\u00f3n ideal. Por lo tanto, \u00bfpor qu\u00e9 postergar m\u00e1s? \u00a1Comience su utilizaci\u00f3n de formularios formidables GetResponse hoy y eleve su juego de marketing por correo electr\u00f3nico a alturas sin precedentes!<\/p>\n<ul>\n<li>Integra perfectamente formas formidables con getResponse<\/li>\n<li>Agregue autom\u00e1ticamente los env\u00edos de formulario a sus listas de GetResponse<\/li>\n<li>Segmentos espec\u00edficos de objetivos utilizando campos y etiquetas personalizados<\/li>\n<li>Crear campa\u00f1as de correo electr\u00f3nico personalizadas basadas en respuestas de formulario<\/li>\n<li>Aumentar las tasas de conversi\u00f3n siguiendo con clientes potenciales de inmediato<\/li>\n<li>Agilice su automatizaci\u00f3n de marketing utilizando una herramienta para formularios y marketing por correo electr\u00f3nico<\/li>\n<li>No se requiere codificaci\u00f3n o conocimiento t\u00e9cnico para configurar la integraci\u00f3n<\/li>\n<li>Soporte 24\/7 disponible para cualquier pregunta o problema que pueda encontrar.<\/li>\n<\/ul>\n","protected":false},"excerpt":{"rendered":"<p>La integraci\u00f3n entre formularios formidables y GetResponse es una soluci\u00f3n altamente efectiva en la que las empresas pueden confiar para optimizar su proceso de captura de plomo, por lo que es una opci\u00f3n ideal. Al integrar sin problemas estas dos plataformas, este poderoso complemento ofrece la capacidad de generar autom\u00e1ticamente listas de correo electr\u00f3nico e iniciar campa\u00f1as espec\u00edficas en respuesta a las acciones del usuario. Con su interfaz de arrastrar y soltar f\u00e1cilmente de uso de caracter\u00edsticas y una gama integral de caracter\u00edsticas, esta integraci\u00f3n es excepcionalmente adecuada para las empresas de todas las escalas, ya que les permite mejorar sus esfuerzos de marketing por correo electr\u00f3nico. Entonces, \u00bfpor qu\u00e9 demorarse? \u00a1Comience a aprovechar el notable potencial de formularios formidables y GetResponse sin m\u00e1s pre\u00e1mbulos!<\/p>\n","protected":false},"featured_media":166149,"comment_status":"open","ping_status":"open","template":"","meta":[],"product_brand":[2459],"product_cat":[1216,1206,1211],"product_tag":[1509],"class_list":{"0":"post-110083","1":"product","2":"type-product","3":"status-publish","4":"has-post-thumbnail","6":"product_brand-formidable","7":"product_cat-formas","8":"product_cat-plugins","9":"product_cat-wordpress-plugins","10":"product_tag-formidable","11":"member-discount","12":"discount-restricted","14":"first","15":"instock","16":"sale","17":"downloadable","18":"virtual","19":"sold-individually","20":"purchasable","21":"product-type-simple"},"_links":{"self":[{"href":"https:\/\/gpl-love.com\/es\/wp-json\/wp\/v2\/product\/110083","targetHints":{"allow":["GET"]}}],"collection":[{"href":"https:\/\/gpl-love.com\/es\/wp-json\/wp\/v2\/product"}],"about":[{"href":"https:\/\/gpl-love.com\/es\/wp-json\/wp\/v2\/types\/product"}],"replies":[{"embeddable":true,"href":"https:\/\/gpl-love.com\/es\/wp-json\/wp\/v2\/comments?post=110083"}],"wp:featuredmedia":[{"embeddable":true,"href":"https:\/\/gpl-love.com\/es\/wp-json\/wp\/v2\/media\/166149"}],"wp:attachment":[{"href":"https:\/\/gpl-love.com\/es\/wp-json\/wp\/v2\/media?parent=110083"}],"wp:term":[{"taxonomy":"product_brand","embeddable":true,"href":"https:\/\/gpl-love.com\/es\/wp-json\/wp\/v2\/product_brand?post=110083"},{"taxonomy":"product_cat","embeddable":true,"href":"https:\/\/gpl-love.com\/es\/wp-json\/wp\/v2\/product_cat?post=110083"},{"taxonomy":"product_tag","embeddable":true,"href":"https:\/\/gpl-love.com\/es\/wp-json\/wp\/v2\/product_tag?post=110083"}],"curies":[{"name":"wp","href":"https:\/\/api.w.org\/{rel}","templated":true}]}}