{"id":110081,"date":"2025-09-13T00:00:00","date_gmt":"2025-09-13T05:00:00","guid":{"rendered":"http:\/\/gpl-love.com\/es\/producto\/formidable-forms-digital-signature\/"},"modified":"2026-03-09T07:35:59","modified_gmt":"2026-03-09T12:35:59","slug":"formidable-forms-digital-signature","status":"publish","type":"product","link":"https:\/\/gpl-love.com\/es\/producto\/formidable-forms-digital-signature\/","title":{"rendered":"Formidable Forms Digital Signature 3.0.6"},"content":{"rendered":"<h3>Formidable Forms Digital Signature Caracteristicas<\/h3>\n<p>Formas formidables La firma digital presenta un instrumento extremadamente potente, que ofrece a los usuarios la capacidad de obtener firmas electr\u00f3nicas directamente desde sus formularios. Este complemento excepcional permite a las empresas y organizaciones generar formas sin esfuerzo que requieren firmas de sus valiosos clientes, clientes o empleados. Estas firmas digitales cuentan con la vinculaci\u00f3n legal y la m\u00e1xima seguridad, estableciendo un medio confiable y expedito para supervisar los acuerdos y los contratos. Adem\u00e1s, este complemento se integra perfectamente con las reconocidas herramientas de marketing por correo electr\u00f3nico, los sistemas de gesti\u00f3n de relaciones con el cliente (CRM) y las pasarelas de pago, simplificando as\u00ed la automatizaci\u00f3n de los flujos de trabajo y los procesos de racionalizaci\u00f3n. Al adoptar formularios formidables, la firma digital, los usuarios pueden optimizar su utilizaci\u00f3n de tiempo, minimizar los errores y elevar la experiencia general del cliente a alturas sin precedentes.<\/p>\n<ul>\n<li>Permite a los usuarios agregar f\u00e1cilmente firmas digitales a sus formularios formidables.<\/li>\n<li>Mejora la seguridad y la autenticidad de las presentaciones de formulario<\/li>\n<li>Proporciona una forma simple y simplificada para que los usuarios firmen los formularios digitalmente<\/li>\n<li>Ofrece opciones personalizables para formato y colocaci\u00f3n de firma en formularios<\/li>\n<li>Compatible con una amplia gama de dispositivos y navegadores<\/li>\n<li>Puede integrarse con los flujos de trabajo y los sistemas existentes<\/li>\n<li>Ahorra tiempo y reduce la necesidad de colecci\u00f3n y procesamiento de firma manual<\/li>\n<li>Se puede utilizar para una variedad de fines, como contratos, exenciones, aplicaciones y m\u00e1s<\/li>\n<\/ul>\n","protected":false},"excerpt":{"rendered":"<p>Introducir las formas digitales de forma formidable altamente aclamada y de vanguardia, una soluci\u00f3n impecable e incomparable dise\u00f1ada meticulosamente con el prop\u00f3sito de capturar efectivamente firmas digitales impregnables en todos sus documentos fundamentales e indispensables. Con su integraci\u00f3n perfecta incorporada sin esfuerzo en su configuraci\u00f3n de formularios formidables preexistentes, el proceso sin complicaciones y sin esfuerzo de adquirir firmas aut\u00e9nticas de clientes valiosos, clientes y colegas estimados ahora ha sido revolucionada, lo que le ha revolucionado una brisa absoluta, pero no a expensas de \u00a1seguridad y proteccion! Despedirse de la prueba tediosa y que requiere mucho tiempo de impresi\u00f3n, escaneo y almacenamiento de formularios de papel engorrosos, y salude la llegada de una era caracterizada por la eficiencia perfecta y la eficacia incomparable de las firmas digitales. Firma. \u00a1No pierda el tiempo y se embarque en este viaje transformador hoy, elevando su flujo de trabajo de documentos a alturas sin precedentes y catapult\u00e1ndolo al pin\u00e1culo de la excelencia!<\/p>\n","protected":false},"featured_media":166147,"comment_status":"open","ping_status":"open","template":"","meta":[],"product_brand":[2459],"product_cat":[1216,1206,1211],"product_tag":[1509],"class_list":{"0":"post-110081","1":"product","2":"type-product","3":"status-publish","4":"has-post-thumbnail","6":"product_brand-formidable","7":"product_cat-formas","8":"product_cat-plugins","9":"product_cat-wordpress-plugins","10":"product_tag-formidable","11":"member-discount","12":"discount-restricted","14":"first","15":"instock","16":"sale","17":"downloadable","18":"virtual","19":"sold-individually","20":"purchasable","21":"product-type-simple"},"_links":{"self":[{"href":"https:\/\/gpl-love.com\/es\/wp-json\/wp\/v2\/product\/110081","targetHints":{"allow":["GET"]}}],"collection":[{"href":"https:\/\/gpl-love.com\/es\/wp-json\/wp\/v2\/product"}],"about":[{"href":"https:\/\/gpl-love.com\/es\/wp-json\/wp\/v2\/types\/product"}],"replies":[{"embeddable":true,"href":"https:\/\/gpl-love.com\/es\/wp-json\/wp\/v2\/comments?post=110081"}],"wp:featuredmedia":[{"embeddable":true,"href":"https:\/\/gpl-love.com\/es\/wp-json\/wp\/v2\/media\/166147"}],"wp:attachment":[{"href":"https:\/\/gpl-love.com\/es\/wp-json\/wp\/v2\/media?parent=110081"}],"wp:term":[{"taxonomy":"product_brand","embeddable":true,"href":"https:\/\/gpl-love.com\/es\/wp-json\/wp\/v2\/product_brand?post=110081"},{"taxonomy":"product_cat","embeddable":true,"href":"https:\/\/gpl-love.com\/es\/wp-json\/wp\/v2\/product_cat?post=110081"},{"taxonomy":"product_tag","embeddable":true,"href":"https:\/\/gpl-love.com\/es\/wp-json\/wp\/v2\/product_tag?post=110081"}],"curies":[{"name":"wp","href":"https:\/\/api.w.org\/{rel}","templated":true}]}}