{"id":110079,"date":"2025-09-13T00:00:00","date_gmt":"2025-09-13T05:00:00","guid":{"rendered":"http:\/\/gpl-love.com\/es\/producto\/formidable-forms-datepicker-options\/"},"modified":"2026-03-09T07:35:57","modified_gmt":"2026-03-09T12:35:57","slug":"formidable-forms-datepicker-options","status":"publish","type":"product","link":"https:\/\/gpl-love.com\/es\/producto\/formidable-forms-datepicker-options\/","title":{"rendered":"Formidable Forms Datepicker Options 3.0"},"content":{"rendered":"<h3>Formidable Forms Datepicker Options Caracteristicas<\/h3>\n<p>El complemento Formidable Forms DatePicker Opciones es una herramienta excepcionalmente robusta que mejora en gran medida la experiencia de construcci\u00f3n de formularios a trav\u00e9s de la provisi\u00f3n de una amplia variedad de opciones de capas de fecha, lo que brinda a los usuarios una amplia gama de opciones. Con la ayuda de este notable complemento, uno puede incorporar a la perfecci\u00f3n los campos de fecha en sus formularios, al tiempo que tiene la capacidad de adaptar el formato de fecha, el rango y el lenguaje de acuerdo con sus requisitos espec\u00edficos. Adem\u00e1s, este complemento tambi\u00e9n facilita la inclusi\u00f3n de una funci\u00f3n de selecci\u00f3n de tiempo, permitiendo as\u00ed la recopilaci\u00f3n de datos de tiempo junto con la informaci\u00f3n de la fecha. En particular, el complemento de Opciones Formidables Forms DatePicker es totalmente compatible con todos los campos de formularios formidables, asegurando as\u00ed la integraci\u00f3n sin esfuerzo en los formularios existentes. Con su interfaz f\u00e1cil de usar y sus caracter\u00edsticas altamente intuitivas, este complemento sirve para optimizar el proceso de recopilaci\u00f3n de informaci\u00f3n de fecha y hora de los usuarios, lo que le convierte en una herramienta invaluable.<\/p>\n<ul>\n<li>Opciones de capas de fecha f\u00e1ciles de usar para formularios formidables<\/li>\n<li>Permite a los usuarios seleccionar fechas que van desde el d\u00eda de hoy hasta varios a\u00f1os en el futuro<\/li>\n<li>Opciones de formato de fechas m\u00faltiples, incluyendo mes\/d\u00eda\/a\u00f1o, d\u00eda\/mes\/a\u00f1o y a\u00f1o\/mes\/d\u00eda<\/li>\n<li>Incluye un tiempo de tiempo para una funcionalidad adicional<\/li>\n<li>Permite a los usuarios navegar f\u00e1cilmente entre meses y a\u00f1os<\/li>\n<li>Capacidad para deshabilitar fechas o rangos de fecha espec\u00edficos<\/li>\n<li>Opci\u00f3n para restringir las selecciones a los d\u00edas de semana o los fines de semana<\/li>\n<li>Se integra a la perfecci\u00f3n con formularios formidables, sin necesidad de codificaci\u00f3n<\/li>\n<li>Actualizaciones regulares y atenci\u00f3n al cliente proporcionadas.<\/li>\n<\/ul>\n","protected":false},"excerpt":{"rendered":"<p>Formidable Forms DatePicker Options es un complemento incre\u00edblemente robusto y altamente adaptable que otorga a los usuarios la capacidad de adaptar y personalizar finamente la funcionalidad DatePicker dentro de sus formularios de WordPress. Ofreciendo una gran cantidad de opciones diversas y vers\u00e1tiles para seleccionar fechas, como men\u00fas desplegables, ventanas emergentes y calendarios en l\u00ednea, este complemento excepcional faculta sin esfuerzo a los usuarios generar formas sin esfuerzo que se alinean sin problemas con los requisitos distintivos de su negocio. Adem\u00e1s, con un dise\u00f1o excepcionalmente intuitivo y una interfaz notablemente f\u00e1cil de usar, las opciones de Formidable Forms DatePicker se destacan como la soluci\u00f3n definitiva para las personas que buscan optimizar su proceso de creaci\u00f3n de formularios y mejorar significativamente la experiencia general del usuario para su estimada clientela.<\/p>\n","protected":false},"featured_media":166146,"comment_status":"open","ping_status":"open","template":"","meta":[],"product_brand":[2459],"product_cat":[1216,1206,1211],"product_tag":[1509],"class_list":{"0":"post-110079","1":"product","2":"type-product","3":"status-publish","4":"has-post-thumbnail","6":"product_brand-formidable","7":"product_cat-formas","8":"product_cat-plugins","9":"product_cat-wordpress-plugins","10":"product_tag-formidable","11":"member-discount","12":"discount-restricted","14":"first","15":"instock","16":"sale","17":"downloadable","18":"virtual","19":"sold-individually","20":"purchasable","21":"product-type-simple"},"_links":{"self":[{"href":"https:\/\/gpl-love.com\/es\/wp-json\/wp\/v2\/product\/110079","targetHints":{"allow":["GET"]}}],"collection":[{"href":"https:\/\/gpl-love.com\/es\/wp-json\/wp\/v2\/product"}],"about":[{"href":"https:\/\/gpl-love.com\/es\/wp-json\/wp\/v2\/types\/product"}],"replies":[{"embeddable":true,"href":"https:\/\/gpl-love.com\/es\/wp-json\/wp\/v2\/comments?post=110079"}],"wp:featuredmedia":[{"embeddable":true,"href":"https:\/\/gpl-love.com\/es\/wp-json\/wp\/v2\/media\/166146"}],"wp:attachment":[{"href":"https:\/\/gpl-love.com\/es\/wp-json\/wp\/v2\/media?parent=110079"}],"wp:term":[{"taxonomy":"product_brand","embeddable":true,"href":"https:\/\/gpl-love.com\/es\/wp-json\/wp\/v2\/product_brand?post=110079"},{"taxonomy":"product_cat","embeddable":true,"href":"https:\/\/gpl-love.com\/es\/wp-json\/wp\/v2\/product_cat?post=110079"},{"taxonomy":"product_tag","embeddable":true,"href":"https:\/\/gpl-love.com\/es\/wp-json\/wp\/v2\/product_tag?post=110079"}],"curies":[{"name":"wp","href":"https:\/\/api.w.org\/{rel}","templated":true}]}}