{"id":110077,"date":"2024-06-12T00:00:00","date_gmt":"2024-06-12T05:00:00","guid":{"rendered":"http:\/\/gpl-love.com\/es\/producto\/formidable-forms-constant-contact\/"},"modified":"2026-03-09T07:35:56","modified_gmt":"2026-03-09T12:35:56","slug":"formidable-forms-constant-contact","status":"publish","type":"product","link":"https:\/\/gpl-love.com\/es\/producto\/formidable-forms-constant-contact\/","title":{"rendered":"Formidable Forms Constant Contact 1.07"},"content":{"rendered":"<h3>Formidable Forms Constant Contact Caracteristicas<\/h3>\n<p>Formas Formas Constante Contact es una herramienta incre\u00edblemente robusta e inmensamente valiosa que ofrece la integraci\u00f3n perfecta de sus formas formidables de WordPress con la plataforma de contacto constante altamente popular y ampliamente utilizada. A trav\u00e9s de esta integraci\u00f3n excepcional, se le brinda la incre\u00edble comodidad y eficiencia de incorporar autom\u00e1ticamente nuevos suscriptores directamente en su lista de correo, eliminando as\u00ed la necesidad de entrada de datos manuales. Adem\u00e1s, este complemento sobresaliente le permite generar sin esfuerzo campos personalizados que se alinean perfectamente con los requisitos \u00fanicos de sus formularios, lo que le permite capturar y organizar datos de una manera que se adapte perfectamente a sus necesidades espec\u00edficas. Adem\u00e1s, esta notable integraci\u00f3n facilita la segmentaci\u00f3n sin esfuerzo de su audiencia en funci\u00f3n de las invaluables ideas e informaci\u00f3n obtenida de sus formularios, asegurando as\u00ed un enfoque m\u00e1s espec\u00edfico y personalizado para la comunicaci\u00f3n. El inmenso poder y la versatilidad de formularios formidables Contactt Contact realmente revolucionan sus campa\u00f1as de marketing por correo electr\u00f3nico, dot\u00e1ndole con una v\u00eda sin problemas y aerodin\u00e1mica a trav\u00e9s de la cual puede mejorar su comunicaci\u00f3n general con su audiencia. Al aprovechar esta herramienta excepcional, abre las puertas a un ahorro significativo de tiempo y esfuerzo, al tiempo que permite la creaci\u00f3n de campa\u00f1as de marketing que son m\u00e1s atractivas, impactantes e individualmente personalizadas.<\/p>\n<ul>\n<li>Integraci\u00f3n perfecta entre sus formularios formidables y cuentas de contacto constantes<\/li>\n<li>Agregue autom\u00e1ticamente nuevas entradas de formulario a sus listas de correo electr\u00f3nico de contacto constante<\/li>\n<li>Personalizar qu\u00e9 campos de formulario se mapea a qu\u00e9 campos de contacto constantes<\/li>\n<li>La sincronizaci\u00f3n unidireccional asegura que todos los datos de contacto constantes se mantengan actualizados con sus entradas de formulario<\/li>\n<li>Editar o eliminar f\u00e1cilmente contactos de contacto constantes desde formularios formidables<\/li>\n<li>Ahorre tiempo y racionalice sus esfuerzos de marketing capturando autom\u00e1ticamente los clientes potenciales en sus campa\u00f1as de marketing por correo electr\u00f3nico con formularios formidables integraci\u00f3n de contacto constante.<\/li>\n<\/ul>\n","protected":false},"excerpt":{"rendered":"<p>La integraci\u00f3n de formularios formidables con contacto constante es una soluci\u00f3n sobresaliente para los empresarios que buscan optimizar sus esfuerzos en el marketing por correo electr\u00f3nico. A trav\u00e9s de la conexi\u00f3n perfecta de su cuenta de formularios formidables con sus constantes listas de correo electr\u00f3nico de contacto, tendr\u00e1 la capacidad de adquirir sin esfuerzo nuevos prospectos y distribuir correos electr\u00f3nicos de cola personalizados a sus suscriptores. Con una variedad de caracter\u00edsticas que incluyen sincronizaci\u00f3n automatizada de la lista y notificaciones por correo electr\u00f3nico en tiempo real, esta integraci\u00f3n elimina efectivamente la cartera de la tarea de supervisar sus campa\u00f1as de correo electr\u00f3nico, lo que le permite concentrarse en la expansi\u00f3n de su empresa. \u00a1Comience su viaje hoy y experimente la conveniencia de enviar correos electr\u00f3nicos sin esfuerzo!<\/p>\n","protected":false},"featured_media":166145,"comment_status":"open","ping_status":"open","template":"","meta":[],"product_brand":[2459],"product_cat":[1216,1206,1211],"product_tag":[1509],"class_list":{"0":"post-110077","1":"product","2":"type-product","3":"status-publish","4":"has-post-thumbnail","6":"product_brand-formidable","7":"product_cat-formas","8":"product_cat-plugins","9":"product_cat-wordpress-plugins","10":"product_tag-formidable","11":"member-discount","12":"discount-restricted","14":"first","15":"instock","16":"sale","17":"downloadable","18":"virtual","19":"sold-individually","20":"purchasable","21":"product-type-simple"},"_links":{"self":[{"href":"https:\/\/gpl-love.com\/es\/wp-json\/wp\/v2\/product\/110077","targetHints":{"allow":["GET"]}}],"collection":[{"href":"https:\/\/gpl-love.com\/es\/wp-json\/wp\/v2\/product"}],"about":[{"href":"https:\/\/gpl-love.com\/es\/wp-json\/wp\/v2\/types\/product"}],"replies":[{"embeddable":true,"href":"https:\/\/gpl-love.com\/es\/wp-json\/wp\/v2\/comments?post=110077"}],"wp:featuredmedia":[{"embeddable":true,"href":"https:\/\/gpl-love.com\/es\/wp-json\/wp\/v2\/media\/166145"}],"wp:attachment":[{"href":"https:\/\/gpl-love.com\/es\/wp-json\/wp\/v2\/media?parent=110077"}],"wp:term":[{"taxonomy":"product_brand","embeddable":true,"href":"https:\/\/gpl-love.com\/es\/wp-json\/wp\/v2\/product_brand?post=110077"},{"taxonomy":"product_cat","embeddable":true,"href":"https:\/\/gpl-love.com\/es\/wp-json\/wp\/v2\/product_cat?post=110077"},{"taxonomy":"product_tag","embeddable":true,"href":"https:\/\/gpl-love.com\/es\/wp-json\/wp\/v2\/product_tag?post=110077"}],"curies":[{"name":"wp","href":"https:\/\/api.w.org\/{rel}","templated":true}]}}