{"id":110075,"date":"2024-09-10T00:00:00","date_gmt":"2024-09-10T05:00:00","guid":{"rendered":"http:\/\/gpl-love.com\/es\/producto\/formidable-forms-campaign-monitor\/"},"modified":"2026-03-09T07:35:55","modified_gmt":"2026-03-09T12:35:55","slug":"formidable-forms-campaign-monitor","status":"publish","type":"product","link":"https:\/\/gpl-love.com\/es\/producto\/formidable-forms-campaign-monitor\/","title":{"rendered":"Formidable Forms Campaign Monitor 1.06"},"content":{"rendered":"<h3>Formidable Forms Campaign Monitor Caracteristicas<\/h3>\n<p>El monitor de campa\u00f1a de formularios formidables es una soluci\u00f3n ingeniosa que ofrece a las empresas la integraci\u00f3n perfecta de sus formides formidables con la campa\u00f1a monitor. Esta herramienta excepcionalmente robusta faculta a los usuarios para crear y administrar campa\u00f1as de correo electr\u00f3nico sin esfuerzo directamente dentro del complemento de formularios formidables, facilitando as\u00ed la comunicaci\u00f3n efectiva con los clientes y los clientes potenciales. Con su interfaz notablemente f\u00e1cil de usar, plantillas personalizables y capacidades avanzadas de informes, el monitor de campa\u00f1a de formularios formidables se presenta como un m\u00e9todo confiable y altamente eficiente para optimizar los esfuerzos de marketing por correo electr\u00f3nico. Ya sea que el objetivo es expandir la base de suscriptores o intensificar el compromiso con la audiencia existente, esta integraci\u00f3n abarca todos los componentes esenciales necesarios para lograr dichos objetivos. Por lo tanto, \u00bfpor qu\u00e9 dudar m\u00e1s? \u00a1Tome la iniciativa de explorar el potencial ilimitado del monitor de campa\u00f1a de formularios formidables hoy y presenciar sus esfuerzos de marketing por correo electr\u00f3nico ascendiendo a alturas sin precedentes!<\/p>\n<ul>\n<li>-Un integraci\u00f3n perfecta entre formularios formidables y monitor de campa\u00f1a<\/li>\n<li>-Autom\u00e1ticamente, agregue nuevos suscriptores a la lista de su monitor de campa\u00f1a mientras env\u00edan un formulario de formularios formidables<\/li>\n<li>-Seleccionar qu\u00e9 lista de monitor de campa\u00f1a agregar nuevos suscriptores a<\/li>\n<li>-MAP Formidable Forms Fields a los campos de monitor de campa\u00f1a correspondientes<\/li>\n<li>-Support para campos personalizados de monitor de campa\u00f1a<\/li>\n<li>-Option para enviar un correo electr\u00f3nico de bienvenida a los nuevos suscriptores<\/li>\n<li>-Option para habilitar la doble opci\u00f3n para la protecci\u00f3n de suscriptores adicional<\/li>\n<li>-Las plantillas de correo electr\u00f3nico personalizables con un editor Wysiwyg<\/li>\n<li>-Sendes correos electr\u00f3nicos de prueba antes de enviar a sus suscriptores<\/li>\n<li>-Ascra el progreso de su campa\u00f1a de correo electr\u00f3nico con an\u00e1lisis e informes detallados<\/li>\n<li>-Agro el tiempo y el esfuerzo automatizando su generaci\u00f3n de leads y procesos de marketing por correo electr\u00f3nico.<\/li>\n<\/ul>\n","protected":false},"excerpt":{"rendered":"<p>El complemento de la campa\u00f1a de formularios formidables ofrece una soluci\u00f3n conveniente para integrar sus formularios formidables con su cuenta de monitor de campa\u00f1a, permitiendo una sincronizaci\u00f3n suave y sin esfuerzo de la informaci\u00f3n de contacto entre sus formularios y campa\u00f1as de correo electr\u00f3nico. Con la inclusi\u00f3n de este complemento, obtiene la capacidad de manejar y supervisar de manera eficiente sus campa\u00f1as de correo electr\u00f3nico, recopilando simult\u00e1neamente clientes potenciales e informaci\u00f3n valiosa de sus formularios, todo dentro de una plataforma unificada. Esto no solo permite una organizaci\u00f3n mejorada, sino que tambi\u00e9n promueve un flujo de trabajo simplificado, en \u00faltima instancia, optimizando su productividad y efectividad general con el complemento de monitor de campa\u00f1a formidable de formularios.<\/p>\n","protected":false},"featured_media":166144,"comment_status":"open","ping_status":"open","template":"","meta":[],"product_brand":[2459],"product_cat":[1216,1206,1211],"product_tag":[1509],"class_list":{"0":"post-110075","1":"product","2":"type-product","3":"status-publish","4":"has-post-thumbnail","6":"product_brand-formidable","7":"product_cat-formas","8":"product_cat-plugins","9":"product_cat-wordpress-plugins","10":"product_tag-formidable","11":"member-discount","12":"discount-restricted","14":"first","15":"instock","16":"sale","17":"downloadable","18":"virtual","19":"sold-individually","20":"purchasable","21":"product-type-simple"},"_links":{"self":[{"href":"https:\/\/gpl-love.com\/es\/wp-json\/wp\/v2\/product\/110075","targetHints":{"allow":["GET"]}}],"collection":[{"href":"https:\/\/gpl-love.com\/es\/wp-json\/wp\/v2\/product"}],"about":[{"href":"https:\/\/gpl-love.com\/es\/wp-json\/wp\/v2\/types\/product"}],"replies":[{"embeddable":true,"href":"https:\/\/gpl-love.com\/es\/wp-json\/wp\/v2\/comments?post=110075"}],"wp:featuredmedia":[{"embeddable":true,"href":"https:\/\/gpl-love.com\/es\/wp-json\/wp\/v2\/media\/166144"}],"wp:attachment":[{"href":"https:\/\/gpl-love.com\/es\/wp-json\/wp\/v2\/media?parent=110075"}],"wp:term":[{"taxonomy":"product_brand","embeddable":true,"href":"https:\/\/gpl-love.com\/es\/wp-json\/wp\/v2\/product_brand?post=110075"},{"taxonomy":"product_cat","embeddable":true,"href":"https:\/\/gpl-love.com\/es\/wp-json\/wp\/v2\/product_cat?post=110075"},{"taxonomy":"product_tag","embeddable":true,"href":"https:\/\/gpl-love.com\/es\/wp-json\/wp\/v2\/product_tag?post=110075"}],"curies":[{"name":"wp","href":"https:\/\/api.w.org\/{rel}","templated":true}]}}