{"id":110071,"date":"2022-09-27T00:00:00","date_gmt":"2022-09-27T05:00:00","guid":{"rendered":"http:\/\/gpl-love.com\/es\/producto\/formidable-forms-bootstrap-form-styling\/"},"modified":"2026-04-30T14:04:37","modified_gmt":"2026-04-30T19:04:37","slug":"formidable-bootstrap-form-styling","status":"publish","type":"product","link":"https:\/\/gpl-love.com\/es\/producto\/formidable-bootstrap-form-styling\/","title":{"rendered":"Formidable Forms Bootstrap Form Styling 1.0.3"},"content":{"rendered":"<h3>Formidable Forms Bootstrap Form Styling Caracteristicas<\/h3>\n<p>Formidable Forms Bootstrap Form Form Styling es un complemento incre\u00edblemente vers\u00e1til y din\u00e1mico que proporciona a los usuarios la capacidad de generar formas visualmente atractivas sin esfuerzo. Al ofrecer una extensa gama de caracter\u00edsticas personalizables, este complemento garantiza una experiencia de creaci\u00f3n de forma perfecta y profesional. Al admitir una variedad de tipos de formulario que van desde formularios de contacto hasta encuestas y cuestionarios, los usuarios tienen la libertad de seleccionar entre una amplia variedad de plantillas de formulario y luego adaptarlas para que se adapten a sus preferencias individuales. Sorprendentemente, este complemento ha sido meticulosamente dise\u00f1ado para integrarse perfectamente con el marco de arranque, otorgando as\u00ed a los usuarios acceso a una amplia gama de opciones de dise\u00f1o que aseguran que sus formularios se correspondan armoniosamente con la est\u00e9tica general de su sitio web. Con una interfaz f\u00e1cil de usar y una impresionante variedad de capacidades de personalizaci\u00f3n, formaciones formidables de estilo de bootstrap, indudablemente, se erige como una herramienta indispensable para las personas que buscan generar formas de primera categor\u00eda y profesionalmente pulidas.<\/p>\n<ul>\n<li>Estilos de formulario de bootstrap dise\u00f1ados y receptivos profesionalmente<\/li>\n<li>Opciones de dise\u00f1o personalizables para adaptarse a la apariencia de su marca<\/li>\n<li>Integraci\u00f3n perfecta con formas formidables para una f\u00e1cil creaci\u00f3n y gesti\u00f3n de formularios<\/li>\n<li>Compatible con ambas formularios formularios gratuitos y versiones premium<\/li>\n<li>No se requieren habilidades de codificaci\u00f3n, por lo que es accesible para todos los niveles de habilidad.<\/li>\n<li>Soluci\u00f3n que ahorra tiempo para crear formas hermosas y efectivas<\/li>\n<li>Aumento de las conversiones y la participaci\u00f3n del usuario con formularios visualmente atractivos<\/li>\n<li>Actualizaciones y soporte regulares para garantizar la compatibilidad con las \u00faltimas versiones de formularios formidables y marco de arranque.<\/li>\n<\/ul>\n","protected":false},"excerpt":{"rendered":"<p>Puede elevar la apariencia de sus formularios est\u00e1ndar de WordPress a un nivel m\u00e1s sofisticado y contempor\u00e1neo utilizando el estilo de formulario de bootstrap de formularios formidables de entrada. Este complemento ofrece una experiencia f\u00e1cil de usar, lo que le permite personalizar el estilo y el arreglo de sus formularios de acuerdo con la est\u00e9tica \u00fanica de marca y dise\u00f1o de su sitio web. En consecuencia, es una soluci\u00f3n ideal para empresas e instituciones que buscan mejorar la eficiencia y la cohesi\u00f3n de su presencia en l\u00ednea. Con una variedad de posibilidades de personalizaci\u00f3n y una interfaz intuitiva, Formidable Forms Bootstrap Form Styling es un recurso esencial para cualquier usuario de WordPress con el objetivo de elevar la calidad de sus formularios a un est\u00e1ndar m\u00e1s alto.<\/p>\n","protected":false},"featured_media":166142,"comment_status":"open","ping_status":"closed","template":"","meta":[],"product_brand":[2459],"product_cat":[1216,1206,1211],"product_tag":[1509],"class_list":{"0":"post-110071","1":"product","2":"type-product","3":"status-publish","4":"has-post-thumbnail","6":"product_brand-formidable","7":"product_cat-formas","8":"product_cat-plugins","9":"product_cat-wordpress-plugins","10":"product_tag-formidable","11":"member-discount","12":"discount-restricted","14":"first","15":"instock","16":"sale","17":"downloadable","18":"virtual","19":"sold-individually","20":"purchasable","21":"product-type-simple"},"_links":{"self":[{"href":"https:\/\/gpl-love.com\/es\/wp-json\/wp\/v2\/product\/110071","targetHints":{"allow":["GET"]}}],"collection":[{"href":"https:\/\/gpl-love.com\/es\/wp-json\/wp\/v2\/product"}],"about":[{"href":"https:\/\/gpl-love.com\/es\/wp-json\/wp\/v2\/types\/product"}],"replies":[{"embeddable":true,"href":"https:\/\/gpl-love.com\/es\/wp-json\/wp\/v2\/comments?post=110071"}],"wp:featuredmedia":[{"embeddable":true,"href":"https:\/\/gpl-love.com\/es\/wp-json\/wp\/v2\/media\/166142"}],"wp:attachment":[{"href":"https:\/\/gpl-love.com\/es\/wp-json\/wp\/v2\/media?parent=110071"}],"wp:term":[{"taxonomy":"product_brand","embeddable":true,"href":"https:\/\/gpl-love.com\/es\/wp-json\/wp\/v2\/product_brand?post=110071"},{"taxonomy":"product_cat","embeddable":true,"href":"https:\/\/gpl-love.com\/es\/wp-json\/wp\/v2\/product_cat?post=110071"},{"taxonomy":"product_tag","embeddable":true,"href":"https:\/\/gpl-love.com\/es\/wp-json\/wp\/v2\/product_tag?post=110071"}],"curies":[{"name":"wp","href":"https:\/\/api.w.org\/{rel}","templated":true}]}}