{"id":110069,"date":"2025-06-24T00:00:00","date_gmt":"2025-06-24T05:00:00","guid":{"rendered":"http:\/\/gpl-love.com\/es\/producto\/formidable-forms-action-automation-addon\/"},"modified":"2026-03-09T07:35:51","modified_gmt":"2026-03-09T12:35:51","slug":"formidable-forms-action-automation-addon","status":"publish","type":"product","link":"https:\/\/gpl-love.com\/es\/producto\/formidable-forms-action-automation-addon\/","title":{"rendered":"Formidable Forms Action Automation Addon 2.0.9"},"content":{"rendered":"<h3>Formidable Forms Action Automation Addon Caracteristicas<\/h3>\n<p>El complemento de automatizaci\u00f3n de acci\u00f3n formidable es una herramienta incre\u00edblemente robusta y eficiente que sirve para automatizar varias acciones cruciales en su sitio web de WordPress. Este notable complemento le permite automatizar sin esfuerzo una multitud de tareas, incluido el env\u00edo de correos electr\u00f3nicos, la actualizaci\u00f3n de registros o incluso la creaci\u00f3n de publicaciones, todo basado en env\u00edos de usuarios. Su compatibilidad perfecta con formularios formidables garantiza que pueda establecer y ejecutar sin esfuerzo flujos de trabajo intrincados, automatizando y optimizando as\u00ed sus procesos comerciales. Con una interfaz que es f\u00e1cil de usar e intuitiva, as\u00ed como una gran cantidad de herramientas que son incre\u00edblemente f\u00e1ciles de navegar y utilizar, los formularios de automatizaci\u00f3n de acci\u00f3n de formularios representa el ep\u00edtome de la eficiencia y la efectividad para cualquier persona que busque optimizar su sitio web y mejorar su flujo de trabajo general. Por lo tanto, si se encuentra en busca de una herramienta de automatizaci\u00f3n que no solo es inmensamente potente sino que tambi\u00e9n es muy f\u00e1cil de usar para su sitio web de WordPress, realmente no es necesario parecer m\u00e1s all\u00e1 del complemento de Automation de Action Automation de Formidable Forms Incomidable.<\/p>\n<ul>\n<li>Automatizar acciones basadas en env\u00edos de formularios<\/li>\n<li>Permite que la l\u00f3gica condicional desencadene diferentes acciones<\/li>\n<li>Se integra con los populares servicios de marketing por correo electr\u00f3nico como MailChimp y Constant Contact<\/li>\n<li>Ofrece funcionalidad webhook para conectarse con otros software y servicios<\/li>\n<li>Admite la creaci\u00f3n de acciones personalizadas utilizando fragmentos de c\u00f3digo<\/li>\n<li>Proporciona registro detallado e informes de errores para la resoluci\u00f3n de problemas<\/li>\n<li>Incluye una variedad de acciones preconstruidas, como redirigir a una p\u00e1gina de agradecimiento o enviar un correo electr\u00f3nico de confirmaci\u00f3n<\/li>\n<li>Habilita la programaci\u00f3n de acciones para una fecha y hora espec\u00edficas<\/li>\n<li>Interfaz f\u00e1cil de usar para configurar acciones sin codificar el conocimiento<\/li>\n<li>Equipo de apoyo receptivo para asistencia con la configuraci\u00f3n y la personalizaci\u00f3n.<\/li>\n<\/ul>\n","protected":false},"excerpt":{"rendered":"<p>El complemento de automatizaci\u00f3n de Action Formidable Forms, una soluci\u00f3n altamente potente para la automatizaci\u00f3n de los env\u00edos de formulario, ofrece una variedad de funcionalidades que se pueden configurar f\u00e1cilmente para ejecutarse al enviar el formulario. Estas funcionalidades abarcan una amplia gama de acciones, que incluyen, entre otros, el env\u00edo de correo electr\u00f3nico, la creaci\u00f3n de tareas y las actualizaciones de registro. Al incorporar este complemento en su flujo de trabajo, puede simplificar y acelerar sus procesos eliminando la necesidad de entrada de datos manuales y otras tareas mon\u00f3tonas. Adem\u00e1s, la interfaz f\u00e1cil de usar y las opciones personalizables permiten la personalizaci\u00f3n sin esfuerzo de este complemento para satisfacer los requisitos espec\u00edficos de su negocio. Independientemente de si usted es un emprendedor con una empresa a peque\u00f1a escala o un conglomerado, el complemento de automatizaci\u00f3n de acci\u00f3n de formularios formidables es una herramienta indispensable para la optimizaci\u00f3n de sus env\u00edos de formulario.<\/p>\n","protected":false},"featured_media":166141,"comment_status":"open","ping_status":"open","template":"","meta":[],"product_brand":[2459],"product_cat":[1216,1206,1211],"product_tag":[1509],"class_list":{"0":"post-110069","1":"product","2":"type-product","3":"status-publish","4":"has-post-thumbnail","6":"product_brand-formidable","7":"product_cat-formas","8":"product_cat-plugins","9":"product_cat-wordpress-plugins","10":"product_tag-formidable","11":"member-discount","12":"discount-restricted","14":"first","15":"instock","16":"sale","17":"downloadable","18":"virtual","19":"sold-individually","20":"purchasable","21":"product-type-simple"},"_links":{"self":[{"href":"https:\/\/gpl-love.com\/es\/wp-json\/wp\/v2\/product\/110069","targetHints":{"allow":["GET"]}}],"collection":[{"href":"https:\/\/gpl-love.com\/es\/wp-json\/wp\/v2\/product"}],"about":[{"href":"https:\/\/gpl-love.com\/es\/wp-json\/wp\/v2\/types\/product"}],"replies":[{"embeddable":true,"href":"https:\/\/gpl-love.com\/es\/wp-json\/wp\/v2\/comments?post=110069"}],"wp:featuredmedia":[{"embeddable":true,"href":"https:\/\/gpl-love.com\/es\/wp-json\/wp\/v2\/media\/166141"}],"wp:attachment":[{"href":"https:\/\/gpl-love.com\/es\/wp-json\/wp\/v2\/media?parent=110069"}],"wp:term":[{"taxonomy":"product_brand","embeddable":true,"href":"https:\/\/gpl-love.com\/es\/wp-json\/wp\/v2\/product_brand?post=110069"},{"taxonomy":"product_cat","embeddable":true,"href":"https:\/\/gpl-love.com\/es\/wp-json\/wp\/v2\/product_cat?post=110069"},{"taxonomy":"product_tag","embeddable":true,"href":"https:\/\/gpl-love.com\/es\/wp-json\/wp\/v2\/product_tag?post=110069"}],"curies":[{"name":"wp","href":"https:\/\/api.w.org\/{rel}","templated":true}]}}