{"id":110067,"date":"2021-02-09T00:00:00","date_gmt":"2021-02-09T05:00:00","guid":{"rendered":"http:\/\/gpl-love.com\/es\/producto\/facetwp-user-post-type\/"},"modified":"2026-03-09T07:34:33","modified_gmt":"2026-03-09T12:34:33","slug":"facetwp-user-post-type","status":"publish","type":"product","link":"https:\/\/gpl-love.com\/es\/producto\/facetwp-user-post-type\/","title":{"rendered":"FacetWP User Post Type 0.7.2"},"content":{"rendered":"<h3>FacetWP User Post Type Caracteristicas<\/h3>\n<p>El tipo de publicaci\u00f3n de usuario FACETWP es una herramienta incre\u00edblemente potente que ofrece a los usuarios la capacidad de generar tipos de publicaci\u00f3n personalizados para su sitio de WordPress. Este complemento innovador permite la adici\u00f3n perfecta de nuevos tipos de publicaci\u00f3n, la personalizaci\u00f3n de plantillas de publicaci\u00f3n y la creaci\u00f3n de campos personalizados que est\u00e1n espec\u00edficamente dise\u00f1ados para recopilar la informaci\u00f3n necesaria de los usuarios. La interfaz de usuario de este complemento es incre\u00edblemente intuitiva, lo que hace que sea f\u00e1cil de navegar. Adem\u00e1s, las opciones de configuraci\u00f3n flexibles proporcionadas por el tipo de publicaci\u00f3n de usuario FACETWP permiten una experiencia verdaderamente personalizada, lo que permite a los usuarios adaptar su sitio para satisfacer sus necesidades \u00fanicas. Ya sea que uno est\u00e9 construyendo un blog, cartera o sitio de comercio electr\u00f3nico, este complemento es una herramienta indispensable que garantiza una presencia en l\u00ednea profesional y personalizada. No dude m\u00e1s: aproveche la oportunidad de revolucionar su sitio de WordPress descargando el tipo de publicaci\u00f3n de usuario FACETWP hoy y comience a crear tipos de publicaciones personalizados impresionantemente hermosos.<\/p>\n<ul>\n<li>El tipo de publicaci\u00f3n de usuario FACETWP permite a los usuarios clasificar y filtrar f\u00e1cilmente publicaciones de acuerdo con campos personalizados, taxonom\u00edas y otros datos.<\/li>\n<li>Con el tipo de publicaci\u00f3n de usuario FACETWP, los usuarios pueden crear tipos de publicaciones personalizados con sus propios campos y configuraciones \u00fanicos para organizar y optimizar mejor su contenido.<\/li>\n<li>El complemento incluye varias herramientas y caracter\u00edsticas potentes para ayudar a los usuarios a construir funcionalidades robustas y de filtrado din\u00e1mico para sus publicaciones.<\/li>\n<li>Los usuarios pueden crear una amplia gama de facetas y filtros, incluidos desplegables, casillas de verificaci\u00f3n, rangos y m\u00e1s, para ayudar a los espectadores a encontrar r\u00e1pidamente el contenido que est\u00e1n buscando.<\/li>\n<li>El tipo de publicaci\u00f3n de usuario FACETWP se integra perfectamente con los sistemas de administraci\u00f3n de contenido populares como WordPress, lo que facilita el uso y personalizaci\u00f3n independientemente de la experiencia t\u00e9cnica.<\/li>\n<li>El complemento es actualizado y compatible regularmente por un equipo dedicado de desarrolladores, asegurando que los usuarios siempre puedan confiar en \u00e9l para ofrecer resultados consistentes y confiables.<\/li>\n<li>En \u00faltima instancia, el tipo de publicaci\u00f3n de usuario FACETWP es una herramienta esencial para cualquier persona que busque maximizar la utilidad y la funcionalidad de sus publicaciones al tiempo que mejora la experiencia del usuario para sus espectadores.<\/li>\n<\/ul>\n","protected":false},"excerpt":{"rendered":"<p>El complemento de Tipo de publicaci\u00f3n de usuario FACETWP es una herramienta altamente eficiente que permite a los usuarios filtrar y refinar sin esfuerzo sus resultados de b\u00fasqueda para tipos de publicaci\u00f3n personalizados. Al aprovechar todo el potencial de esta herramienta robusta, podr\u00e1 construir sin esfuerzo una experiencia de b\u00fasqueda intuitiva para los usuarios, simplificando as\u00ed el proceso de localizaci\u00f3n del contenido deseado. Independientemente de si est\u00e1 supervisando un blog o una tienda en l\u00ednea, el complemento de Tipo de publicaci\u00f3n de usuario FACETWP puede proporcionar a su sitio web una ventaja altamente personalizable y en evoluci\u00f3n din\u00e1mica. En consecuencia, si est\u00e1 buscando elevar las capacidades de b\u00fasqueda de su sitio web, este complemento es inequ\u00edvocamente la soluci\u00f3n ideal para usted.<\/p>\n","protected":false},"featured_media":166089,"comment_status":"open","ping_status":"open","template":"","meta":[],"product_brand":[2447],"product_cat":[1214,1206,1211],"product_tag":[1507],"class_list":{"0":"post-110067","1":"product","2":"type-product","3":"status-publish","4":"has-post-thumbnail","6":"product_brand-facetwp","7":"product_cat-personalizacion","8":"product_cat-plugins","9":"product_cat-wordpress-plugins","10":"product_tag-facetwp","11":"member-discount","12":"discount-restricted","14":"first","15":"instock","16":"sale","17":"downloadable","18":"virtual","19":"sold-individually","20":"purchasable","21":"product-type-simple"},"_links":{"self":[{"href":"https:\/\/gpl-love.com\/es\/wp-json\/wp\/v2\/product\/110067","targetHints":{"allow":["GET"]}}],"collection":[{"href":"https:\/\/gpl-love.com\/es\/wp-json\/wp\/v2\/product"}],"about":[{"href":"https:\/\/gpl-love.com\/es\/wp-json\/wp\/v2\/types\/product"}],"replies":[{"embeddable":true,"href":"https:\/\/gpl-love.com\/es\/wp-json\/wp\/v2\/comments?post=110067"}],"wp:featuredmedia":[{"embeddable":true,"href":"https:\/\/gpl-love.com\/es\/wp-json\/wp\/v2\/media\/166089"}],"wp:attachment":[{"href":"https:\/\/gpl-love.com\/es\/wp-json\/wp\/v2\/media?parent=110067"}],"wp:term":[{"taxonomy":"product_brand","embeddable":true,"href":"https:\/\/gpl-love.com\/es\/wp-json\/wp\/v2\/product_brand?post=110067"},{"taxonomy":"product_cat","embeddable":true,"href":"https:\/\/gpl-love.com\/es\/wp-json\/wp\/v2\/product_cat?post=110067"},{"taxonomy":"product_tag","embeddable":true,"href":"https:\/\/gpl-love.com\/es\/wp-json\/wp\/v2\/product_tag?post=110067"}],"curies":[{"name":"wp","href":"https:\/\/api.w.org\/{rel}","templated":true}]}}