{"id":110065,"date":"2024-12-17T00:00:00","date_gmt":"2024-12-17T05:00:00","guid":{"rendered":"http:\/\/gpl-love.com\/es\/producto\/facetwp-time-since\/"},"modified":"2026-03-09T07:34:31","modified_gmt":"2026-03-09T12:34:31","slug":"facetwp-time-since","status":"publish","type":"product","link":"https:\/\/gpl-love.com\/es\/producto\/facetwp-time-since\/","title":{"rendered":"FacetWP Time Since 1.7.2"},"content":{"rendered":"<h3>FacetWP Time Since Caracteristicas<\/h3>\n<p>El tiempo FACETWP ya es una herramienta extremadamente robusta y efectiva que presenta un enfoque innovador para la filtraci\u00f3n de contenido basado en factores temporales, otorgando as\u00ed a los usuarios un medio optimizado y altamente eficiente para buscar informaci\u00f3n pertinente. Este complemento excepcional permite a los usuarios examinar sin esfuerzo a trav\u00e9s del contenido al medir la duraci\u00f3n desde su publicaci\u00f3n o modificaci\u00f3n, facilitando as\u00ed el descubrimiento de los elementos m\u00e1s recientes o actualizados. Desde entonces, a los usuarios se les otorga a los usuarios la capacidad de fabricar facetas personalizadas que pueden integrarse perfectamente en las consultas de b\u00fasqueda, lo que proporciona una experiencia de b\u00fasqueda profundamente personalizada y supremamente eficiente. Independientemente de si se busca publicaciones de blog, art\u00edculos de noticias o cualquier otra variedad de contenido, este complemento incomparable hace que la tarea de desenterrar la informaci\u00f3n deseada sea absoluta.<\/p>\n<ul>\n<li>Opciones de filtrado din\u00e1mico para contenido basado en una fecha<\/li>\n<li>Permite a los usuarios filtrar el contenido en funci\u00f3n del tiempo desde la creaci\u00f3n, la modificaci\u00f3n o la publicaci\u00f3n<\/li>\n<li>Interfaz intuitiva para seleccionar y ajustar f\u00e1cilmente rangos de fecha<\/li>\n<li>Proporciona flexibilidad para mostrar contenido filtrado por minutos, horas, d\u00edas, semanas, meses o a\u00f1os<\/li>\n<li>Se puede utilizar junto con otros filtros FACETWP para crear experiencias de b\u00fasqueda personalizadas<\/li>\n<li>Soporte incorporado para plataformas populares de sistemas de gesti\u00f3n de contenido como WordPress y Shopify<\/li>\n<li>Compatible con una variedad de fuentes de datos, incluidos campos personalizados, taxonom\u00edas y tipos de publicaciones<\/li>\n<li>Ofrece capacidades de b\u00fasqueda y filtrado r\u00e1pidas y eficientes, reduciendo los tiempos de carga y mejorando la experiencia del usuario.<\/li>\n<\/ul>\n","protected":false},"excerpt":{"rendered":"<p>El tiempo FACETWP desde que el complemento cuenta con una impresionante variedad de caracter\u00edsticas que capacitan a los usuarios para filtrar y exhibir el contenido de manera efectiva en funci\u00f3n de su recencia. Esta herramienta excepcional resulta particularmente beneficiosa para los sitios web que dependen en gran medida de la afluencia constante de contenido fresco. Al integrar este complemento en su plataforma, los usuarios reciben un m\u00e9todo conveniente y expedito para presentar sus publicaciones, productos o eventos m\u00e1s recientes. La versatilidad del tiempo FACETWP ya que realmente brilla a trav\u00e9s de su capacidad para facilitar la creaci\u00f3n de filtros personalizados orientados al tiempo, lo que permite a los usuarios organizar su contenido sin esfuerzo por horas, d\u00edas, meses o incluso a\u00f1os. Ya sea que sea un emprendedor de comercio electr\u00f3nico, busque ansiosamente mostrar sus \u00faltimas ofertas de productos o un blogger apasionado, firme en su compromiso de cautivar y retener a sus lectores, FaceWp Time ya que cumple inequ\u00edvocamente sus requisitos y supera las expectativas.<\/p>\n","protected":false},"featured_media":166088,"comment_status":"open","ping_status":"open","template":"","meta":[],"product_brand":[2447],"product_cat":[1214,1206,1211],"product_tag":[1507],"class_list":{"0":"post-110065","1":"product","2":"type-product","3":"status-publish","4":"has-post-thumbnail","6":"product_brand-facetwp","7":"product_cat-personalizacion","8":"product_cat-plugins","9":"product_cat-wordpress-plugins","10":"product_tag-facetwp","11":"member-discount","12":"discount-restricted","14":"first","15":"instock","16":"sale","17":"downloadable","18":"virtual","19":"sold-individually","20":"purchasable","21":"product-type-simple"},"_links":{"self":[{"href":"https:\/\/gpl-love.com\/es\/wp-json\/wp\/v2\/product\/110065","targetHints":{"allow":["GET"]}}],"collection":[{"href":"https:\/\/gpl-love.com\/es\/wp-json\/wp\/v2\/product"}],"about":[{"href":"https:\/\/gpl-love.com\/es\/wp-json\/wp\/v2\/types\/product"}],"replies":[{"embeddable":true,"href":"https:\/\/gpl-love.com\/es\/wp-json\/wp\/v2\/comments?post=110065"}],"wp:featuredmedia":[{"embeddable":true,"href":"https:\/\/gpl-love.com\/es\/wp-json\/wp\/v2\/media\/166088"}],"wp:attachment":[{"href":"https:\/\/gpl-love.com\/es\/wp-json\/wp\/v2\/media?parent=110065"}],"wp:term":[{"taxonomy":"product_brand","embeddable":true,"href":"https:\/\/gpl-love.com\/es\/wp-json\/wp\/v2\/product_brand?post=110065"},{"taxonomy":"product_cat","embeddable":true,"href":"https:\/\/gpl-love.com\/es\/wp-json\/wp\/v2\/product_cat?post=110065"},{"taxonomy":"product_tag","embeddable":true,"href":"https:\/\/gpl-love.com\/es\/wp-json\/wp\/v2\/product_tag?post=110065"}],"curies":[{"name":"wp","href":"https:\/\/api.w.org\/{rel}","templated":true}]}}