{"id":110063,"date":"2024-05-12T00:00:00","date_gmt":"2024-05-12T05:00:00","guid":{"rendered":"http:\/\/gpl-love.com\/es\/producto\/facetwp-relevanssi-integration\/"},"modified":"2026-03-09T07:34:29","modified_gmt":"2026-03-09T12:34:29","slug":"facetwp-relevanssi-integration","status":"publish","type":"product","link":"https:\/\/gpl-love.com\/es\/producto\/facetwp-relevanssi-integration\/","title":{"rendered":"FacetWP Relevanssi Integration 0.8.2"},"content":{"rendered":"<h3>FacetWP Relevanssi Integration Caracteristicas<\/h3>\n<p>La integraci\u00f3n conocida como integraci\u00f3n de FacetWP Relevanssi es una herramienta incre\u00edblemente robusta y potente que mejora en gran medida la funcionalidad de b\u00fasqueda de los sitios web de WordPress. Al fusionar efectivamente dos de los complementos de WordPress m\u00e1s utilizados, a saber, FACETWP y RELAVANSSI, esta integraci\u00f3n ofrece a los usuarios una experiencia de b\u00fasqueda altamente avanzada y sofisticada. A trav\u00e9s de la utilizaci\u00f3n de este complemento, los usuarios est\u00e1n facultados para crear filtros de b\u00fasqueda din\u00e1micos sin esfuerzo para su sitio de WordPress, lo que facilita un proceso de descubrimiento de contenido m\u00e1s optimizado y eficiente para los visitantes. Adem\u00e1s, la integraci\u00f3n aprovecha los algoritmos de b\u00fasqueda avanzados que generan efectivamente los resultados de b\u00fasqueda que son notablemente m\u00e1s pertinentes y pertinentes a la consulta del usuario. En consecuencia, los propietarios de sitios de WordPress que incorporan la integraci\u00f3n FACETWP Relevanssi en su sitio web inevitablemente presenciar\u00e1n una mejora en la funcionalidad de b\u00fasqueda general, lo que conducir\u00e1 a una experiencia de usuario m\u00e1s gratificante y atractiva.<\/p>\n<ul>\n<li>Integre perfectamente FACETWP y RELAVANSSI para mejorar la funci\u00f3n de b\u00fasqueda en su sitio web.<\/li>\n<li>Mejore la experiencia del usuario con resultados de b\u00fasqueda m\u00e1s r\u00e1pidos y precisos.<\/li>\n<li>Personalice sus resultados de b\u00fasqueda priorizando ciertos campos o tipos de publicaciones.<\/li>\n<li>Utilice las potentes capacidades de filtrado de FacetWP para refinar a\u00fan m\u00e1s los resultados de b\u00fasqueda.<\/li>\n<li>No se requieren habilidades de codificaci\u00f3n, f\u00e1cil instalaci\u00f3n y configuraci\u00f3n.<\/li>\n<\/ul>\n","protected":false},"excerpt":{"rendered":"<p>La integraci\u00f3n de FACETWP con el complemento RelElssi para la b\u00fasqueda avanzada provoca una mejora notable para la funcionalidad de b\u00fasqueda de su sitio web. Esta poderosa herramienta faculta a sus usuarios para ubicar sin esfuerzo el contenido espec\u00edfico que buscan, independientemente de la complejidad de su consulta. Al habilitar el mapeo y la coincidencia de los \u00edndices de b\u00fasqueda, esta integraci\u00f3n garantiza el logro de resultados de b\u00fasqueda superiores. Adem\u00e1s, proporciona una interfaz altamente f\u00e1cil de usar para una exploraci\u00f3n de contenido sin problemas. Aprovechando las capacidades de la integraci\u00f3n FACETWP Relevanssi, tiene la capacidad de aumentar significativamente la funcionalidad y la experiencia general del usuario de la funci\u00f3n de b\u00fasqueda de su sitio web.<\/p>\n","protected":false},"featured_media":166087,"comment_status":"open","ping_status":"open","template":"","meta":[],"product_brand":[2447],"product_cat":[1214,1206,1211],"product_tag":[1507],"class_list":{"0":"post-110063","1":"product","2":"type-product","3":"status-publish","4":"has-post-thumbnail","6":"product_brand-facetwp","7":"product_cat-personalizacion","8":"product_cat-plugins","9":"product_cat-wordpress-plugins","10":"product_tag-facetwp","11":"member-discount","12":"discount-restricted","14":"first","15":"instock","16":"sale","17":"downloadable","18":"virtual","19":"sold-individually","20":"purchasable","21":"product-type-simple"},"_links":{"self":[{"href":"https:\/\/gpl-love.com\/es\/wp-json\/wp\/v2\/product\/110063","targetHints":{"allow":["GET"]}}],"collection":[{"href":"https:\/\/gpl-love.com\/es\/wp-json\/wp\/v2\/product"}],"about":[{"href":"https:\/\/gpl-love.com\/es\/wp-json\/wp\/v2\/types\/product"}],"replies":[{"embeddable":true,"href":"https:\/\/gpl-love.com\/es\/wp-json\/wp\/v2\/comments?post=110063"}],"wp:featuredmedia":[{"embeddable":true,"href":"https:\/\/gpl-love.com\/es\/wp-json\/wp\/v2\/media\/166087"}],"wp:attachment":[{"href":"https:\/\/gpl-love.com\/es\/wp-json\/wp\/v2\/media?parent=110063"}],"wp:term":[{"taxonomy":"product_brand","embeddable":true,"href":"https:\/\/gpl-love.com\/es\/wp-json\/wp\/v2\/product_brand?post=110063"},{"taxonomy":"product_cat","embeddable":true,"href":"https:\/\/gpl-love.com\/es\/wp-json\/wp\/v2\/product_cat?post=110063"},{"taxonomy":"product_tag","embeddable":true,"href":"https:\/\/gpl-love.com\/es\/wp-json\/wp\/v2\/product_tag?post=110063"}],"curies":[{"name":"wp","href":"https:\/\/api.w.org\/{rel}","templated":true}]}}