{"id":110061,"date":"2026-03-25T00:00:00","date_gmt":"2026-03-25T05:00:00","guid":{"rendered":"http:\/\/gpl-love.com\/es\/producto\/facetwp-range-list\/"},"modified":"2026-03-25T17:15:41","modified_gmt":"2026-03-25T22:15:41","slug":"facetwp-range-list","status":"publish","type":"product","link":"https:\/\/gpl-love.com\/es\/producto\/facetwp-range-list\/","title":{"rendered":"FacetWP Range List 0.9.2"},"content":{"rendered":"<h3>FacetWP Range List Caracteristicas<\/h3>\n<p>La lista de rango FACETWP es una herramienta de entrada extremadamente potente que aprovecha a los usuarios con una amplia gama de opciones para filtrar y clasificar datos de manera exhaustiva. Al utilizar esta entrada, los usuarios pueden generar sin esfuerzo una compilaci\u00f3n personalizada de valores que se pueden emplear de manera efectiva para filtrar los resultados de b\u00fasqueda basados \u200b\u200ben criterios expl\u00edcitos. Esta herramienta resulta especialmente invaluable para las personas que lidian con extensos conjuntos de datos que requieren datos de filtraci\u00f3n y clasificaci\u00f3n sin esfuerzo basados \u200b\u200ben rangos espec\u00edficos. Ya sea que est\u00e9 en el proceso de construir un motor de b\u00fasqueda o una aplicaci\u00f3n dependiendo de los datos, la lista de rango FACETWP es una herramienta indispensable que le permitir\u00e1 administrar con suerte los conjuntos de datos complejos con la mayor facilidad.<\/p>\n<ul>\n<li>La lista de rango FACETWP es una herramienta de b\u00fasqueda poderosa y flexible que permite a los usuarios filtrar y ordenar datos basados \u200b\u200ben rangos num\u00e9ricos.<\/li>\n<li>La herramienta incluye un control deslizante de rango personalizable que permite a los usuarios ajustar de manera r\u00e1pida y f\u00e1cil sus criterios de b\u00fasqueda.<\/li>\n<li>La lista de rango es altamente configurable, lo que permite a los desarrolladores personalizar su apariencia y funcionalidad para satisfacer sus necesidades.<\/li>\n<li>Con soporte para una amplia gama de formatos de datos, incluidos texto, n\u00fameros y fechas, la lista de rango es adecuada para una variedad de aplicaciones e industrias.<\/li>\n<li>La herramienta tambi\u00e9n presenta opciones de filtrado avanzado, incluida la capacidad de establecer valores predeterminados y excluir ciertos rangos de los resultados de b\u00fasqueda.<\/li>\n<li>Con una integraci\u00f3n simple en cualquier sitio de WordPress utilizando el complemento FACETWP, la lista de rango ofrece una experiencia de b\u00fasqueda simplificada y eficiente para los usuarios.<\/li>\n<\/ul>\n","protected":false},"excerpt":{"rendered":"<p>La lista de rango FACETWP, una herramienta formidable utilizada con el fin de filtrar y organizar datos en su estimado sitio web, posee capacidades incomparables. Equipado con una interfaz que es f\u00e1cil de usar y f\u00e1cilmente comprensible, junto con controles que exhiben un sentido innato de intuici\u00f3n, esta herramienta le permite establecer sin esfuerzo filtros de rango avanzado, otorgando as\u00ed a sus estimados visitantes la capacidad de buscar productos o art\u00edculos depredados. sobre un rango espec\u00edfico de valor, como precio, peso, altura o cantidad. La lista de rango, una entidad maleable que es totalmente personalizable, le permite adaptarla de tal manera que se alinee impecablemente con la est\u00e9tica y el ambiente general de su apreciado sitio web. Entregado en el uso de la lista de rango FACETWP, inevitablemente ser\u00e1 testigo de la elevaci\u00f3n de su experiencia de usuario, ya que permite la provisi\u00f3n de resultados de b\u00fasqueda r\u00e1pidos y precisos que seguramente evocar\u00e1n la adoraci\u00f3n de sus estimados visitantes.<\/p>\n","protected":false},"featured_media":166085,"comment_status":"open","ping_status":"open","template":"","meta":[],"product_brand":[2447],"product_cat":[1214,1206,1211],"product_tag":[1507],"class_list":{"0":"post-110061","1":"product","2":"type-product","3":"status-publish","4":"has-post-thumbnail","6":"product_brand-facetwp","7":"product_cat-personalizacion","8":"product_cat-plugins","9":"product_cat-wordpress-plugins","10":"product_tag-facetwp","11":"member-discount","12":"discount-restricted","14":"first","15":"instock","16":"sale","17":"downloadable","18":"virtual","19":"sold-individually","20":"purchasable","21":"product-type-simple"},"_links":{"self":[{"href":"https:\/\/gpl-love.com\/es\/wp-json\/wp\/v2\/product\/110061","targetHints":{"allow":["GET"]}}],"collection":[{"href":"https:\/\/gpl-love.com\/es\/wp-json\/wp\/v2\/product"}],"about":[{"href":"https:\/\/gpl-love.com\/es\/wp-json\/wp\/v2\/types\/product"}],"replies":[{"embeddable":true,"href":"https:\/\/gpl-love.com\/es\/wp-json\/wp\/v2\/comments?post=110061"}],"wp:featuredmedia":[{"embeddable":true,"href":"https:\/\/gpl-love.com\/es\/wp-json\/wp\/v2\/media\/166085"}],"wp:attachment":[{"href":"https:\/\/gpl-love.com\/es\/wp-json\/wp\/v2\/media?parent=110061"}],"wp:term":[{"taxonomy":"product_brand","embeddable":true,"href":"https:\/\/gpl-love.com\/es\/wp-json\/wp\/v2\/product_brand?post=110061"},{"taxonomy":"product_cat","embeddable":true,"href":"https:\/\/gpl-love.com\/es\/wp-json\/wp\/v2\/product_cat?post=110061"},{"taxonomy":"product_tag","embeddable":true,"href":"https:\/\/gpl-love.com\/es\/wp-json\/wp\/v2\/product_tag?post=110061"}],"curies":[{"name":"wp","href":"https:\/\/api.w.org\/{rel}","templated":true}]}}