{"id":110059,"date":"2022-08-16T00:00:00","date_gmt":"2022-08-16T05:00:00","guid":{"rendered":"http:\/\/gpl-love.com\/es\/producto\/facetwp-pods-integration\/"},"modified":"2026-03-09T07:34:24","modified_gmt":"2026-03-09T12:34:24","slug":"facetwp-pods-integration","status":"publish","type":"product","link":"https:\/\/gpl-love.com\/es\/producto\/facetwp-pods-integration\/","title":{"rendered":"FacetWP Pods Integration 1.2.4"},"content":{"rendered":"<h3>FacetWP Pods Integration Caracteristicas<\/h3>\n<p>La integraci\u00f3n de PODS FACETWP presenta una herramienta inmensamente potente que faculta a los propietarios de sitios web para amalgamar a FACETWP con PODS. La incorporaci\u00f3n de esta integraci\u00f3n otorga a los propietarios del sitio web la notable capacidad de forjar tipos de publicaci\u00f3n personalizados y campos personalizados a trav\u00e9s de la utilizaci\u00f3n de POD, lo que les permite emplear dichos campos personalizados como filtros para sus b\u00fasquedas faciales con FACETWP. Al aprovechar esta herramienta excepcional, los propietarios de sitios web pueden establecer sin esfuerzo la funcionalidad de b\u00fasqueda facetada en sus respectivos sitios web, proporcionando as\u00ed a sus usuarios la mayor comodidad de filtrar contenido basado en criterios extremadamente espec\u00edficos. En particular, esta integraci\u00f3n otorga a\u00fan m\u00e1s a los propietarios de sitios web la invaluable capacidad para realizar b\u00fasquedas avanzadas, que abarca la notable destreza para profundizar en campos y taxonom\u00edas personalizadas. No hace falta decir que esta herramienta es una necesidad absoluta para los propietarios de sitios web que aspiran a elevar su funcionalidad de b\u00fasqueda a alturas incomparables.<\/p>\n<ul>\n<li>Integraci\u00f3n mejorada entre FACETWP y PODS<\/li>\n<li>Capacidades de b\u00fasqueda y filtrado simplificadas<\/li>\n<li>Experiencia de usuario mejorada con interfaz intuitiva<\/li>\n<li>Mayor eficiencia en la gesti\u00f3n de grandes conjuntos de datos<\/li>\n<li>Capacidad para personalizar y mostrar datos de varias maneras<\/li>\n<li>Compatibilidad perfecta con la plataforma de WordPress<\/li>\n<li>Actualizaciones regulares y atenci\u00f3n al cliente del equipo FACETWP<\/li>\n<li>Gesti\u00f3n simplificada de estructuras de datos complejas<\/li>\n<li>Mayor flexibilidad en el dise\u00f1o y la visualizaci\u00f3n de contenido web<\/li>\n<\/ul>\n","protected":false},"excerpt":{"rendered":"<p>La notable y altamente eficiente integraci\u00f3n de pods FACETWP es una herramienta realmente invaluable que le permite incorporar sin esfuerzo y sin problemas sus datos de pods preciosos e invaluables en la plataforma FACETWP excepcionalmente potente y din\u00e1mica. Esta integraci\u00f3n incomparable cuenta con una interfaz incre\u00edblemente f\u00e1cil de usar e intuitiva, que lo capacita sin esfuerzo para personalizar y configurar meticulosamente una extensa variedad de filtros y facetas, lo que permite un nivel verdaderamente incomparable de precisi\u00f3n y control. Al aprovechar las capacidades sobresalientes de esta integraci\u00f3n, puede crear r\u00e1pida y sin esfuerzo un sistema de b\u00fasqueda y filtrado excepcionalmente avanzado e intrincado, aumentando y mejorando significativamente la experiencia general del usuario para todos sus estimados visitantes del sitio web. La impresionante integraci\u00f3n de pods FacetWP es la soluci\u00f3n definitiva para cualquier negocio o individuo exigente que se esfuerce por proporcionar a su audiencia estimada una experiencia de b\u00fasqueda significativamente m\u00e1s racionalizada, eficiente y altamente personalizada que se garantiza que dejar\u00e1 una impresi\u00f3n indeleble y duradera.<\/p>\n","protected":false},"featured_media":166084,"comment_status":"open","ping_status":"open","template":"","meta":[],"product_brand":[2447],"product_cat":[1214,1206,1211],"product_tag":[1507],"class_list":{"0":"post-110059","1":"product","2":"type-product","3":"status-publish","4":"has-post-thumbnail","6":"product_brand-facetwp","7":"product_cat-personalizacion","8":"product_cat-plugins","9":"product_cat-wordpress-plugins","10":"product_tag-facetwp","11":"member-discount","12":"discount-restricted","14":"first","15":"instock","16":"sale","17":"downloadable","18":"virtual","19":"sold-individually","20":"purchasable","21":"product-type-simple"},"_links":{"self":[{"href":"https:\/\/gpl-love.com\/es\/wp-json\/wp\/v2\/product\/110059","targetHints":{"allow":["GET"]}}],"collection":[{"href":"https:\/\/gpl-love.com\/es\/wp-json\/wp\/v2\/product"}],"about":[{"href":"https:\/\/gpl-love.com\/es\/wp-json\/wp\/v2\/types\/product"}],"replies":[{"embeddable":true,"href":"https:\/\/gpl-love.com\/es\/wp-json\/wp\/v2\/comments?post=110059"}],"wp:featuredmedia":[{"embeddable":true,"href":"https:\/\/gpl-love.com\/es\/wp-json\/wp\/v2\/media\/166084"}],"wp:attachment":[{"href":"https:\/\/gpl-love.com\/es\/wp-json\/wp\/v2\/media?parent=110059"}],"wp:term":[{"taxonomy":"product_brand","embeddable":true,"href":"https:\/\/gpl-love.com\/es\/wp-json\/wp\/v2\/product_brand?post=110059"},{"taxonomy":"product_cat","embeddable":true,"href":"https:\/\/gpl-love.com\/es\/wp-json\/wp\/v2\/product_cat?post=110059"},{"taxonomy":"product_tag","embeddable":true,"href":"https:\/\/gpl-love.com\/es\/wp-json\/wp\/v2\/product_tag?post=110059"}],"curies":[{"name":"wp","href":"https:\/\/api.w.org\/{rel}","templated":true}]}}