{"id":110057,"date":"2025-04-27T00:00:00","date_gmt":"2025-04-27T05:00:00","guid":{"rendered":"http:\/\/gpl-love.com\/es\/producto\/facetwp-map-facet\/"},"modified":"2026-03-09T07:34:21","modified_gmt":"2026-03-09T12:34:21","slug":"facetwp-map-facet","status":"publish","type":"product","link":"https:\/\/gpl-love.com\/es\/producto\/facetwp-map-facet\/","title":{"rendered":"FacetWP Map Facet 1.2"},"content":{"rendered":"<h3>FacetWP Map Facet Caracteristicas<\/h3>\n<p>La faceta del mapa FACETWP, una herramienta robusta, otorga a los usuarios la capacidad de exhibir resultados de b\u00fasqueda en un mapa. Este complemento, repleto de caracter\u00edsticas, faculta a los usuarios para tamizar los resultados de b\u00fasqueda dependientes de la ubicaci\u00f3n geogr\u00e1fica, facilitando as\u00ed el descubrimiento de establecimientos, eventos o atracciones cercanos. Aprovechando la faceta del mapa FACETWP, los usuarios poseen la capacidad de personalizar sus mapas de acuerdo con sus preferencias, abarcando el establecimiento de marcadores a medida, la selecci\u00f3n de temas de mapas y la opci\u00f3n de diversos mosaicos de mapas. Adem\u00e1s, este componente complementario se integra perfectamente con otras funcionalidades FACETWP, como el filtrado de b\u00fasqueda, lo que hace que sea una herramienta indispensable para cualquier persona que aspire a amplificar las capacidades de b\u00fasqueda de su sitio web.<\/p>\n<ul>\n<li>Visualice f\u00e1cilmente los datos basados \u200b\u200ben la ubicaci\u00f3n en mapas interactivos<\/li>\n<li>La interfaz de usuario intuitiva facilita el filtro y refino los mapas con capas y marcadores<\/li>\n<li>La tecnolog\u00eda de geocodificaci\u00f3n avanzada garantiza resultados precisos incluso para las consultas m\u00e1s complejas<\/li>\n<li>Compatible con una amplia gama de tipos de datos, incluidas ubicaciones, direcciones e incluso campos personalizados<\/li>\n<li>Ofrece una gama de opciones de personalizaci\u00f3n, que incluyen estilos de mapa, \u00edconos de marcadores y m\u00e1s<\/li>\n<li>Perfecto para empresas, organizaciones sin fines de lucro y otras organizaciones que desean aprovechar los datos de ubicaci\u00f3n para mejorar sus ofertas y llegar a un p\u00fablico m\u00e1s amplio<\/li>\n<li>Se integra sin problemas con el popular complemento FACETWP, lo que permite una funcionalidad y flexibilidad a\u00fan mayores<\/li>\n<li>Actualizaciones peri\u00f3dicas y soporte dedicado asegurar que el complemento se mantenga actualizado y satisfaga las necesidades en evoluci\u00f3n de los usuarios.<\/li>\n<\/ul>\n","protected":false},"excerpt":{"rendered":"<p>FACETWP MAP FACET es una herramienta incre\u00edblemente robusta que otorga a los usuarios la capacidad de crear mapas interactivos utilizando una variedad de criterios de b\u00fasqueda. Al utilizar esta caracter\u00edstica notable, puede refinar sin esfuerzo sus resultados de b\u00fasqueda para exhibir informaci\u00f3n geogr\u00e1fica pertinente a los visitantes de su sitio. En \u00faltima instancia, esta capacidad invaluable eleva sustancialmente la usabilidad y la experiencia general del usuario de su sitio web, lo que posteriormente simplifica el proceso para que su audiencia localice con precisi\u00f3n lo que est\u00e1 buscando. Independientemente de si est\u00e1 operando una plataforma integral orientada a los viajes o supervisa un sitio web de bienes ra\u00edces, la faceta FACETWP Map Facet inequ\u00edvocamente se erige como un activo indispensable para cualquier propietario del sitio web que est\u00e9 realmente comprometido a optimizar la funcionalidad de su plataforma en l\u00ednea.<\/p>\n","protected":false},"featured_media":166082,"comment_status":"open","ping_status":"open","template":"","meta":[],"product_brand":[2447],"product_cat":[1214,1206,1211],"product_tag":[1507],"class_list":{"0":"post-110057","1":"product","2":"type-product","3":"status-publish","4":"has-post-thumbnail","6":"product_brand-facetwp","7":"product_cat-personalizacion","8":"product_cat-plugins","9":"product_cat-wordpress-plugins","10":"product_tag-facetwp","11":"member-discount","12":"discount-restricted","14":"first","15":"instock","16":"sale","17":"downloadable","18":"virtual","19":"sold-individually","20":"purchasable","21":"product-type-simple"},"_links":{"self":[{"href":"https:\/\/gpl-love.com\/es\/wp-json\/wp\/v2\/product\/110057","targetHints":{"allow":["GET"]}}],"collection":[{"href":"https:\/\/gpl-love.com\/es\/wp-json\/wp\/v2\/product"}],"about":[{"href":"https:\/\/gpl-love.com\/es\/wp-json\/wp\/v2\/types\/product"}],"replies":[{"embeddable":true,"href":"https:\/\/gpl-love.com\/es\/wp-json\/wp\/v2\/comments?post=110057"}],"wp:featuredmedia":[{"embeddable":true,"href":"https:\/\/gpl-love.com\/es\/wp-json\/wp\/v2\/media\/166082"}],"wp:attachment":[{"href":"https:\/\/gpl-love.com\/es\/wp-json\/wp\/v2\/media?parent=110057"}],"wp:term":[{"taxonomy":"product_brand","embeddable":true,"href":"https:\/\/gpl-love.com\/es\/wp-json\/wp\/v2\/product_brand?post=110057"},{"taxonomy":"product_cat","embeddable":true,"href":"https:\/\/gpl-love.com\/es\/wp-json\/wp\/v2\/product_cat?post=110057"},{"taxonomy":"product_tag","embeddable":true,"href":"https:\/\/gpl-love.com\/es\/wp-json\/wp\/v2\/product_tag?post=110057"}],"curies":[{"name":"wp","href":"https:\/\/api.w.org\/{rel}","templated":true}]}}