{"id":110055,"date":"2026-03-25T00:00:00","date_gmt":"2026-03-25T05:00:00","guid":{"rendered":"http:\/\/gpl-love.com\/es\/producto\/facetwp-hierarchy-select\/"},"modified":"2026-03-25T17:15:40","modified_gmt":"2026-03-25T22:15:40","slug":"facetwp-hierarchy-select","status":"publish","type":"product","link":"https:\/\/gpl-love.com\/es\/producto\/facetwp-hierarchy-select\/","title":{"rendered":"FacetWP Hierarchy Select 0.5.4"},"content":{"rendered":"<h3>FacetWP Hierarchy Select Caracteristicas<\/h3>\n<p>La jerarqu\u00eda FACETWP Select es una herramienta inmensamente poderosa que otorga a los usuarios la capacidad de incorporar una selecci\u00f3n jer\u00e1rquica en sus facetas FACETWP, mejorando y refinando la experiencia de b\u00fasqueda de visitantes en su sitio web. Al emplear esta herramienta, los usuarios pueden generar sin esfuerzo un encuentro de b\u00fasqueda m\u00e1s ordenado y estructurado. La herramienta permite convenientemente a los usuarios seleccionar t\u00e9rminos de padres e hijos, que posteriormente se exhiben en un men\u00fa desplegable en la parte delantera del sitio web. Esto simplifica de manera excesiva el proceso de navegaci\u00f3n y filtraci\u00f3n de grandes cantidades de datos. Adem\u00e1s, la simplicidad con la que se puede operar la jerarqu\u00eda FACETWP es realmente notable, y se puede adaptar sin esfuerzo para acomodar los requisitos \u00fanicos de cualquier sitio web o empresa. Independientemente de si su objetivo es aumentar la funcionalidad de b\u00fasqueda de su emporio de comercio electr\u00f3nico o simplemente esforzarse por cultivar una experiencia de b\u00fasqueda m\u00e1s f\u00e1cil de usar, la posesi\u00f3n de la jerarqu\u00eda FACETWP seleccionada es indispensable.<\/p>\n<ul>\n<li>FACETWP Jerarchy Select es un complemento para el popular complemento FACETWP, dise\u00f1ado para mejorar la funcionalidad del filtrado de datos jer\u00e1rquicos.<\/li>\n<li>Con la selecci\u00f3n de la jerarqu\u00eda de FACETWP, los propietarios de sitios pueden crear listas desplegables de niveles m\u00faltiples que permitan a sus visitantes profundizar en jerarqu\u00edas de datos complejas.<\/li>\n<li>Esta funcionalidad es perfecta para sitios que necesitan organizar y mostrar grandes cantidades de datos, como cat\u00e1logos de productos, directorios de la ciudad o horarios de eventos.<\/li>\n<li>El complemento es altamente personalizable, lo que permite a los propietarios del sitio elegir el nivel de jerarqu\u00eda que desean mostrar y el orden en que aparece.<\/li>\n<li>Tambi\u00e9n se integra a la perfecci\u00f3n con otros complementos FACETWP, como el mapa din\u00e1mico y los widgets de calendario.<\/li>\n<li>FACETWP Jerarquy Select es f\u00e1cil de configurar y usar, con c\u00f3digos cortos simples y configuraciones intuitivas que lo hacen accesible para desarrolladores y no desarrolladores por igual.<\/li>\n<li>Finalmente, el complemento viene con documentaci\u00f3n y soporte integral del equipo FACETWP, asegurando que los propietarios de sitios siempre tengan acceso a la ayuda que necesitan para aprovechar al m\u00e1ximo sus herramientas de filtrado de datos.<\/li>\n<\/ul>\n","protected":false},"excerpt":{"rendered":"<p>El complemento conocido como selecci\u00f3n de jerarqu\u00eda de FACETWP est\u00e1 dise\u00f1ado para optimizar las capacidades de la herramienta de b\u00fasqueda y filtrado FACETWP al proporcionar a los usuarios funcionalidades avanzadas. Al incorporar este complemento en sus sitios web, los usuarios obtienen la capacidad de establecer jerarqu\u00edas y categor\u00edas anidadas dentro de sus resultados de b\u00fasqueda, lo que finalmente resulta en una mejor manera de descubrimiento de productos para sus clientes. En consecuencia, el empleo de este complemento produce una experiencia de b\u00fasqueda meticulosamente organizada y altamente estructurada, aumentando as\u00ed la experiencia general del usuario y posteriormente contribuye a un aumento en las tasas de conversi\u00f3n.<\/p>\n","protected":false},"featured_media":166081,"comment_status":"open","ping_status":"open","template":"","meta":[],"product_brand":[2447],"product_cat":[1214,1206,1211],"product_tag":[1507],"class_list":{"0":"post-110055","1":"product","2":"type-product","3":"status-publish","4":"has-post-thumbnail","6":"product_brand-facetwp","7":"product_cat-personalizacion","8":"product_cat-plugins","9":"product_cat-wordpress-plugins","10":"product_tag-facetwp","11":"member-discount","12":"discount-restricted","14":"first","15":"instock","16":"sale","17":"downloadable","18":"virtual","19":"sold-individually","20":"purchasable","21":"product-type-simple"},"_links":{"self":[{"href":"https:\/\/gpl-love.com\/es\/wp-json\/wp\/v2\/product\/110055","targetHints":{"allow":["GET"]}}],"collection":[{"href":"https:\/\/gpl-love.com\/es\/wp-json\/wp\/v2\/product"}],"about":[{"href":"https:\/\/gpl-love.com\/es\/wp-json\/wp\/v2\/types\/product"}],"replies":[{"embeddable":true,"href":"https:\/\/gpl-love.com\/es\/wp-json\/wp\/v2\/comments?post=110055"}],"wp:featuredmedia":[{"embeddable":true,"href":"https:\/\/gpl-love.com\/es\/wp-json\/wp\/v2\/media\/166081"}],"wp:attachment":[{"href":"https:\/\/gpl-love.com\/es\/wp-json\/wp\/v2\/media?parent=110055"}],"wp:term":[{"taxonomy":"product_brand","embeddable":true,"href":"https:\/\/gpl-love.com\/es\/wp-json\/wp\/v2\/product_brand?post=110055"},{"taxonomy":"product_cat","embeddable":true,"href":"https:\/\/gpl-love.com\/es\/wp-json\/wp\/v2\/product_cat?post=110055"},{"taxonomy":"product_tag","embeddable":true,"href":"https:\/\/gpl-love.com\/es\/wp-json\/wp\/v2\/product_tag?post=110055"}],"curies":[{"name":"wp","href":"https:\/\/api.w.org\/{rel}","templated":true}]}}