{"id":110053,"date":"2021-09-30T00:00:00","date_gmt":"2021-09-30T05:00:00","guid":{"rendered":"http:\/\/gpl-love.com\/es\/producto\/facetwp-flatsome-integration\/"},"modified":"2026-03-09T07:34:19","modified_gmt":"2026-03-09T12:34:19","slug":"facetwp-flatsome-integration","status":"publish","type":"product","link":"https:\/\/gpl-love.com\/es\/producto\/facetwp-flatsome-integration\/","title":{"rendered":"FacetWP Flatsome Integration 0.4.5"},"content":{"rendered":"<h3>FacetWP Flatsome Integration Caracteristicas<\/h3>\n<p>La integraci\u00f3n de la integraci\u00f3n FACETWP FlatSome, una herramienta potente, permite la fusi\u00f3n de FlatSome, un tema de comercio electr\u00f3nico altamente buscado para WordPress, con FACETWP, un complemento que aumenta y enriquece la funcionalidad de b\u00fasqueda de su sitio web. Al amalgamando estas dos herramientas formidables, puede generar filtros de b\u00fasqueda sofisticados y listados de productos din\u00e1micos que sin duda mejorar\u00e1n la experiencia del usuario y fomentar\u00e1n una mayor participaci\u00f3n. Adem\u00e1s, la instalaci\u00f3n y configuraci\u00f3n de esta integraci\u00f3n es un proceso sin esfuerzo, y le otorga una variedad de caracter\u00edsticas que le otorgan autoridad absoluta y control sobre la manera en que se presentan sus productos. Con la utilizaci\u00f3n de la integraci\u00f3n FACETWP FlatSome, puede catapultar su sitio web de comercio electr\u00f3nico a nuevas alturas, proporcionando as\u00ed a sus clientes estimados una experiencia de compra inesperada y perfecta.<\/p>\n<ul>\n<li>Integra sin problemas la funcionalidad de filtrado y b\u00fasqueda de facetwp con el tema plano<\/li>\n<li>Permite a los usuarios buscar y filtrar f\u00e1cilmente productos en su sitio web.<\/li>\n<li>Proporciona un \u00e1rea de widget personalizable para mostrar filtros y opciones de b\u00fasqueda<\/li>\n<li>Ofrece una variedad de tipos de filtros que incluyen casillas de verificaci\u00f3n, menores desplegables y deslizadores.<\/li>\n<li>Permite opciones de clasificaci\u00f3n de productos personalizadas basadas en el precio, la popularidad y m\u00e1s<\/li>\n<li>Proporciona b\u00fasqueda y filtrado con AJAX para una experiencia de usuario m\u00e1s r\u00e1pida<\/li>\n<li>Compatible con las descargas digitales de WooCommerce y f\u00e1ciles<\/li>\n<li>Ofrece una amplia documentaci\u00f3n y atenci\u00f3n al cliente para la asistencia de configuraci\u00f3n y personalizaci\u00f3n<\/li>\n<\/ul>\n","protected":false},"excerpt":{"rendered":"<p>La integraci\u00f3n FACETWP FlatSome sirve como una herramienta incre\u00edblemente potente meticulosamente elaborada para amalgamarse sin problemas con un tema de WordPress de WordPress, extremadamente buscado. Al incorporar esta integraci\u00f3n, tendr\u00e1 poder para incorporar sin esfuerzo capacidades de b\u00fasqueda facetadas en su sitio web de comercio electr\u00f3nico, dotando as\u00ed a su estimada clientela con una experiencia de b\u00fasqueda incomparable e instintiva. Exhibir una variedad de caracter\u00edsticas impresionantes, que abarca, entre otros, filtros expeditos, an\u00e1lisis de b\u00fasqueda y mucho m\u00e1s, la integraci\u00f3n FACETWP FlatSome contribuir\u00e1 indiscutiblemente a la mejora de la navegabilidad de su tienda en l\u00ednea, un aumento en las conversiones y, en \u00faltima instancia, m\u00e1s. rendimiento monetario sustancial. Independientemente de la magnitud de su establecimiento de comercio electr\u00f3nico, ya sea grandioso o peque\u00f1o, esta integraci\u00f3n sirve como la soluci\u00f3n por excelencia para vigorizar el rendimiento de su sitio web y elevar la experiencia general del usuario.<\/p>\n","protected":false},"featured_media":166080,"comment_status":"open","ping_status":"open","template":"","meta":[],"product_brand":[2447],"product_cat":[1214,1206,1211],"product_tag":[1507],"class_list":{"0":"post-110053","1":"product","2":"type-product","3":"status-publish","4":"has-post-thumbnail","6":"product_brand-facetwp","7":"product_cat-personalizacion","8":"product_cat-plugins","9":"product_cat-wordpress-plugins","10":"product_tag-facetwp","11":"member-discount","12":"discount-restricted","14":"first","15":"instock","16":"sale","17":"downloadable","18":"virtual","19":"sold-individually","20":"purchasable","21":"product-type-simple"},"_links":{"self":[{"href":"https:\/\/gpl-love.com\/es\/wp-json\/wp\/v2\/product\/110053","targetHints":{"allow":["GET"]}}],"collection":[{"href":"https:\/\/gpl-love.com\/es\/wp-json\/wp\/v2\/product"}],"about":[{"href":"https:\/\/gpl-love.com\/es\/wp-json\/wp\/v2\/types\/product"}],"replies":[{"embeddable":true,"href":"https:\/\/gpl-love.com\/es\/wp-json\/wp\/v2\/comments?post=110053"}],"wp:featuredmedia":[{"embeddable":true,"href":"https:\/\/gpl-love.com\/es\/wp-json\/wp\/v2\/media\/166080"}],"wp:attachment":[{"href":"https:\/\/gpl-love.com\/es\/wp-json\/wp\/v2\/media?parent=110053"}],"wp:term":[{"taxonomy":"product_brand","embeddable":true,"href":"https:\/\/gpl-love.com\/es\/wp-json\/wp\/v2\/product_brand?post=110053"},{"taxonomy":"product_cat","embeddable":true,"href":"https:\/\/gpl-love.com\/es\/wp-json\/wp\/v2\/product_cat?post=110053"},{"taxonomy":"product_tag","embeddable":true,"href":"https:\/\/gpl-love.com\/es\/wp-json\/wp\/v2\/product_tag?post=110053"}],"curies":[{"name":"wp","href":"https:\/\/api.w.org\/{rel}","templated":true}]}}