{"id":110049,"date":"2026-03-25T00:00:00","date_gmt":"2026-03-25T05:00:00","guid":{"rendered":"http:\/\/gpl-love.com\/es\/producto\/facetwp-conditional-logic\/"},"modified":"2026-03-25T17:15:39","modified_gmt":"2026-03-25T22:15:39","slug":"facetwp-conditional-logic","status":"publish","type":"product","link":"https:\/\/gpl-love.com\/es\/producto\/facetwp-conditional-logic\/","title":{"rendered":"FacetWP Conditional Logic 1.5.1"},"content":{"rendered":"<h3>FacetWP Conditional Logic Caracteristicas<\/h3>\n<p>La l\u00f3gica condicional de FACETWP ofrece una herramienta robusta y potente para los usuarios del sitio web, lo que les permite crear consultas de b\u00fasqueda personalizadas y din\u00e1micas para sus respectivos sitios web. A trav\u00e9s de la utilizaci\u00f3n de este complemento, los usuarios obtienen la capacidad de establecer regulaciones que determinen la visualizaci\u00f3n de filtros o facetas de b\u00fasqueda espec\u00edficos, en funci\u00f3n de la entrada del usuario u otros factores variables. En consecuencia, esto genera un escenario en el que los visitantes del sitio web encuentran exclusivamente opciones de b\u00fasqueda pertinentes, lo que aumenta la eficiencia y la efectividad de sus esfuerzos de b\u00fasqueda. En particular, la l\u00f3gica condicional FACETWP encarna una naturaleza f\u00e1cil de usar y altamente personalizable, lo que permite a los usuarios refinar sus consultas de b\u00fasqueda para alinearse con precisi\u00f3n con sus requisitos individuales. Independientemente de si uno opera una tienda de comercio electr\u00f3nico o un sitio web rico en contenido, la l\u00f3gica condicional FACETWP sirve como un recurso invaluable para optimizar el proceso de b\u00fasqueda y amplificar la participaci\u00f3n del usuario.<\/p>\n<ul>\n<li>Mejora la funcionalidad de FACETWP agregando l\u00f3gica condicional<\/li>\n<li>Permite la creaci\u00f3n de opciones de b\u00fasqueda y filtro altamente personalizadas<\/li>\n<li>Ofrece la capacidad de mostrar u ocultar facets en funci\u00f3n de la entrada del usuario y los filtros seleccionados<\/li>\n<li>Aumenta la eficiencia al mostrar solo opciones relevantes a los usuarios<\/li>\n<li>Mejora la experiencia del usuario al proporcionar una experiencia de b\u00fasqueda m\u00e1s intuitiva y personalizada.<\/li>\n<li>Permite a los desarrolladores crear interfaces de b\u00fasqueda complejas y din\u00e1micas sin la necesidad de un c\u00f3digo personalizado<\/li>\n<li>Compatible con una amplia gama de sitios web y plataformas<\/li>\n<li>Ofrece una f\u00e1cil integraci\u00f3n con las configuraciones de FACETWP existentes<\/li>\n<li>Incluye documentaci\u00f3n y soporte integral para una f\u00e1cil implementaci\u00f3n y soluci\u00f3n de problemas<\/li>\n<\/ul>\n","protected":false},"excerpt":{"rendered":"<p>La l\u00f3gica condicional de FACETWP, un complemento notable, ofrece una forma perfecta y sin esfuerzo de establecer filtros de b\u00fasqueda intrincados en su sitio de WordPress. Al incorporar este complemento, obtiene la capacidad de configurar la l\u00f3gica condicional, mostrando as\u00ed diversas opciones de b\u00fasqueda que dependen de las opciones previas del usuario. En consecuencia, esta ingeniosa caracter\u00edstica optimiza el proceso para que sus usuarios identifiquen con precisi\u00f3n lo que desean y, en consecuencia, refuerza la usabilidad general de su sitio web. Ya sea que est\u00e9 administrando una plataforma de comercio electr\u00f3nico o un blog, la indispensabilidad de la l\u00f3gica condicional FACETWP como herramienta de mejora de la b\u00fasqueda no puede ser exagerada.<\/p>\n","protected":false},"featured_media":166078,"comment_status":"open","ping_status":"open","template":"","meta":[],"product_brand":[2447],"product_cat":[1214,1206,1211],"product_tag":[1507],"class_list":{"0":"post-110049","1":"product","2":"type-product","3":"status-publish","4":"has-post-thumbnail","6":"product_brand-facetwp","7":"product_cat-personalizacion","8":"product_cat-plugins","9":"product_cat-wordpress-plugins","10":"product_tag-facetwp","11":"member-discount","12":"discount-restricted","14":"first","15":"instock","16":"sale","17":"downloadable","18":"virtual","19":"sold-individually","20":"purchasable","21":"product-type-simple"},"_links":{"self":[{"href":"https:\/\/gpl-love.com\/es\/wp-json\/wp\/v2\/product\/110049","targetHints":{"allow":["GET"]}}],"collection":[{"href":"https:\/\/gpl-love.com\/es\/wp-json\/wp\/v2\/product"}],"about":[{"href":"https:\/\/gpl-love.com\/es\/wp-json\/wp\/v2\/types\/product"}],"replies":[{"embeddable":true,"href":"https:\/\/gpl-love.com\/es\/wp-json\/wp\/v2\/comments?post=110049"}],"wp:featuredmedia":[{"embeddable":true,"href":"https:\/\/gpl-love.com\/es\/wp-json\/wp\/v2\/media\/166078"}],"wp:attachment":[{"href":"https:\/\/gpl-love.com\/es\/wp-json\/wp\/v2\/media?parent=110049"}],"wp:term":[{"taxonomy":"product_brand","embeddable":true,"href":"https:\/\/gpl-love.com\/es\/wp-json\/wp\/v2\/product_brand?post=110049"},{"taxonomy":"product_cat","embeddable":true,"href":"https:\/\/gpl-love.com\/es\/wp-json\/wp\/v2\/product_cat?post=110049"},{"taxonomy":"product_tag","embeddable":true,"href":"https:\/\/gpl-love.com\/es\/wp-json\/wp\/v2\/product_tag?post=110049"}],"curies":[{"name":"wp","href":"https:\/\/api.w.org\/{rel}","templated":true}]}}