{"id":110047,"date":"2024-12-17T00:00:00","date_gmt":"2024-12-17T05:00:00","guid":{"rendered":"http:\/\/gpl-love.com\/es\/producto\/facetwp-color\/"},"modified":"2026-03-09T07:34:14","modified_gmt":"2026-03-09T12:34:14","slug":"facetwp-color","status":"publish","type":"product","link":"https:\/\/gpl-love.com\/es\/producto\/facetwp-color\/","title":{"rendered":"FacetWP Color 1.7.1"},"content":{"rendered":"<h3>FacetWP Color Caracteristicas<\/h3>\n<p>FACETWP Color es un complemento incre\u00edblemente robusto y vers\u00e1til que otorga a los usuarios la capacidad de filtrar y clasificar el contenido sin esfuerzo seg\u00fan el color. Este complemento fenomenal capacita a los usuarios para dise\u00f1ar filtros de color personalizados para los productos, im\u00e1genes o cualquier otra forma de contenido de su sitio web. Al implementar el color FACETWP, las personas pueden incorporar perfectamente muestras de color en sus p\u00e1ginas de productos, resultados de b\u00fasqueda y p\u00e1ginas de categor\u00edas, que finalmente otorgan a los clientes una experiencia de navegaci\u00f3n mejorada e instintiva que es visualmente encantadora. La belleza de este complemento se encuentra en su simple proceso de instalaci\u00f3n y caracter\u00edsticas personalizables, lo que lo hace compatible con una extensa variedad de temas y complementos de WordPress. Con las capacidades extraordinarias del color FACETWP, los propietarios de sitios web pueden mejorar r\u00e1pidamente la funcionalidad de su sitio web, facilitando as\u00ed un proceso m\u00e1s simplificado y eficiente para que los clientes localicen los productos que desean.<\/p>\n<ul>\n<li>Herramienta f\u00e1cil de usar para filtrar productos en una tienda WooCommerce por color<\/li>\n<li>Se integra a la perfecci\u00f3n con el complemento FACETWP, que permite opciones de filtrado a\u00fan m\u00e1s avanzadas<\/li>\n<li>Proporciona una forma visualmente atractiva de exhibir productos por sus opciones de color<\/li>\n<li>Ahorra tiempo y esfuerzo para los compradores permiti\u00e9ndoles encontrar r\u00e1pidamente exactamente lo que est\u00e1n buscando en funci\u00f3n del color<\/li>\n<li>Aumenta las ventas facilitando que los clientes se involucren con productos y tomen decisiones de compra<\/li>\n<li>Altamente flexible, lo que permite a los propietarios de tiendas personalizar las opciones de color que se muestran para satisfacer sus necesidades \u00fanicas<\/li>\n<li>Funciona en dispositivos m\u00f3viles, proporcionando una experiencia de compra perfecta independientemente del dispositivo utilizado<\/li>\n<li>Respaldado por el apoyo experto del equipo FACETWP, garantizar que cualquier problema o pregunta pueda resolverse r\u00e1pidamente<\/li>\n<\/ul>\n","protected":false},"excerpt":{"rendered":"<p>FACETWP Color, un complemento excepcionalmente vers\u00e1til, ofrece a los usuarios la capacidad de filtrar sin esfuerzo sus datos en funci\u00f3n del color. Con una interfaz intuitiva, este complemento facilita un proceso de b\u00fasqueda sin problemas para los usuarios que buscan elementos de un tono espec\u00edfico, asegurando que localen sus productos deseados con la m\u00e1xima eficiencia y conveniencia. Ya sea que sea un comprador en l\u00ednea ardiente o un desarrollador web que se esfuerza por amplificar la funcionalidad de su sitio, FACETWP Color surge como una selecci\u00f3n \u00f3ptima, que abarca una herramienta de filtrado potente pero f\u00e1cil de usar.<\/p>\n","protected":false},"featured_media":166077,"comment_status":"open","ping_status":"open","template":"","meta":[],"product_brand":[2447],"product_cat":[1214,1206,1211],"product_tag":[1507],"class_list":{"0":"post-110047","1":"product","2":"type-product","3":"status-publish","4":"has-post-thumbnail","6":"product_brand-facetwp","7":"product_cat-personalizacion","8":"product_cat-plugins","9":"product_cat-wordpress-plugins","10":"product_tag-facetwp","11":"member-discount","12":"discount-restricted","14":"first","15":"instock","16":"sale","17":"downloadable","18":"virtual","19":"sold-individually","20":"purchasable","21":"product-type-simple"},"_links":{"self":[{"href":"https:\/\/gpl-love.com\/es\/wp-json\/wp\/v2\/product\/110047","targetHints":{"allow":["GET"]}}],"collection":[{"href":"https:\/\/gpl-love.com\/es\/wp-json\/wp\/v2\/product"}],"about":[{"href":"https:\/\/gpl-love.com\/es\/wp-json\/wp\/v2\/types\/product"}],"replies":[{"embeddable":true,"href":"https:\/\/gpl-love.com\/es\/wp-json\/wp\/v2\/comments?post=110047"}],"wp:featuredmedia":[{"embeddable":true,"href":"https:\/\/gpl-love.com\/es\/wp-json\/wp\/v2\/media\/166077"}],"wp:attachment":[{"href":"https:\/\/gpl-love.com\/es\/wp-json\/wp\/v2\/media?parent=110047"}],"wp:term":[{"taxonomy":"product_brand","embeddable":true,"href":"https:\/\/gpl-love.com\/es\/wp-json\/wp\/v2\/product_brand?post=110047"},{"taxonomy":"product_cat","embeddable":true,"href":"https:\/\/gpl-love.com\/es\/wp-json\/wp\/v2\/product_cat?post=110047"},{"taxonomy":"product_tag","embeddable":true,"href":"https:\/\/gpl-love.com\/es\/wp-json\/wp\/v2\/product_tag?post=110047"}],"curies":[{"name":"wp","href":"https:\/\/api.w.org\/{rel}","templated":true}]}}