{"id":110045,"date":"2024-12-17T00:00:00","date_gmt":"2024-12-17T05:00:00","guid":{"rendered":"http:\/\/gpl-love.com\/es\/producto\/facetwp-caching\/"},"modified":"2026-03-09T07:34:12","modified_gmt":"2026-03-09T12:34:12","slug":"facetwp-caching","status":"publish","type":"product","link":"https:\/\/gpl-love.com\/es\/producto\/facetwp-caching\/","title":{"rendered":"FacetWP Caching 1.7.1"},"content":{"rendered":"<h3>FacetWP Caching Caracteristicas<\/h3>\n<p>El almacenamiento en cach\u00e9 de FACETWP, una herramienta incre\u00edblemente influyente, mejora efectivamente el rendimiento de FACETWP, un complemento de WordPress ampliamente utilizado empleado para filtrar y buscar contenido. Al almacenar en cach\u00e9 los resultados de las consultas de los usuarios, esta caracter\u00edstica complementaria permite cargas de p\u00e1gina m\u00e1s r\u00e1pidas y experiencias de usuario m\u00e1s perfectas. A trav\u00e9s de la reducci\u00f3n de las consultas de bases de datos requeridas para generar resultados de b\u00fasqueda, el almacenamiento en cach\u00e9 de FACETWP mejora sustancialmente la velocidad y la capacidad de respuesta de los sitios web. Adem\u00e1s, cuenta con una variedad de capacidades avanzadas de almacenamiento en cach\u00e9, incluida la opci\u00f3n de personalizar los tiempos de vencimiento de la cach\u00e9 y restringir el n\u00famero de resultados en cach\u00e9. Con la utilizaci\u00f3n del almacenamiento en cach\u00e9 de FACETWP, los propietarios del sitio web pueden proporcionar a sus visitantes un encuentro de b\u00fasqueda eficiente y sin esfuerzo, lo que finalmente conduce a una mayor participaci\u00f3n y tasas de conversi\u00f3n aumentada.<\/p>\n<ul>\n<li>Tiempos de carga de filtro FACETWP m\u00e1s r\u00e1pidos<\/li>\n<li>Reducci\u00f3n de la carga del servidor y el uso de recursos<\/li>\n<li>Rendimiento y velocidad mejorados del sitio web<\/li>\n<li>Configuraci\u00f3n del sistema de almacenamiento en cach\u00e9 f\u00e1cil de usar<\/li>\n<li>Opci\u00f3n para habilitar\/deshabilitar el almacenamiento en cach\u00e9 por p\u00e1gina o por filtro por filtro<\/li>\n<li>Compatibilidad con complementos de cach\u00e9 populares<\/li>\n<li>Soporte para diferentes tipos de cach\u00e9 (por ejemplo, base de datos, objeto, transitorio)<\/li>\n<li>Cad\u00e1 autom\u00e1tica Cach\u00e9 basado en el comportamiento del usuario<\/li>\n<li>Registro de almacenamiento en cach\u00e9 de FACETWP para fines de soluci\u00f3n de problemas y optimizaci\u00f3n<\/li>\n<li>Experiencia de usuario mejorada y satisfacci\u00f3n con resultados de filtro m\u00e1s r\u00e1pidos.<\/li>\n<\/ul>\n","protected":false},"excerpt":{"rendered":"<p>El almacenamiento en cach\u00e9 de FACETWP, una herramienta incre\u00edblemente potente, sirve para garantizar los tiempos de carga de rayo para sitios web alimentados por FACETWP. Mediante el proceso de almacenamiento en cach\u00e9 de FACETWP, disminuye efectivamente la carga de consulta impuesta a su base de datos, lo que lleva a un mejor rendimiento y un mayor nivel de satisfacci\u00f3n del usuario. Este complemento excepcional no solo agrega conveniencia a su flujo de trabajo, sino que tambi\u00e9n facilita las respuestas r\u00e1pidas a las consultas y b\u00fasquedas de usuarios. Al adquirir un cach\u00e9 de los resultados de b\u00fasqueda del usuario, el programa puede exhibir sus filtros FACETWP sin la necesidad de esperar una nueva llamada de funci\u00f3n para cada filtro individual. En consecuencia, proporciona un medio eficiente para elevar la velocidad y la confiabilidad de su herramienta FACETWP al aprovechar la potencia del almacenamiento en cach\u00e9 de FACETWP.<\/p>\n","protected":false},"featured_media":166076,"comment_status":"open","ping_status":"open","template":"","meta":[],"product_brand":[2447],"product_cat":[1214,1206,1211],"product_tag":[1507],"class_list":{"0":"post-110045","1":"product","2":"type-product","3":"status-publish","4":"has-post-thumbnail","6":"product_brand-facetwp","7":"product_cat-personalizacion","8":"product_cat-plugins","9":"product_cat-wordpress-plugins","10":"product_tag-facetwp","11":"member-discount","12":"discount-restricted","14":"first","15":"instock","16":"sale","17":"downloadable","18":"virtual","19":"sold-individually","20":"purchasable","21":"product-type-simple"},"_links":{"self":[{"href":"https:\/\/gpl-love.com\/es\/wp-json\/wp\/v2\/product\/110045","targetHints":{"allow":["GET"]}}],"collection":[{"href":"https:\/\/gpl-love.com\/es\/wp-json\/wp\/v2\/product"}],"about":[{"href":"https:\/\/gpl-love.com\/es\/wp-json\/wp\/v2\/types\/product"}],"replies":[{"embeddable":true,"href":"https:\/\/gpl-love.com\/es\/wp-json\/wp\/v2\/comments?post=110045"}],"wp:featuredmedia":[{"embeddable":true,"href":"https:\/\/gpl-love.com\/es\/wp-json\/wp\/v2\/media\/166076"}],"wp:attachment":[{"href":"https:\/\/gpl-love.com\/es\/wp-json\/wp\/v2\/media?parent=110045"}],"wp:term":[{"taxonomy":"product_brand","embeddable":true,"href":"https:\/\/gpl-love.com\/es\/wp-json\/wp\/v2\/product_brand?post=110045"},{"taxonomy":"product_cat","embeddable":true,"href":"https:\/\/gpl-love.com\/es\/wp-json\/wp\/v2\/product_cat?post=110045"},{"taxonomy":"product_tag","embeddable":true,"href":"https:\/\/gpl-love.com\/es\/wp-json\/wp\/v2\/product_tag?post=110045"}],"curies":[{"name":"wp","href":"https:\/\/api.w.org\/{rel}","templated":true}]}}