{"id":110043,"date":"2021-02-09T00:00:00","date_gmt":"2021-02-09T05:00:00","guid":{"rendered":"http:\/\/gpl-love.com\/es\/producto\/facetwp-bookings-integration\/"},"modified":"2026-03-09T07:34:10","modified_gmt":"2026-03-09T12:34:10","slug":"facetwp-bookings-integration","status":"publish","type":"product","link":"https:\/\/gpl-love.com\/es\/producto\/facetwp-bookings-integration\/","title":{"rendered":"FacetWP Bookings Integration 0.6.2"},"content":{"rendered":"<h3>FacetWP Bookings Integration Caracteristicas<\/h3>\n<p>La integraci\u00f3n de las reservas FACETWP es una herramienta incre\u00edblemente robusta y efectiva que brinda a los usuarios la capacidad de administrar sus reservas y reservas directamente en su sitio de WordPress. Al utilizar esta integraci\u00f3n, las personas pueden crear f\u00e1cilmente facetas personalizadas que permitan opciones de filtrado y clasificaci\u00f3n intrincadas basadas en una multitud de criterios como fecha, hora, disponibilidad y m\u00e1s. Adem\u00e1s, esta integraci\u00f3n brinda a los usuarios la oportunidad de mostrar sus reservas de una manera est\u00e9ticamente agradable y f\u00e1cil de usar, gracias a su amplia gama de plantillas personalizables y opciones de dise\u00f1o adaptables. Esta integraci\u00f3n es un recurso invaluable para las empresas en diversas industrias, incluidos, entre otros, hoteles, restaurantes, centros de fitness y otros establecimientos que dependen en gran medida de los sistemas de reserva. Con la implementaci\u00f3n de la integraci\u00f3n de reservas FACETWP, las empresas pueden optimizar sus operaciones y mejorar enormemente la experiencia general de sus clientes.<\/p>\n<ul>\n<li>Se integra sin problemas con FACETWP para crear potentes soluciones de reserva<\/li>\n<li>Permite una f\u00e1cil gesti\u00f3n de reservas a trav\u00e9s de una interfaz intuitiva<\/li>\n<li>Proporciona opciones flexibles para personalizaci\u00f3n y configuraci\u00f3n adaptadas a sus necesidades espec\u00edficas<\/li>\n<li>Permite a los clientes reservar f\u00e1cilmente citas o servicios directamente desde su sitio web.<\/li>\n<li>Se integra con las pasarelas de pago para optimizar el procesamiento de pagos y aumentar la comodidad tanto para usted como para sus clientes<\/li>\n<li>Env\u00eda autom\u00e1ticamente la confirmaci\u00f3n de la reserva y los correos electr\u00f3nicos de recordatorio para mantener a todos en el camino<\/li>\n<li>Rastrea los datos del cliente y el historial de reservas para mejorar sus esfuerzos de marketing y mejorar la experiencia del cliente<\/li>\n<li>Admite m\u00faltiples idiomas y monedas para una amplia gama de necesidades comerciales<\/li>\n<li>Ofrece soporte prioritario y actualizaciones oportunas para garantizar que su flujo de trabajo de reserva permanezca sin problemas y sin problemas.<\/li>\n<\/ul>\n","protected":false},"excerpt":{"rendered":"<p>\u00a1Mejore la funcionalidad de su sitio web alimentado por FACETWP integr\u00e1ndolo sin problemas con la capacidad de reservas! Nuestra integraci\u00f3n exclusiva de FACETWP con reservas le permite mostrar sin esfuerzo las fechas y horarios disponibles para reservar, manejar efectivamente las reservas y reservas, y optimizar todo su proceso de reserva, todo dentro de los l\u00edmites de su sitio web. Con el beneficio adicional de recibir actualizaciones en tiempo real sobre la disponibilidad y la libertad de personalizar sus formularios de reserva, sus estimados clientes sin duda estar\u00e1n cautivados por la experiencia de reserva sin problemas. Entonces, \u00bfpor qu\u00e9 perder el tiempo precioso? Maximice la eficiencia y aumente sus ingresos aprovechando el poder de la integraci\u00f3n de reservas FACETWP.<\/p>\n","protected":false},"featured_media":166075,"comment_status":"open","ping_status":"open","template":"","meta":[],"product_brand":[2447],"product_cat":[1214,1206,1211],"product_tag":[1507],"class_list":{"0":"post-110043","1":"product","2":"type-product","3":"status-publish","4":"has-post-thumbnail","6":"product_brand-facetwp","7":"product_cat-personalizacion","8":"product_cat-plugins","9":"product_cat-wordpress-plugins","10":"product_tag-facetwp","11":"member-discount","12":"discount-restricted","14":"first","15":"instock","16":"sale","17":"downloadable","18":"virtual","19":"sold-individually","20":"purchasable","21":"product-type-simple"},"_links":{"self":[{"href":"https:\/\/gpl-love.com\/es\/wp-json\/wp\/v2\/product\/110043","targetHints":{"allow":["GET"]}}],"collection":[{"href":"https:\/\/gpl-love.com\/es\/wp-json\/wp\/v2\/product"}],"about":[{"href":"https:\/\/gpl-love.com\/es\/wp-json\/wp\/v2\/types\/product"}],"replies":[{"embeddable":true,"href":"https:\/\/gpl-love.com\/es\/wp-json\/wp\/v2\/comments?post=110043"}],"wp:featuredmedia":[{"embeddable":true,"href":"https:\/\/gpl-love.com\/es\/wp-json\/wp\/v2\/media\/166075"}],"wp:attachment":[{"href":"https:\/\/gpl-love.com\/es\/wp-json\/wp\/v2\/media?parent=110043"}],"wp:term":[{"taxonomy":"product_brand","embeddable":true,"href":"https:\/\/gpl-love.com\/es\/wp-json\/wp\/v2\/product_brand?post=110043"},{"taxonomy":"product_cat","embeddable":true,"href":"https:\/\/gpl-love.com\/es\/wp-json\/wp\/v2\/product_cat?post=110043"},{"taxonomy":"product_tag","embeddable":true,"href":"https:\/\/gpl-love.com\/es\/wp-json\/wp\/v2\/product_tag?post=110043"}],"curies":[{"name":"wp","href":"https:\/\/api.w.org\/{rel}","templated":true}]}}