{"id":110041,"date":"2026-03-25T00:00:00","date_gmt":"2026-03-25T05:00:00","guid":{"rendered":"http:\/\/gpl-love.com\/es\/producto\/facetwp-beaver-builder-integration\/"},"modified":"2026-03-25T17:15:38","modified_gmt":"2026-03-25T22:15:38","slug":"facetwp-beaver-builder-integration","status":"publish","type":"product","link":"https:\/\/gpl-love.com\/es\/producto\/facetwp-beaver-builder-integration\/","title":{"rendered":"FacetWP Beaver Builder Integration 1.4.5"},"content":{"rendered":"<h3>FacetWP Beaver Builder Integration Caracteristicas<\/h3>\n<p>La integraci\u00f3n del FaceTWP Beaver Builder es una herramienta inmensamente innovadora que optimiza efectivamente el proceso de construcci\u00f3n de contenido para sitios web que utilizan la plataforma WordPress. Al fusionar perfectamente las capacidades formidables de Beaver Builder y FACETWP, esta integraci\u00f3n proporciona un enfoque astuto y altamente eficiente para construir p\u00e1ginas de contenido din\u00e1mico. Con el advenimiento de la integraci\u00f3n de Beaver Builder de FACETWP, la creaci\u00f3n de dise\u00f1os de b\u00fasqueda y filtros personalizados se ha vuelto significativamente m\u00e1s f\u00e1cil, lo que permite su exhibici\u00f3n de una manera que es extremadamente personalizable y extremadamente receptiva. En esencia, esta integraci\u00f3n otorga un valor agregado sustancial en su sitio web, mejorando significativamente la experiencia general del usuario y simplificando dr\u00e1sticamente la tarea de los visitantes en la ubicaci\u00f3n de la informaci\u00f3n que buscan. En consecuencia, es imperativo inequ\u00edvocamente que cualquier persona que desee elevar la funcionalidad y la experiencia del usuario de su sitio web incorporen la indispensabilidad de la integraci\u00f3n de Beaver Beaver Beaver en su repertorio.<\/p>\n<ul>\n<li>Integre sin problemas FACETWP y Beaver Builder para una experiencia de construcci\u00f3n de sitios web simplificada<\/li>\n<li>Disfrute de una interfaz intuitiva de arrastrar y soltar que facilite la creaci\u00f3n de p\u00e1ginas y dise\u00f1os personalizados<\/li>\n<li>Use las potentes opciones de filtrado de FacetWP para mejorar la experiencia de b\u00fasqueda en su sitio web<\/li>\n<li>Aproveche las actualizaciones de contenido din\u00e1mico que reflejan los cambios realizados en tiempo real<\/li>\n<li>Personalice su sitio web de una manera que sea f\u00e1cil de usar y altamente eficiente<\/li>\n<li>Obtenga acceso a una variedad de opciones de dise\u00f1o, incluidos filtros, estilos y opciones de visualizaci\u00f3n.<\/li>\n<li>Beneficiarse del dise\u00f1o receptivo que garantice que su sitio web se vea muy bien en cualquier dispositivo<\/li>\n<li>Incorporar una poderosa funcionalidad de b\u00fasqueda que facilite a los usuarios encontrar lo que est\u00e1n buscando<\/li>\n<li>Use FACETWP para crear taxonom\u00edas, categor\u00edas y etiquetas personalizadas que ayuden a organizar su contenido.<\/li>\n<li>Disfrute de la compatibilidad completa con una gama de complementos populares de WordPress, incluidos WooCommerce y Yoast SEO.<\/li>\n<\/ul>\n","protected":false},"excerpt":{"rendered":"<p>La integraci\u00f3n del FACETWP Beaver Builder, una herramienta muy potente, hace que la facilitaci\u00f3n perfecta de la b\u00fasqueda y el filtrado de contenido en su sitio web. A trav\u00e9s de esta integraci\u00f3n, se le otorga la capacidad sin esfuerzo para adaptar los mecanismos de b\u00fasqueda y filtro de su sitio web, lo que permite a sus usuarios localizar de manera prontil y precisa el contenido espec\u00edfico que buscan. Adem\u00e1s, esta integraci\u00f3n le impede a\u00fan m\u00e1s racionalizar el curso de la creaci\u00f3n de contenido al endurecerlo con la capacidad de incorporar facetas y filtros en sus p\u00e1ginas de Beaver Builder. Independientemente de si est\u00e1 supervisando una amplia plataforma de comercio electr\u00f3nico o un blog modesto, la naturaleza indispensable de la integraci\u00f3n de FaceWP Beaver Builder no puede ser exagerada para ning\u00fan propietario o desarrollador del sitio web.<\/p>\n","protected":false},"featured_media":166074,"comment_status":"open","ping_status":"open","template":"","meta":[],"product_brand":[2447],"product_cat":[1214,1206,1211],"product_tag":[1507],"class_list":{"0":"post-110041","1":"product","2":"type-product","3":"status-publish","4":"has-post-thumbnail","6":"product_brand-facetwp","7":"product_cat-personalizacion","8":"product_cat-plugins","9":"product_cat-wordpress-plugins","10":"product_tag-facetwp","11":"member-discount","12":"discount-restricted","14":"first","15":"instock","16":"sale","17":"downloadable","18":"virtual","19":"sold-individually","20":"purchasable","21":"product-type-simple"},"_links":{"self":[{"href":"https:\/\/gpl-love.com\/es\/wp-json\/wp\/v2\/product\/110041","targetHints":{"allow":["GET"]}}],"collection":[{"href":"https:\/\/gpl-love.com\/es\/wp-json\/wp\/v2\/product"}],"about":[{"href":"https:\/\/gpl-love.com\/es\/wp-json\/wp\/v2\/types\/product"}],"replies":[{"embeddable":true,"href":"https:\/\/gpl-love.com\/es\/wp-json\/wp\/v2\/comments?post=110041"}],"wp:featuredmedia":[{"embeddable":true,"href":"https:\/\/gpl-love.com\/es\/wp-json\/wp\/v2\/media\/166074"}],"wp:attachment":[{"href":"https:\/\/gpl-love.com\/es\/wp-json\/wp\/v2\/media?parent=110041"}],"wp:term":[{"taxonomy":"product_brand","embeddable":true,"href":"https:\/\/gpl-love.com\/es\/wp-json\/wp\/v2\/product_brand?post=110041"},{"taxonomy":"product_cat","embeddable":true,"href":"https:\/\/gpl-love.com\/es\/wp-json\/wp\/v2\/product_cat?post=110041"},{"taxonomy":"product_tag","embeddable":true,"href":"https:\/\/gpl-love.com\/es\/wp-json\/wp\/v2\/product_tag?post=110041"}],"curies":[{"name":"wp","href":"https:\/\/api.w.org\/{rel}","templated":true}]}}