{"id":110039,"date":"2024-08-21T00:00:00","date_gmt":"2024-08-21T05:00:00","guid":{"rendered":"http:\/\/gpl-love.com\/es\/producto\/facetwp-alphabetical-listing\/"},"modified":"2026-03-09T07:34:06","modified_gmt":"2026-03-09T12:34:06","slug":"facetwp-alphabetical-listing","status":"publish","type":"product","link":"https:\/\/gpl-love.com\/es\/producto\/facetwp-alphabetical-listing\/","title":{"rendered":"FacetWP Alphabetical Listing 1.4"},"content":{"rendered":"<h3>FacetWP Alphabetical Listing Caracteristicas<\/h3>\n<p>La asombrosa herramienta de b\u00fasqueda y filtrado conocida como Listado alfab\u00e9tico FACETWP posee un inmenso poder en su capacidad para ayudar a los usuarios a descubrir r\u00e1pidamente y sin esfuerzo su informaci\u00f3n deseada en su sitio web. Al generar un \u00edndice alfab\u00e9tico integral de su contenido, este complemento excepcional otorga a los usuarios la capacidad de examinar y organizar meticulosamente sus resultados de b\u00fasqueda, todo al tiempo que garantiza que encuentren precisamente lo que buscan. Con la implementaci\u00f3n de la lista alfab\u00e9tica FACETWP, tiene la notable oportunidad de mejorar la experiencia general del usuario en su sitio web, lo que genera niveles elevados de participaci\u00f3n y disminuye significativamente las tasas de rebote. Independientemente de si est\u00e1 supervisando las operaciones de un establecimiento de comercio electr\u00f3nico o administrando un sitio web repleto de contenido, la adquisici\u00f3n de este complemento indispensable es una necesidad absoluta para la optimizaci\u00f3n perfecta de sus capacidades de b\u00fasqueda y filtrado.<\/p>\n<ul>\n<li>Cree r\u00e1pida y f\u00e1cilmente una lista alfab\u00e9tica de sus resultados FACETWP<\/li>\n<li>Permite a los usuarios navegar f\u00e1cilmente a trav\u00e9s de grandes listas de resultados<\/li>\n<li>Funciona sin problemas con las potentes opciones de clasificaci\u00f3n y filtrado de FacetWP<\/li>\n<li>Totalmente personalizable para que coincida con la apariencia de su sitio web<\/li>\n<li>F\u00e1cil de instalar e integrar con su configuraci\u00f3n FACETWP existente<\/li>\n<li>Ideal para sitios con grandes cat\u00e1logos, directorios o directorios de proveedores o socios<\/li>\n<li>Facilita que los usuarios encuentren lo que est\u00e1n buscando, mejorando su experiencia y satisfacci\u00f3n general<\/li>\n<li>Ayuda a aumentar el compromiso y la retenci\u00f3n de usuarios en su sitio al facilitar la navegaci\u00f3n y acceder a su contenido<\/li>\n<li>Agiliza el viaje del usuario y simplifica que los visitantes encuentren la informaci\u00f3n que necesitan.<\/li>\n<\/ul>\n","protected":false},"excerpt":{"rendered":"<p>La lista alfab\u00e9tica FACETWP es un complemento extremadamente \u00fatil que le brinda la oportunidad de erigir una navegaci\u00f3n alfab\u00e9tica para su estimado sitio de WordPress. Al emplear este complemento, puede organizar de manera competente y met\u00f3dica su abundante contenido, lo que permite que sus usuarios apreciados se embarcen en una b\u00fasqueda perfecta y sin esfuerzo de elementos espec\u00edficos. La interfaz f\u00e1cil de usar de este complemento le permite adaptar ingeniosa y sin esfuerzo el estilo y el dise\u00f1o de su listado alfab\u00e9tico para adaptarse a sus gustos y preferencias exigentes. Es importante tener en cuenta que este complemento ha sido cuidadosamente elaborado para integrarse sin esfuerzo con el aclamado FacetWP, un complemento de b\u00fasqueda y filtrado notablemente robusto que se ha ganado una reputaci\u00f3n bien merecida dentro de la estimada comunidad de WordPress. Al emplear juiciosamente este poderoso complemento, puede elevar sin esfuerzo la navegaci\u00f3n y la usabilidad de su sitio web a alturas sin precedentes, solidificando as\u00ed su estado como un modelo de excelencia dentro del \u00e1mbito digital.<\/p>\n","protected":false},"featured_media":166073,"comment_status":"open","ping_status":"open","template":"","meta":[],"product_brand":[2447],"product_cat":[1214,1206,1211],"product_tag":[1507],"class_list":{"0":"post-110039","1":"product","2":"type-product","3":"status-publish","4":"has-post-thumbnail","6":"product_brand-facetwp","7":"product_cat-personalizacion","8":"product_cat-plugins","9":"product_cat-wordpress-plugins","10":"product_tag-facetwp","11":"member-discount","12":"discount-restricted","14":"first","15":"instock","16":"sale","17":"downloadable","18":"virtual","19":"sold-individually","20":"purchasable","21":"product-type-simple"},"_links":{"self":[{"href":"https:\/\/gpl-love.com\/es\/wp-json\/wp\/v2\/product\/110039","targetHints":{"allow":["GET"]}}],"collection":[{"href":"https:\/\/gpl-love.com\/es\/wp-json\/wp\/v2\/product"}],"about":[{"href":"https:\/\/gpl-love.com\/es\/wp-json\/wp\/v2\/types\/product"}],"replies":[{"embeddable":true,"href":"https:\/\/gpl-love.com\/es\/wp-json\/wp\/v2\/comments?post=110039"}],"wp:featuredmedia":[{"embeddable":true,"href":"https:\/\/gpl-love.com\/es\/wp-json\/wp\/v2\/media\/166073"}],"wp:attachment":[{"href":"https:\/\/gpl-love.com\/es\/wp-json\/wp\/v2\/media?parent=110039"}],"wp:term":[{"taxonomy":"product_brand","embeddable":true,"href":"https:\/\/gpl-love.com\/es\/wp-json\/wp\/v2\/product_brand?post=110039"},{"taxonomy":"product_cat","embeddable":true,"href":"https:\/\/gpl-love.com\/es\/wp-json\/wp\/v2\/product_cat?post=110039"},{"taxonomy":"product_tag","embeddable":true,"href":"https:\/\/gpl-love.com\/es\/wp-json\/wp\/v2\/product_tag?post=110039"}],"curies":[{"name":"wp","href":"https:\/\/api.w.org\/{rel}","templated":true}]}}