{"id":110035,"date":"2021-02-09T00:00:00","date_gmt":"2021-02-09T05:00:00","guid":{"rendered":"http:\/\/gpl-love.com\/es\/producto\/buddypress-boss\/"},"modified":"2026-03-13T17:17:09","modified_gmt":"2026-03-13T22:17:09","slug":"buddypress-boss","status":"publish","type":"product","link":"https:\/\/gpl-love.com\/es\/producto\/buddypress-boss\/","title":{"rendered":"BuddyBoss Boss Theme 2.5.7"},"content":{"rendered":"<h3>BuddyBoss Boss Theme Caracteristicas<\/h3>\n<p>El tema de Buddyboss Boss, un tema de WordPress altamente intuitivo y notablemente flexible, ha sido meticulosamente elaborado con el prop\u00f3sito expl\u00edcito de facilitar la construcci\u00f3n de comunidades en l\u00ednea y sitios de membres\u00eda. En virtud de su dise\u00f1o asombrosamente elegante y sin esfuerzo adaptable, el tema de Boss, dotan a los propietarios de sitios con la capacidad de dise\u00f1ar una presencia en l\u00ednea profesional y cautivadora, una que promueve y fomenta activamente la interacci\u00f3n y la colaboraci\u00f3n entre sus diversos miembros. Este tema cuenta con una variedad expansiva de plantillas predise\u00f1adas y una variedad de caracter\u00edsticas, que incluyen, entre otros, widgets hechos a medida, constructores de p\u00e1ginas de van Una experiencia verdaderamente incomparable y distintiva para su apreciada comunidad. Adem\u00e1s, el equipo de BuddyBoss, reconocido por su inquebrantable compromiso con la excelencia, es resuelto en su dedicaci\u00f3n a proporcionar un soporte incomparable y actualizaciones regulares, asegurando as\u00ed que el tema del jefe permanezca perpetuamente alineado con los requisitos y demandas en constante. comunidades.<\/p>\n<ul>\n<li>Buddyboss Boss Theme es un tema premium de WordPress dise\u00f1ado para crear sitios web totalmente funcionales y visualmente atractivos.<\/li>\n<li>El tema viene con un poderoso conjunto de caracter\u00edsticas y herramientas, lo que lo convierte en una opci\u00f3n ideal para construir comunidades en l\u00ednea, sitios web de membres\u00eda, plataformas de aprendizaje electr\u00f3nico y sitios web de negocios.<\/li>\n<li>El tema es sensible a los dispositivos m\u00f3viles, asegurando que su sitio web se vea genial en todos los dispositivos, independientemente del tama\u00f1o de la pantalla.<\/li>\n<li>El tema de Buddyboss Boss ofrece una variedad de opciones de personalizaci\u00f3n, lo que le permite adaptar el dise\u00f1o y el dise\u00f1o de su sitio web para que coincida con su marca.<\/li>\n<li>Puede crear y administrar f\u00e1cilmente perfiles de miembros, grupos y foros utilizando las caracter\u00edsticas de membres\u00eda incorporadas del tema.<\/li>\n<li>El tema incluye una gama de plantillas y dise\u00f1os de p\u00e1gina preconstruidos, lo que facilita la creaci\u00f3n de p\u00e1ginas de aspecto profesional r\u00e1pidamente.<\/li>\n<li>El tema de Buddyboss Boss es totalmente compatible con una amplia variedad de complementos populares de WordPress, extendiendo a\u00fan m\u00e1s su funcionalidad.<\/li>\n<li>El tema incluye el apoyo dedicado del equipo de Buddyboss, asegurando que tenga una orientaci\u00f3n experta cuando la necesite.<\/li>\n<li>El tema de Buddyboss Boss est\u00e1 dise\u00f1ado para facilitarle la construcci\u00f3n y cultivar una pr\u00f3spera comunidad o negocio en l\u00ednea, con todas las herramientas y caracter\u00edsticas que necesita en un solo lugar.<\/li>\n<\/ul>\n","protected":false},"excerpt":{"rendered":"<p>Presentando el tema de Buddyboss Boss, un tema de WordPress innovador y altamente personalizable dise\u00f1ado para mejorar la funcionalidad y la est\u00e9tica de su sitio web. Este tema din\u00e1mico de jefe ofrece una integraci\u00f3n perfecta con BuddyPress, lo que le permite crear una comunidad en l\u00ednea vibrante con facilidad. Su dise\u00f1o receptivo garantiza que su sitio web se vea impresionante en todos los dispositivos, incluidos los dispositivos m\u00f3viles y el escritorio. El tema de Buddyboss Boss presenta una interfaz intuitiva y f\u00e1cil de usar, lo que lo hace perfecto para principiantes y dise\u00f1adores web experimentados por igual. Con sus capacidades avanzadas de redes sociales, sus usuarios pueden conectarse f\u00e1cilmente, comunicarse y compartir contenido. Adem\u00e1s, incluye una gama de opciones de personalizaci\u00f3n, desde esquemas de tipograf\u00eda y color hasta dise\u00f1os de p\u00e1ginas, lo que le permite crear un entorno en l\u00ednea \u00fanico y atractivo. Invierta en el tema de Buddyboss Boss y eleva su sitio web a nuevas alturas.<\/p>\n","protected":false},"featured_media":165566,"comment_status":"open","ping_status":"open","template":"","meta":[],"product_brand":[2388],"product_cat":[1267,1237,1238],"product_tag":[1505],"class_list":{"0":"post-110035","1":"product","2":"type-product","3":"status-publish","4":"has-post-thumbnail","6":"product_brand-buddyboss","7":"product_cat-creativo","8":"product_cat-temas","9":"product_cat-wordpress-temas","10":"product_tag-buddyboss","11":"member-discount","12":"discount-restricted","14":"first","15":"instock","16":"sale","17":"downloadable","18":"virtual","19":"sold-individually","20":"purchasable","21":"product-type-simple"},"_links":{"self":[{"href":"https:\/\/gpl-love.com\/es\/wp-json\/wp\/v2\/product\/110035","targetHints":{"allow":["GET"]}}],"collection":[{"href":"https:\/\/gpl-love.com\/es\/wp-json\/wp\/v2\/product"}],"about":[{"href":"https:\/\/gpl-love.com\/es\/wp-json\/wp\/v2\/types\/product"}],"replies":[{"embeddable":true,"href":"https:\/\/gpl-love.com\/es\/wp-json\/wp\/v2\/comments?post=110035"}],"wp:featuredmedia":[{"embeddable":true,"href":"https:\/\/gpl-love.com\/es\/wp-json\/wp\/v2\/media\/165566"}],"wp:attachment":[{"href":"https:\/\/gpl-love.com\/es\/wp-json\/wp\/v2\/media?parent=110035"}],"wp:term":[{"taxonomy":"product_brand","embeddable":true,"href":"https:\/\/gpl-love.com\/es\/wp-json\/wp\/v2\/product_brand?post=110035"},{"taxonomy":"product_cat","embeddable":true,"href":"https:\/\/gpl-love.com\/es\/wp-json\/wp\/v2\/product_cat?post=110035"},{"taxonomy":"product_tag","embeddable":true,"href":"https:\/\/gpl-love.com\/es\/wp-json\/wp\/v2\/product_tag?post=110035"}],"curies":[{"name":"wp","href":"https:\/\/api.w.org\/{rel}","templated":true}]}}