{"id":110033,"date":"2026-04-16T00:00:00","date_gmt":"2026-04-16T05:00:00","guid":{"rendered":"http:\/\/gpl-love.com\/es\/producto\/booster-plus-for-woocommerce\/"},"modified":"2026-04-16T17:15:29","modified_gmt":"2026-04-16T22:15:29","slug":"booster-plus-for-woocommerce","status":"publish","type":"product","link":"https:\/\/gpl-love.com\/es\/producto\/booster-plus-for-woocommerce\/","title":{"rendered":"Booster Plus para WooCommerce 8.0.0"},"content":{"rendered":"<h3>Booster Plus para WooCommerce Caracteristicas<\/h3>\n<p>Booster Plus para WooCommerce, un complemento incre\u00edblemente formidable meticulosamente elaborado para aumentar la funcionalidad y las caracter\u00edsticas de su estimada tienda de comercio electr\u00f3nico, est\u00e1 a su disposici\u00f3n. Este complemento excepcional lo bendice con una amplia variedad de herramientas y configuraciones de vanguardia, lo que le permite mejorar el rendimiento de su tienda, racionalizar sus intrincados flujos de trabajo y dotar a sus clientes apreciados con una experiencia de compra impecablemente perfecta. Ya sea que su deseo ferviente implique optimizar su proceso de pago, automatizar sus intrincados esfuerzos de marketing por correo electr\u00f3nico o incorporar una variedad de campos de productos meticulosamente personalizados, tenga la seguridad de que Booster Plus posee todos los ingredientes indispensables necesarios para catapultar su tienda a la cumbre del \u00e9xito. Para amplificar a\u00fan m\u00e1s esta propuesta de valor incomparable, Booster Plus cautiva sus sentidos con su interfaz notablemente f\u00e1cil de usar y su dise\u00f1o sublime, consolidando as\u00ed su estado inequ\u00edvoca como una herramienta indispensable para cada propietario de la tienda de WooCommerce que se esfuerza sin problemas para aumentar sus ventas y su crecimiento comercial exponente fomentar el crecimiento comercial exponencial y fomentar el crecimiento comercial fomental fomentar y fomentar el crecimiento comercial exponente y fomentar el crecimiento empresarial fomental fomentar y fomentar el crecimiento empresarial exponencial y fomentar su crecimiento exponencial. .<\/p>\n<ul>\n<li>Aumenta la velocidad y el rendimiento de su tienda WooCommerce<\/li>\n<li>Mejora la experiencia del cliente al racionalizar el proceso de pago<\/li>\n<li>Mejora la funcionalidad de b\u00fasqueda de productos con resultados de rayo r\u00e1pido<\/li>\n<li>Optimiza las p\u00e1ginas de productos para los tiempos de carga de rayos r\u00e1pidos<\/li>\n<li>Aumenta las tasas de conversi\u00f3n al reducir el abandono del carrito a trav\u00e9s de tiempos de carga de p\u00e1gina m\u00e1s r\u00e1pidos<\/li>\n<li>Habilita un servicio al cliente m\u00e1s r\u00e1pido y receptivo con tiempos de carga de p\u00e1gina m\u00e1s r\u00e1pidos<\/li>\n<li>Aumenta la escalabilidad de la tienda, lo que permite m\u00e1s tr\u00e1fico y m\u00e1s pedidos<\/li>\n<li>Optimiza autom\u00e1ticamente las im\u00e1genes para tiempos de carga de p\u00e1gina m\u00e1s r\u00e1pidos<\/li>\n<li>Proporciona informaci\u00f3n detallada de rendimiento para ayudarlo a ajustar su tienda para obtener resultados \u00f3ptimos<\/li>\n<li>Ofrece una amplia gama de opciones de personalizaci\u00f3n para garantizar que el refuerzo se ajuste a la perfecci\u00f3n en el dise\u00f1o de su sitio existente.<\/li>\n<\/ul>\n","protected":false},"excerpt":{"rendered":"<p>Aumente su negocio de comercio electr\u00f3nico con Booster Plus para WooCommerce. Esta poderosa herramienta ofrece una soluci\u00f3n integral para maximizar la funcionalidad y la eficiencia de su tienda en l\u00ednea. Con Booster Plus, puede personalizar los campos de facturaci\u00f3n y env\u00edo, agregar m\u00faltiples monedas, adaptar sus precios y descuentos, y mucho m\u00e1s. Esta extensi\u00f3n de WooCommerce tambi\u00e9n le permite modificar las facturas PDF de WooCommerce y las resbalones de embalaje para un aspecto m\u00e1s profesional. Su caracter\u00edstica multiling\u00fce y multi-monedas garantiza que su negocio llegue a una audiencia global. Con Booster Plus para WooCommerce, puede optimizar sus operaciones, mejorar el rendimiento de su tienda y mejorar significativamente sus ventas. Es una inversi\u00f3n valiosa para cualquier emprendedor de comercio electr\u00f3nico con el objetivo de llevar su negocio al siguiente nivel. Entonces, \u00bfpor qu\u00e9 esperar? \u00a1Aumenta tu tienda WooCommerce con Booster Plus hoy!<\/p>\n","protected":false},"featured_media":165542,"comment_status":"open","ping_status":"open","template":"","meta":[],"product_brand":[2381],"product_cat":[1207,1248,1206],"product_tag":[1503],"class_list":{"0":"post-110033","1":"product","2":"type-product","3":"status-publish","4":"has-post-thumbnail","6":"product_brand-booster","7":"product_cat-comercio-electronico-plugins","8":"product_cat-personalizacion-comercio-electronico-plugins","9":"product_cat-plugins","10":"product_tag-booster","11":"member-discount","12":"discount-restricted","14":"first","15":"instock","16":"sale","17":"downloadable","18":"virtual","19":"sold-individually","20":"purchasable","21":"product-type-simple"},"_links":{"self":[{"href":"https:\/\/gpl-love.com\/es\/wp-json\/wp\/v2\/product\/110033","targetHints":{"allow":["GET"]}}],"collection":[{"href":"https:\/\/gpl-love.com\/es\/wp-json\/wp\/v2\/product"}],"about":[{"href":"https:\/\/gpl-love.com\/es\/wp-json\/wp\/v2\/types\/product"}],"replies":[{"embeddable":true,"href":"https:\/\/gpl-love.com\/es\/wp-json\/wp\/v2\/comments?post=110033"}],"wp:featuredmedia":[{"embeddable":true,"href":"https:\/\/gpl-love.com\/es\/wp-json\/wp\/v2\/media\/165542"}],"wp:attachment":[{"href":"https:\/\/gpl-love.com\/es\/wp-json\/wp\/v2\/media?parent=110033"}],"wp:term":[{"taxonomy":"product_brand","embeddable":true,"href":"https:\/\/gpl-love.com\/es\/wp-json\/wp\/v2\/product_brand?post=110033"},{"taxonomy":"product_cat","embeddable":true,"href":"https:\/\/gpl-love.com\/es\/wp-json\/wp\/v2\/product_cat?post=110033"},{"taxonomy":"product_tag","embeddable":true,"href":"https:\/\/gpl-love.com\/es\/wp-json\/wp\/v2\/product_tag?post=110033"}],"curies":[{"name":"wp","href":"https:\/\/api.w.org\/{rel}","templated":true}]}}