{"id":110029,"date":"2025-12-25T00:00:00","date_gmt":"2025-12-25T05:00:00","guid":{"rendered":"http:\/\/gpl-love.com\/es\/producto\/anywhere-elementor-pro\/"},"modified":"2026-03-09T07:18:12","modified_gmt":"2026-03-09T12:18:12","slug":"anywhere-elementor-pro","status":"publish","type":"product","link":"https:\/\/gpl-love.com\/es\/producto\/anywhere-elementor-pro\/","title":{"rendered":"Anywhere Elementor Pro 2.29.3"},"content":{"rendered":"<h3>Anywhere Elementor Pro Caracteristicas<\/h3>\n<p>Anywhere Elementor Pro, un complemento de WordPress muy robusto, permite a los usuarios extender a la perfecci\u00f3n sus dise\u00f1os de elementor a cada rinc\u00f3n de su sitio web. Al emplear este complemento notable, los usuarios pueden dise\u00f1ar sin esfuerzo encabezados a medida, pies de p\u00e1gina o barras laterales utilizando Elementor y posteriormente mostrarlos en todo su sitio web, eliminando la necesidad de dise\u00f1os duplicados arduamente en cada p\u00e1gina manualmente. Adem\u00e1s, en cualquier lugar, Elementor Pro cuenta con funcionalidades de contenido din\u00e1mico, que equipan a los usuarios con la capacidad de construir plantillas din\u00e1micas y exhibirlas en funci\u00f3n de varios factores como el tipo de post, la taxonom\u00eda u otros par\u00e1metros condicionales. En general, en cualquier lugar, Elementor Pro sirve como una herramienta excepcional, elevando la experiencia de dise\u00f1o del sitio web a alturas sin precedentes.<\/p>\n<ul>\n<li>Un poderoso complemento de WordPress que mejora la funcionalidad del constructor de p\u00e1ginas Elementor.<\/li>\n<li>Permite a los usuarios crear y personalizar encabezados, pies de p\u00e1gina y plantillas de publicaci\u00f3n con Elementor.<\/li>\n<li>Admite contenido din\u00e1mico, como campos personalizados y meta post meta, para garantizar que las actualizaciones de contenido se reflejen en todo el sitio.<\/li>\n<li>Incluye m\u00e1s de 50 widgets y plantillas adicionales para mejorar las capacidades existentes del elemento.<\/li>\n<li>Ofrece condiciones avanzadas de visualizaci\u00f3n para controlar c\u00f3mo y d\u00f3nde se muestra el contenido en el sitio.<\/li>\n<li>Admite descargas digitales de WooCommerce y f\u00e1ciles con widgets y plantillas dedicados.<\/li>\n<li>Incluye una variedad de integraciones con complementos populares de WordPress, como formularios de gravedad y MailChimp.<\/li>\n<li>Permite a los usuarios dise\u00f1ar y administrar elementos del sitio global, como botones de intercambio social y migas de pan, desde una ubicaci\u00f3n centralizada.<\/li>\n<li>Proporciona acceso a atenci\u00f3n al cliente premium y actualizaciones regulares para garantizar la compatibilidad con la \u00faltima versi\u00f3n de WordPress.<\/li>\n<\/ul>\n","protected":false},"excerpt":{"rendered":"<p>En cualquier lugar Elemoror Pro es el mejor complemento de WordPress dise\u00f1ado para mejorar la funcionalidad y la apariencia de su sitio web. Con su interfaz f\u00e1cil de usar y sus caracter\u00edsticas avanzadas, le permite personalizar cada aspecto de su sitio web sin esfuerzo. Su conjunto completo de herramientas incluye un constructor de arrastre y ca\u00edda, que simplifica el proceso de creaci\u00f3n de dise\u00f1os. Tambi\u00e9n puede dise\u00f1ar p\u00e1ginas din\u00e1micas utilizando sus widgets incorporados. El acceso a una biblioteca de plantillas predise\u00f1adas le ahorra tiempo y esfuerzo, lo que le permite crear p\u00e1ginas impresionantes en minutos. En cualquier lugar de Elementor Pro tambi\u00e9n admite sitios de varios idiomas, lo que lo convierte en una herramienta vers\u00e1til para empresas dirigidas a una audiencia global. Con sus capacidades de dise\u00f1o receptivas, su sitio web se ver\u00e1 y funcionar\u00e1 de manera \u00f3ptima en cualquier dispositivo. El complemento tambi\u00e9n es amigable con SEO, lo que aumenta la visibilidad de su sitio en los motores de b\u00fasqueda. Y con su compatibilidad con WooCommerce, administrar su tienda en l\u00ednea se convierte en muy f\u00e1cil. Experimente la libertad del control de dise\u00f1o final con cualquier parte de Elementor Pro.<\/p>\n","protected":false},"featured_media":165377,"comment_status":"open","ping_status":"open","template":"","meta":[],"product_brand":[2362],"product_cat":[1214,1206,1211],"product_tag":[1501],"class_list":{"0":"post-110029","1":"product","2":"type-product","3":"status-publish","4":"has-post-thumbnail","6":"product_brand-elementor-addons","7":"product_cat-personalizacion","8":"product_cat-plugins","9":"product_cat-wordpress-plugins","10":"product_tag-elementor-addons","11":"member-discount","12":"discount-restricted","14":"first","15":"instock","16":"sale","17":"downloadable","18":"virtual","19":"sold-individually","20":"purchasable","21":"product-type-simple"},"_links":{"self":[{"href":"https:\/\/gpl-love.com\/es\/wp-json\/wp\/v2\/product\/110029","targetHints":{"allow":["GET"]}}],"collection":[{"href":"https:\/\/gpl-love.com\/es\/wp-json\/wp\/v2\/product"}],"about":[{"href":"https:\/\/gpl-love.com\/es\/wp-json\/wp\/v2\/types\/product"}],"replies":[{"embeddable":true,"href":"https:\/\/gpl-love.com\/es\/wp-json\/wp\/v2\/comments?post=110029"}],"wp:featuredmedia":[{"embeddable":true,"href":"https:\/\/gpl-love.com\/es\/wp-json\/wp\/v2\/media\/165377"}],"wp:attachment":[{"href":"https:\/\/gpl-love.com\/es\/wp-json\/wp\/v2\/media?parent=110029"}],"wp:term":[{"taxonomy":"product_brand","embeddable":true,"href":"https:\/\/gpl-love.com\/es\/wp-json\/wp\/v2\/product_brand?post=110029"},{"taxonomy":"product_cat","embeddable":true,"href":"https:\/\/gpl-love.com\/es\/wp-json\/wp\/v2\/product_cat?post=110029"},{"taxonomy":"product_tag","embeddable":true,"href":"https:\/\/gpl-love.com\/es\/wp-json\/wp\/v2\/product_tag?post=110029"}],"curies":[{"name":"wp","href":"https:\/\/api.w.org\/{rel}","templated":true}]}}