{"id":110027,"date":"2026-04-16T00:00:00","date_gmt":"2026-04-16T05:00:00","guid":{"rendered":"http:\/\/gpl-love.com\/es\/producto\/ajax-search-pro-live-wordpress-search-filter-plugin\/"},"modified":"2026-04-16T17:15:21","modified_gmt":"2026-04-16T22:15:21","slug":"wordpress-search-filter-plugin-pro","status":"publish","type":"product","link":"https:\/\/gpl-love.com\/es\/producto\/wordpress-search-filter-plugin-pro\/","title":{"rendered":"Ajax Search Pro Live WordPress Plugin 4.28.4"},"content":{"rendered":"<h3>Ajax Search Pro Live WordPress Plugin Caracteristicas<\/h3>\n<p>El complemento AJAX Search Pro Live WordPress, conocido por sus notables capacidades en el aumento de la funcionalidad de b\u00fasqueda en los sitios web de WordPress, demuestra ser una herramienta indispensable. Al proporcionar resultados de b\u00fasqueda en tiempo real, los usuarios pueden adquirir sin esfuerzo la informaci\u00f3n deseada sin el inconveniente de esperar las recargas de la p\u00e1gina. El complemento cuenta con un notable grado de personalizaci\u00f3n, lo que permite a los propietarios de sitios web adaptar su apariencia y funcionalidad para alinearse con precisi\u00f3n con sus requisitos \u00fanicos. Adem\u00e1s, extiende el soporte a m\u00faltiples fuentes de b\u00fasqueda, que abarcan tipos de publicaciones personalizadas, campos personalizados y taxonom\u00edas, lo que lo hace particularmente adecuado para sitios web intrincados. Adem\u00e1s de estas caracter\u00edsticas, el complemento tambi\u00e9n ofrece funcionalidades valiosas que incluyen sugerencias de palabras clave, an\u00e1lisis de b\u00fasqueda y autocompletaci\u00f3n, todo lo cual trabaja sin\u00e9rgicamente juntos para optimizar la experiencia de b\u00fasqueda de los usuarios. En resumen, el complemento Ajax Search Pro Live WordPress es una herramienta por excelencia que es indispensable para cualquier sitio web de WordPress que aspira a optimizar su funcionalidad de b\u00fasqueda.<\/p>\n<ul>\n<li>Proporciona funcionalidad de b\u00fasqueda en vivo potente y personalizable para sitios web de WordPress<\/li>\n<li>Incluye soporte para tipos de publicaciones personalizados, productos de WooCommerce e incluso perfiles de usuario<\/li>\n<li>R\u00e1pido y liviano, con resultados de b\u00fasqueda con AJAX que aparecen instant\u00e1neamente a medida que los usuarios escriben<\/li>\n<li>Altamente personalizable, con opciones para controlar el dise\u00f1o de resultados de b\u00fasqueda, tipograf\u00eda y estilo<\/li>\n<li>Soporte incorporado para temas populares de WordPress como Avada, X y Enfold<\/li>\n<li>Incluye potentes opciones de filtrado, incluida la capacidad de buscar por categor\u00eda, etiqueta, taxonom\u00eda y m\u00e1s<\/li>\n<li>Admite sugerencias de b\u00fasqueda y funcionalidad autom\u00e1tica, proporcionando a los usuarios sugerencias \u00fatiles a medida que escriben<\/li>\n<li>Incluye par\u00e1metros de b\u00fasqueda avanzados como coincidencia difusa, coincidencia exacta y b\u00fasqueda de palabras priorizada para una precisi\u00f3n mejorada<\/li>\n<li>Se integra con complementos populares de WordPress como Yoast SEO, ACF y Polylang para mayor flexibilidad y compatibilidad<\/li>\n<li>Respaldado por un equipo de desarrolladores experimentados con una dedicaci\u00f3n a la atenci\u00f3n al cliente y las actualizaciones de productos.<\/li>\n<\/ul>\n","protected":false},"excerpt":{"rendered":"<p>Descubra el poder de Ajax Search Pro Live, un complemento premium de WordPress dise\u00f1ado para mejorar la funcionalidad de b\u00fasqueda de su sitio web. Este complemento ofrece una funci\u00f3n de b\u00fasqueda en vivo, que proporciona resultados en tiempo real a sus visitantes mientras escriben sus consultas. Sus opciones avanzadas de b\u00fasqueda y filtrado aseguran que los usuarios de su sitio web encuentren exactamente lo que est\u00e1n buscando. El complemento Ajax Search Pro Live es totalmente personalizable, lo que le permite adaptar el aspecto de la barra de b\u00fasqueda para que coincida con la est\u00e9tica de su sitio web. Tambi\u00e9n admite una multitud de idiomas, lo que lo convierte en una excelente opci\u00f3n para sitios web multiling\u00fces. Experimente la integraci\u00f3n perfecta, la configuraci\u00f3n f\u00e1cil de usar y el rendimiento superior de Ajax Search Pro Live. No es solo un complemento; Es un cambio de juego para la experiencia de usuario de tu sitio de WordPress.<\/p>\n","protected":false},"featured_media":165340,"comment_status":"open","ping_status":"closed","template":"","meta":[],"product_brand":[2339],"product_cat":[1214,1206,1211],"product_tag":[1256],"class_list":{"0":"post-110027","1":"product","2":"type-product","3":"status-publish","4":"has-post-thumbnail","6":"product_brand-codecanyon","7":"product_cat-personalizacion","8":"product_cat-plugins","9":"product_cat-wordpress-plugins","10":"product_tag-codecanyon","11":"member-discount","12":"discount-restricted","14":"first","15":"instock","16":"sale","17":"downloadable","18":"virtual","19":"sold-individually","20":"purchasable","21":"product-type-simple"},"_links":{"self":[{"href":"https:\/\/gpl-love.com\/es\/wp-json\/wp\/v2\/product\/110027","targetHints":{"allow":["GET"]}}],"collection":[{"href":"https:\/\/gpl-love.com\/es\/wp-json\/wp\/v2\/product"}],"about":[{"href":"https:\/\/gpl-love.com\/es\/wp-json\/wp\/v2\/types\/product"}],"replies":[{"embeddable":true,"href":"https:\/\/gpl-love.com\/es\/wp-json\/wp\/v2\/comments?post=110027"}],"wp:featuredmedia":[{"embeddable":true,"href":"https:\/\/gpl-love.com\/es\/wp-json\/wp\/v2\/media\/165340"}],"wp:attachment":[{"href":"https:\/\/gpl-love.com\/es\/wp-json\/wp\/v2\/media?parent=110027"}],"wp:term":[{"taxonomy":"product_brand","embeddable":true,"href":"https:\/\/gpl-love.com\/es\/wp-json\/wp\/v2\/product_brand?post=110027"},{"taxonomy":"product_cat","embeddable":true,"href":"https:\/\/gpl-love.com\/es\/wp-json\/wp\/v2\/product_cat?post=110027"},{"taxonomy":"product_tag","embeddable":true,"href":"https:\/\/gpl-love.com\/es\/wp-json\/wp\/v2\/product_tag?post=110027"}],"curies":[{"name":"wp","href":"https:\/\/api.w.org\/{rel}","templated":true}]}}