{"id":109951,"date":"2025-04-17T00:00:00","date_gmt":"2025-04-17T05:00:00","guid":{"rendered":"http:\/\/gpl-love.com\/es\/producto\/green-popups-popup-plugin-for-wordpress\/"},"modified":"2026-03-09T07:41:33","modified_gmt":"2026-03-09T12:41:33","slug":"green-popups-popup-plugin-for-wordpress","status":"publish","type":"product","link":"https:\/\/gpl-love.com\/es\/producto\/green-popups-popup-plugin-for-wordpress\/","title":{"rendered":"Green Popups WordPress Plugin 7.52"},"content":{"rendered":"<h3>Green Popups WordPress Plugin Caracteristicas<\/h3>\n<p>El complemento Green Popups WordPress emerge como una herramienta excepcionalmente robusta e influyente, dise\u00f1ada para escalar de manera efectiva las tasas de conversi\u00f3n de su sitio web a trav\u00e9s de la creaci\u00f3n de ventanas emergentes cautivadoras. Ofreciendo una gama completa de variaciones emergentes, incluidas las ventanas emergentes de intenci\u00f3n de salida, ventanas emergentes activadas por desplazamiento y ventanas emergentes retrasadas en el tiempo, este complemento presenta una amplia gama de opciones que pueden manifestarse sin problemas en cualquier p\u00e1gina web o publicaci\u00f3n deseada dentro de su sitio web. Al aprovechar las ventanas emergentes verdes, se le otorga la capacidad de adaptar sus ventanas emergentes a la perfecci\u00f3n, incorporando una variedad de elementos de dise\u00f1o, que van desde im\u00e1genes de fondo fascinantes hasta texto y botones convincentes. Adem\u00e1s, este complemento abarca capacidades de orientaci\u00f3n altamente sofisticadas, lo que le permite perfeccionar p\u00e1ginas espec\u00edficas o comportamiento del usuario, asegurando as\u00ed que sus ventanas emergentes se muestren efectivamente a la audiencia apropiada. Adem\u00e1s de sus atributos m\u00faltiples, Green Popups se integra perfectamente con destacados servicios de marketing por correo electr\u00f3nico, lo que hace que el proceso de sincronizaci\u00f3n de sus ventanas emergentes con sus campa\u00f1as de correo electr\u00f3nico no sea notable. En esencia, este complemento es un activo indispensable para cualquier propietario del sitio web que anhela amplificar sus tasas de conversi\u00f3n y expandir su lista de correo electr\u00f3nico.<\/p>\n<ul>\n<li>Instalaci\u00f3n f\u00e1cil y proceso de configuraci\u00f3n<\/li>\n<li>Dise\u00f1os y configuraciones emergentes personalizables para que coincidan con la marca de su sitio web<\/li>\n<li>M\u00faltiples opciones de orientaci\u00f3n para mostrar ventanas emergentes a audiencias espec\u00edficas o en p\u00e1ginas espec\u00edficas<\/li>\n<li>Capacidad para probar los dise\u00f1os emergentes de prueba A\/B y la orientaci\u00f3n para resultados \u00f3ptimos<\/li>\n<li>Integraci\u00f3n con servicios de marketing por correo electr\u00f3nico como MailChimp y Constant Contact<\/li>\n<li>An\u00e1lisis incorporado para rastrear el rendimiento emergente y medir el \u00e9xito<\/li>\n<li>Popups receptivas para dispositivos m\u00f3viles para una experiencia de usuario perfecta en todos los dispositivos<\/li>\n<li>Opci\u00f3n para ventanas emergentes cronometradas o desencadenantes de desplazamiento para involucrar a los visitantes en el momento correcto<\/li>\n<li>Actualizaciones regulares y atenci\u00f3n al cliente para cualquier pregunta o problema.<\/li>\n<\/ul>\n","protected":false},"excerpt":{"rendered":"<p>El complemento Green Popups WordPress, una herramienta altamente efectiva para cautivar la atenci\u00f3n con sus ventanas emergentes visualmente atractivas, le permite aprovechar los leads sin esfuerzo y expandir su lista de correo electr\u00f3nico. Al utilizar su interfaz de arrastrar y soltar f\u00e1cilmente de usuario, se le otorga la capacidad de personalizar sus ventanas emergentes con una variedad de componentes multimedia, como im\u00e1genes cautivadoras, videos atractivos y texto convincente, armonizando sin problemas con la est\u00e9tica de su sitio web. Adem\u00e1s, est\u00e1 facultado para seleccionar entre una amplia gama de opciones de activaci\u00f3n, incluida la intenci\u00f3n de salida, la pantalla cronometrada y los desencadenantes basados \u200b\u200ben desplazamiento, lo que le brinda una flexibilidad incomparable. Para mejorar a\u00fan m\u00e1s sus esfuerzos de marketing, el complemento ofrece capacidades de orientaci\u00f3n avanzada, lo que le permite mostrar selectivamente sus ventanas emergentes a subconjuntos espec\u00edficos de su audiencia en funci\u00f3n de sus patrones de comportamiento o ubicaci\u00f3n geogr\u00e1fica. Eleve sus tasas de conversi\u00f3n a alturas sin precedentes haciendo uso del notable complemento Popups Green Popups WordPress.<\/p>\n","protected":false},"featured_media":166385,"comment_status":"open","ping_status":"open","template":"","meta":[],"product_brand":[2339],"product_cat":[1232,1206,1211],"product_tag":[1256],"class_list":{"0":"post-109951","1":"product","2":"type-product","3":"status-publish","4":"has-post-thumbnail","6":"product_brand-codecanyon","7":"product_cat-marketing-wordpress-plugins","8":"product_cat-plugins","9":"product_cat-wordpress-plugins","10":"product_tag-codecanyon","11":"member-discount","12":"discount-restricted","14":"first","15":"instock","16":"sale","17":"downloadable","18":"virtual","19":"sold-individually","20":"purchasable","21":"product-type-simple"},"_links":{"self":[{"href":"https:\/\/gpl-love.com\/es\/wp-json\/wp\/v2\/product\/109951","targetHints":{"allow":["GET"]}}],"collection":[{"href":"https:\/\/gpl-love.com\/es\/wp-json\/wp\/v2\/product"}],"about":[{"href":"https:\/\/gpl-love.com\/es\/wp-json\/wp\/v2\/types\/product"}],"replies":[{"embeddable":true,"href":"https:\/\/gpl-love.com\/es\/wp-json\/wp\/v2\/comments?post=109951"}],"wp:featuredmedia":[{"embeddable":true,"href":"https:\/\/gpl-love.com\/es\/wp-json\/wp\/v2\/media\/166385"}],"wp:attachment":[{"href":"https:\/\/gpl-love.com\/es\/wp-json\/wp\/v2\/media?parent=109951"}],"wp:term":[{"taxonomy":"product_brand","embeddable":true,"href":"https:\/\/gpl-love.com\/es\/wp-json\/wp\/v2\/product_brand?post=109951"},{"taxonomy":"product_cat","embeddable":true,"href":"https:\/\/gpl-love.com\/es\/wp-json\/wp\/v2\/product_cat?post=109951"},{"taxonomy":"product_tag","embeddable":true,"href":"https:\/\/gpl-love.com\/es\/wp-json\/wp\/v2\/product_tag?post=109951"}],"curies":[{"name":"wp","href":"https:\/\/api.w.org\/{rel}","templated":true}]}}