{"id":109237,"date":"2025-11-26T00:00:00","date_gmt":"2025-11-26T05:00:00","guid":{"rendered":"http:\/\/gpl-love.com\/es\/producto\/divi-plus-new-modules-and-extensions-to-divi-theme\/"},"modified":"2026-03-09T07:27:28","modified_gmt":"2026-03-09T12:27:28","slug":"divi-plus-new-modules-and-extensions-to-divi-theme","status":"publish","type":"product","link":"https:\/\/gpl-love.com\/es\/producto\/divi-plus-new-modules-and-extensions-to-divi-theme\/","title":{"rendered":"Divi Plus New Modules y Extensions to Divi Theme 1.20.0"},"content":{"rendered":"<h3>Divi Plus New Modules y Extensions to Divi Theme Caracteristicas<\/h3>\n<p>Divi Plus es un conjunto extremadamente influyente de nuevos m\u00f3dulos y extensiones que pueden integrarse perfectamente en su tema Divi, lo que le permite fabricar sitios web visualmente cautivadores y altamente receptivos. Con la inclusi\u00f3n de Divi Plus, su sitio web se puede enriquecer con una gran cantidad de caracter\u00edsticas innovadoras, que abarca cajas de flip, tablas de precios, testimonios y una variedad de otros complementos notables. En particular, esta suite integral tambi\u00e9n abarca extensiones meticulosamente dise\u00f1adas adaptadas expl\u00edcitamente para WooCommerce, lo que lo convierte en una opci\u00f3n excepcionalmente adecuada para las tiendas en l\u00ednea. No es importante si usted es un desarrollador web consumado, un propietario de una empresa modesta, o simplemente un individuo que se esfuerza por mejorar la funcionalidad de su sitio web, Divi Plus se erige como una selecci\u00f3n incomparable que lo ayudar\u00e1 sin reservas a elevar su presencia en l\u00ednea a su presencia en l\u00ednea a alturas.<\/p>\n<ul>\n<li>Aumente sus capacidades de dise\u00f1o web con Divi Plus<\/li>\n<li>Disfrute de una variedad de nuevos m\u00f3dulos y extensiones dise\u00f1adas espec\u00edficamente para el tema Divi<\/li>\n<li>Agilice su flujo de trabajo con funciones intuitivas de arrastrar y soltar<\/li>\n<li>Crea sitios web impresionantes con plantillas y dise\u00f1os preconstruidos<\/li>\n<li>Acceda a una extensa biblioteca de iconos, botones y formas para mejorar sus dise\u00f1os<\/li>\n<li>Aumentar la participaci\u00f3n del usuario con elementos interactivos y receptivos<\/li>\n<li>Personalice sus dise\u00f1os con opciones de tipograf\u00eda avanzada y animaciones<\/li>\n<li>Lograr un dise\u00f1o de p\u00edxeles perfectos con controles de dise\u00f1o avanzados y opciones de dise\u00f1o<\/li>\n<li>Optimice su sitio web con funciones amigables con SEO<\/li>\n<li>Disfrute de actualizaciones regulares y el apoyo 24\/7 del equipo Divi Plus.<\/li>\n<\/ul>\n","protected":false},"excerpt":{"rendered":"<p>Presentamos Divi Plus, una adici\u00f3n revolucionaria al tema Divi est\u00e1ndar. Mejore su sitio web con nuestros nuevos m\u00f3dulos y extensiones dise\u00f1adas espec\u00edficamente para Divi. Con Divi Plus, tiene acceso a una multitud de caracter\u00edsticas \u00fanicas que racionalizan el proceso de creaci\u00f3n de su sitio web y aumentan la participaci\u00f3n del usuario. Nuestros m\u00f3dulos est\u00e1n llenos de opciones personalizables, que ofrecen el m\u00e1s alto nivel de flexibilidad y creatividad para el dise\u00f1o de su sitio web. Adem\u00e1s, nuestras extensiones ayudan a elevar la funcionalidad de su sitio web, haci\u00e9ndola m\u00e1s din\u00e1mica e interactiva. Con Divi Plus, cada sitio web que dise\u00f1e ser\u00e1 una obra maestra, atrayendo y cautivando a sus clientes potenciales. Experimente los beneficios de nuestras caracter\u00edsticas hoy y transforme su tema Divi en una herramienta poderosa para la creaci\u00f3n de sitios web.<\/p>\n","protected":false},"featured_media":165787,"comment_status":"open","ping_status":"open","template":"","meta":[],"product_brand":[2419],"product_cat":[1214,1206,1211],"product_tag":[2293],"class_list":{"0":"post-109237","1":"product","2":"type-product","3":"status-publish","4":"has-post-thumbnail","6":"product_brand-divi-extended","7":"product_cat-personalizacion","8":"product_cat-plugins","9":"product_cat-wordpress-plugins","10":"product_tag-divi-extended","11":"member-discount","12":"discount-restricted","14":"first","15":"instock","16":"sale","17":"downloadable","18":"virtual","19":"sold-individually","20":"purchasable","21":"product-type-simple"},"_links":{"self":[{"href":"https:\/\/gpl-love.com\/es\/wp-json\/wp\/v2\/product\/109237","targetHints":{"allow":["GET"]}}],"collection":[{"href":"https:\/\/gpl-love.com\/es\/wp-json\/wp\/v2\/product"}],"about":[{"href":"https:\/\/gpl-love.com\/es\/wp-json\/wp\/v2\/types\/product"}],"replies":[{"embeddable":true,"href":"https:\/\/gpl-love.com\/es\/wp-json\/wp\/v2\/comments?post=109237"}],"wp:featuredmedia":[{"embeddable":true,"href":"https:\/\/gpl-love.com\/es\/wp-json\/wp\/v2\/media\/165787"}],"wp:attachment":[{"href":"https:\/\/gpl-love.com\/es\/wp-json\/wp\/v2\/media?parent=109237"}],"wp:term":[{"taxonomy":"product_brand","embeddable":true,"href":"https:\/\/gpl-love.com\/es\/wp-json\/wp\/v2\/product_brand?post=109237"},{"taxonomy":"product_cat","embeddable":true,"href":"https:\/\/gpl-love.com\/es\/wp-json\/wp\/v2\/product_cat?post=109237"},{"taxonomy":"product_tag","embeddable":true,"href":"https:\/\/gpl-love.com\/es\/wp-json\/wp\/v2\/product_tag?post=109237"}],"curies":[{"name":"wp","href":"https:\/\/api.w.org\/{rel}","templated":true}]}}