{"id":109226,"date":"2026-01-28T00:00:00","date_gmt":"2026-01-28T05:00:00","guid":{"rendered":"http:\/\/gpl-love.com\/es\/producto\/amelia-enterprise-level-appointment-booking-wordpress-plugin\/"},"modified":"2026-03-31T17:15:14","modified_gmt":"2026-03-31T22:15:14","slug":"amelia-enterprise-level-appointment-booking-wordpress-plugin","status":"publish","type":"product","link":"https:\/\/gpl-love.com\/es\/producto\/amelia-enterprise-level-appointment-booking-wordpress-plugin\/","title":{"rendered":"Amelia Enterprise Level Appointment Booking WordPress Plugin 9.3"},"content":{"rendered":"<h3>Amelia Enterprise Level Appointment Booking WordPress Plugin Caracteristicas<\/h3>\n<p>El complemento de WordPress de la reserva de citas de nivel empresarial de Amelia es una herramienta que lo abarca todo que se ha creado espec\u00edficamente para facilitar el proceso de reserva de citas para las empresas, independientemente de su tama\u00f1o. Este notable complemento cuenta con una interfaz f\u00e1cil de usar que es incre\u00edblemente f\u00e1cil de navegar, junto con una amplia gama de caracter\u00edsticas que aseguran una administraci\u00f3n de citas sin problemas, organizaci\u00f3n de programaci\u00f3n y administraci\u00f3n de clientes, todo consolidado en una plataforma conveniente. Lo que distingue a Amelia de otros complementos es su nivel de personalizaci\u00f3n incomparable, lo que permite a las empresas adaptar el complemento a sus necesidades y requisitos individuales. Adem\u00e1s, Amelia ofrece una gran cantidad de funcionalidades avanzadas, como una integraci\u00f3n perfecta con pasarelas de pago populares, notificaciones de correo electr\u00f3nico r\u00e1pidas y sincronizaci\u00f3n en tiempo real con varios calendarios. Por lo tanto, ya sea que est\u00e9 operando una empresa empresarial de tama\u00f1o modesto o una entidad corporativa colosal, el complemento de WordPress de cita de nivel empresarial de Amelia sirve como una soluci\u00f3n \u00f3ptima para optimizar su proceso de reserva de citas y aumentar la experiencia general del cliente.<\/p>\n<ul>\n<li>Un poderoso complemento de WordPress para la reserva de citas avanzadas<\/li>\n<li>Caracter\u00edsticas de nivel empresarial para necesidades de reserva de alto volumen<\/li>\n<li>P\u00e1ginas de reserva personalizables y correos electr\u00f3nicos de confirmaci\u00f3n<\/li>\n<li>Vistas de calendario m\u00faltiple para una f\u00e1cil gesti\u00f3n de programaci\u00f3n<\/li>\n<li>Reglas y opciones de reserva flexible para varios tipos de citas<\/li>\n<li>Integraci\u00f3n con pasarelas de pago populares para un f\u00e1cil procesamiento de pagos<\/li>\n<li>Integraci\u00f3n perfecta con aplicaciones de terceros como CRM y herramientas de marketing por correo electr\u00f3nico<\/li>\n<li>Informes avanzados y an\u00e1lisis para rastrear datos de reserva y rendimiento<\/li>\n<li>Equipo de soporte dedicado para asistencia r\u00e1pida y soluci\u00f3n de problemas<\/li>\n<li>Interfaz simple y f\u00e1cil de usar para una f\u00e1cil configuraci\u00f3n y personalizaci\u00f3n.<\/li>\n<\/ul>\n","protected":false},"excerpt":{"rendered":"<p>Presentamos a Amelia, el sofisticado y potente complemento de WordPress de la reserva de citas de nivel empresarial dise\u00f1ado para empresas de todas las escalas. Amelia simplifica el proceso de reserva, permitiendo a los clientes potenciales programar citas directamente desde su sitio web, mejorando su experiencia general del usuario. Es din\u00e1mico, f\u00e1cil de usar y ofrece un sistema automatizado, asegurando que nunca vuelva a perder una cita. Con Amelia, puede administrar m\u00faltiples ubicaciones, servicios y empleados, por lo que es una excelente opci\u00f3n para las empresas m\u00e1s grandes. Es f\u00e1cil de configurar, se integra perfectamente con WordPress y viene con una gama de caracter\u00edsticas personalizables que puede adaptar a sus necesidades comerciales. Eleve su presencia en l\u00ednea, mejore la comodidad del cliente y conduzca m\u00e1s reservas con Amelia, el mejor complemento de WordPress para una gesti\u00f3n eficiente de citas.<\/p>\n","protected":false},"featured_media":165356,"comment_status":"open","ping_status":"open","template":"","meta":[],"product_brand":[2339],"product_cat":[1214,1206,1211],"product_tag":[1256],"class_list":{"0":"post-109226","1":"product","2":"type-product","3":"status-publish","4":"has-post-thumbnail","6":"product_brand-codecanyon","7":"product_cat-personalizacion","8":"product_cat-plugins","9":"product_cat-wordpress-plugins","10":"product_tag-codecanyon","11":"member-discount","12":"discount-restricted","14":"first","15":"instock","16":"sale","17":"downloadable","18":"virtual","19":"sold-individually","20":"purchasable","21":"product-type-simple"},"_links":{"self":[{"href":"https:\/\/gpl-love.com\/es\/wp-json\/wp\/v2\/product\/109226","targetHints":{"allow":["GET"]}}],"collection":[{"href":"https:\/\/gpl-love.com\/es\/wp-json\/wp\/v2\/product"}],"about":[{"href":"https:\/\/gpl-love.com\/es\/wp-json\/wp\/v2\/types\/product"}],"replies":[{"embeddable":true,"href":"https:\/\/gpl-love.com\/es\/wp-json\/wp\/v2\/comments?post=109226"}],"wp:featuredmedia":[{"embeddable":true,"href":"https:\/\/gpl-love.com\/es\/wp-json\/wp\/v2\/media\/165356"}],"wp:attachment":[{"href":"https:\/\/gpl-love.com\/es\/wp-json\/wp\/v2\/media?parent=109226"}],"wp:term":[{"taxonomy":"product_brand","embeddable":true,"href":"https:\/\/gpl-love.com\/es\/wp-json\/wp\/v2\/product_brand?post=109226"},{"taxonomy":"product_cat","embeddable":true,"href":"https:\/\/gpl-love.com\/es\/wp-json\/wp\/v2\/product_cat?post=109226"},{"taxonomy":"product_tag","embeddable":true,"href":"https:\/\/gpl-love.com\/es\/wp-json\/wp\/v2\/product_tag?post=109226"}],"curies":[{"name":"wp","href":"https:\/\/api.w.org\/{rel}","templated":true}]}}