{"id":109158,"date":"2024-02-05T00:00:00","date_gmt":"2024-02-05T05:00:00","guid":{"rendered":"http:\/\/gpl-love.com\/es\/producto\/butcher-meat-shop-woocommerce-wordpress-theme\/"},"modified":"2026-03-13T17:17:17","modified_gmt":"2026-03-13T22:17:17","slug":"butcher-meat-shop-woocommerce-wordpress-theme","status":"publish","type":"product","link":"https:\/\/gpl-love.com\/es\/producto\/butcher-meat-shop-woocommerce-wordpress-theme\/","title":{"rendered":"Butcher Meat Shop WooCommerce WordPress Theme 2.36"},"content":{"rendered":"<h3>Butcher Meat Shop WooCommerce WordPress Theme Caracteristicas<\/h3>\n<p>El tema de WordPress de WooCommerce de Butcher es una soluci\u00f3n incre\u00edblemente ideal para los due\u00f1os de negocios que desean establecer una tienda en l\u00ednea profesional y contempor\u00e1nea para su tienda de carne. Este notable tema cuenta con compatibilidad con WooCommerce, otorga a los usuarios la conveniente capacidad de administrar sin esfuerzo su inventario de productos, pedidos y pagos de procesos, y brindar a los clientes una experiencia de compra perfecta y encantadora. Con su dise\u00f1o elegante y personalizable, el tema de la carnicer\u00eda de carnicer\u00eda permite a los usuarios exhibir sus productos de una manera visualmente cautivadora, todo mientras ofrece una variedad de caracter\u00edsticas impresionantes que incluyen un dise\u00f1o receptivo, panel de administraci\u00f3n f\u00e1cil de usar, widgets personalizables y una variedad de una variedad de Otros atributos beneficiosos. Ya sea que se est\u00e9 embarcando en el viaje de iniciar una nueva tienda en l\u00ednea o que busque rejuvenecer una existente, es inequ\u00edvocamente evidente que el tema de WordPress de WooCommerce de Butcher ser\u00e1 una opci\u00f3n excepcional y astuta para su estimado negocio.<\/p>\n<ul>\n<li>Tema de carnicer\u00eda y carne dise\u00f1ado profesionalmente para WordPress<\/li>\n<li>Totalmente personalizable para satisfacer las necesidades y la marca de su negocio<\/li>\n<li>El dise\u00f1o receptivo garantiza que su sitio web se vea genial en todos los dispositivos<\/li>\n<li>La funcionalidad incorporada de WooCommerce permite las ventas en l\u00ednea f\u00e1ciles de sus productos<\/li>\n<li>Muestre sus carnes con im\u00e1genes de alta calidad y descripciones de productos<\/li>\n<li>Importar demostraci\u00f3n de un solo clic para configurar r\u00e1pidamente su sitio web<\/li>\n<li>Incluye una variedad de p\u00e1ginas preconstruidas para una secci\u00f3n About US, preguntas frecuentes, servicios y m\u00e1s<\/li>\n<li>Los botones de redes sociales integrados y los formularios de contacto facilitan la conexi\u00f3n con los clientes<\/li>\n<li>SEO optimizado para mejorar la clasificaci\u00f3n del motor de b\u00fasqueda<\/li>\n<li>Actualizaciones de temas regulares y excelente soporte al cliente del desarrollador de temas.<\/li>\n<\/ul>\n","protected":false},"excerpt":{"rendered":"<p>Presentamos nuestro tema de WordPress de WooCommerce WooCommerce de Butcher, una soluci\u00f3n ideal para su tienda de carne en l\u00ednea. Este tema receptivo est\u00e1 lleno de caracter\u00edsticas dise\u00f1adas para elevar su negocio. Con su integraci\u00f3n de WooCommerce, puede administrar f\u00e1cilmente su inventario, procesar transacciones y monitorear sus ventas. El tema est\u00e1 basado en WordPress, que le ofrece una interfaz f\u00e1cil de usar y la flexibilidad para personalizar el sitio para que se ajuste a la imagen de su marca. Nuestro tema tambi\u00e9n responde m\u00f3viles, asegurando que sus clientes puedan comprar desde cualquier dispositivo. El tema de WordPress de WooCommerce de Butcher es la herramienta digital perfecta para poner su carnicer\u00eda en l\u00ednea y aumentar sus ventas. Es hora de forjar su presencia en l\u00ednea con el dise\u00f1o y la funcionalidad de primer nivel de nuestro tema.<\/p>\n","protected":false},"featured_media":165580,"comment_status":"open","ping_status":"open","template":"","meta":[],"product_brand":[2391],"product_cat":[1307,1237,1238],"product_tag":[1462],"class_list":{"0":"post-109158","1":"product","2":"type-product","3":"status-publish","4":"has-post-thumbnail","6":"product_brand-yith","7":"product_cat-negocio-wordpress-temas","8":"product_cat-temas","9":"product_cat-wordpress-temas","10":"product_tag-yith","11":"member-discount","12":"discount-restricted","14":"first","15":"instock","16":"sale","17":"downloadable","18":"virtual","19":"sold-individually","20":"purchasable","21":"product-type-simple"},"_links":{"self":[{"href":"https:\/\/gpl-love.com\/es\/wp-json\/wp\/v2\/product\/109158","targetHints":{"allow":["GET"]}}],"collection":[{"href":"https:\/\/gpl-love.com\/es\/wp-json\/wp\/v2\/product"}],"about":[{"href":"https:\/\/gpl-love.com\/es\/wp-json\/wp\/v2\/types\/product"}],"replies":[{"embeddable":true,"href":"https:\/\/gpl-love.com\/es\/wp-json\/wp\/v2\/comments?post=109158"}],"wp:featuredmedia":[{"embeddable":true,"href":"https:\/\/gpl-love.com\/es\/wp-json\/wp\/v2\/media\/165580"}],"wp:attachment":[{"href":"https:\/\/gpl-love.com\/es\/wp-json\/wp\/v2\/media?parent=109158"}],"wp:term":[{"taxonomy":"product_brand","embeddable":true,"href":"https:\/\/gpl-love.com\/es\/wp-json\/wp\/v2\/product_brand?post=109158"},{"taxonomy":"product_cat","embeddable":true,"href":"https:\/\/gpl-love.com\/es\/wp-json\/wp\/v2\/product_cat?post=109158"},{"taxonomy":"product_tag","embeddable":true,"href":"https:\/\/gpl-love.com\/es\/wp-json\/wp\/v2\/product_tag?post=109158"}],"curies":[{"name":"wp","href":"https:\/\/api.w.org\/{rel}","templated":true}]}}