{"id":109156,"date":"2025-10-28T00:00:00","date_gmt":"2025-10-28T05:00:00","guid":{"rendered":"http:\/\/gpl-love.com\/es\/producto\/capie-minimal-creative-woocommerce-wordpress-theme\/"},"modified":"2026-03-13T17:17:23","modified_gmt":"2026-03-13T22:17:23","slug":"capie-minimal-creative-woocommerce-wordpress-theme","status":"publish","type":"product","link":"https:\/\/gpl-love.com\/es\/producto\/capie-minimal-creative-woocommerce-wordpress-theme\/","title":{"rendered":"Capie Minimal Creative WooCommerce WordPress Theme 1.0.55"},"content":{"rendered":"<h3>Capie Minimal Creative WooCommerce WordPress Theme Caracteristicas<\/h3>\n<p>Capie Minimal Creative WooCommerce WordPress Theme, un tema reconocido por su alto nivel de personalizaci\u00f3n y versatilidad, se erige como el ep\u00edtome de la excelencia cuando se trata de tiendas en l\u00ednea y varios otros sitios web creativos. Con un dise\u00f1o elegante y moderno, Capie ofrece a los usuarios una experiencia incomparable y perfecta, acompa\u00f1ada de una extensa gama de caracter\u00edsticas que permiten la personalizaci\u00f3n del sitio web sin esfuerzo, adaptada espec\u00edficamente para cumplir con sus requisitos individuales. Independientemente de si su objetivo implica la venta de productos en el \u00e1mbito virtual o la visualizaci\u00f3n de sus esfuerzos creativos, Capie abarca todas las herramientas necesarias para dise\u00f1ar un sitio web que sea visualmente sorprendente y cautivador. Gracias a su formidable integraci\u00f3n con WooCommerce, administrar sus productos, monitorear los pedidos y mucho m\u00e1s se convierte en un esfuerzo sin esfuerzo. Por lo tanto, si su b\u00fasqueda implica un tema que se caracteriza por su flexibilidad, naturaleza f\u00e1cil de usar y una notable funcionalidad, Capie emerge sin esfuerzo como la opci\u00f3n ideal para usted.<\/p>\n<ul>\n<li>Dise\u00f1o limpio y moderno<\/li>\n<li>Compatible con WooCommerce<\/li>\n<li>Builder de la p\u00e1gina de arrastrar y soltar<\/li>\n<li>M\u00faltiples dise\u00f1os de p\u00e1gina de inicio<\/li>\n<li>Dise\u00f1o totalmente receptivo<\/li>\n<li>Opciones de personalizaci\u00f3n f\u00e1ciles<\/li>\n<li>Compatible con complementos populares como el formulario de contacto 7 y yoast SEO<\/li>\n<li>Integraci\u00f3n de Google Fonts<\/li>\n<li>Funci\u00f3n de importaci\u00f3n de demostraci\u00f3n de un solo clic<\/li>\n<li>Integraci\u00f3n de redes sociales<\/li>\n<li>Bien documentado con video tutoriales y documentaci\u00f3n de soporte.<\/li>\n<\/ul>\n","protected":false},"excerpt":{"rendered":"<p>Desata su creatividad con el tema de WordPress de WooCommerce Creative Capie Capie. Este tema innovador es la plataforma perfecta para aquellos que desean crear una tienda en l\u00ednea elegante y moderna. Disfrute de la facilidad y flexibilidad de WooCommerce, la principal plataforma de comercio electr\u00f3nico del mundo, al tiempo que se beneficia de una variedad de caracter\u00edsticas \u00fanicas. Capie ofrece un dise\u00f1o minimalista, permitiendo que sus productos tomen el centro del escenario. El tema es amigable con SEO, ayudando a su tienda a clasificarse m\u00e1s en los resultados de los motores de b\u00fasqueda. Tambi\u00e9n es totalmente receptivo, asegurando que su sitio se vea perfecto en cualquier dispositivo. El tema incluye una variedad de opciones de dise\u00f1o, lo que le permite personalizar su tienda para que se ajuste a la est\u00e9tica de su marca. Con Capie, puede administrar f\u00e1cilmente su inventario, rastrear pedidos e interactuar con los clientes, todo desde la comodidad de su tablero de WordPress. Elija CAPIE para una experiencia de comercio electr\u00f3nico profesional y optimizada.<\/p>\n","protected":false},"featured_media":165588,"comment_status":"open","ping_status":"open","template":"","meta":[],"product_brand":[2391],"product_cat":[1263,1469,1237],"product_tag":[1462],"class_list":{"0":"post-109156","1":"product","2":"type-product","3":"status-publish","4":"has-post-thumbnail","6":"product_brand-yith","7":"product_cat-comercio-electronico-temas","8":"product_cat-creativo-comercio-electronico-temas","9":"product_cat-temas","10":"product_tag-yith","11":"member-discount","12":"discount-restricted","14":"first","15":"instock","16":"sale","17":"downloadable","18":"virtual","19":"sold-individually","20":"purchasable","21":"product-type-simple"},"_links":{"self":[{"href":"https:\/\/gpl-love.com\/es\/wp-json\/wp\/v2\/product\/109156","targetHints":{"allow":["GET"]}}],"collection":[{"href":"https:\/\/gpl-love.com\/es\/wp-json\/wp\/v2\/product"}],"about":[{"href":"https:\/\/gpl-love.com\/es\/wp-json\/wp\/v2\/types\/product"}],"replies":[{"embeddable":true,"href":"https:\/\/gpl-love.com\/es\/wp-json\/wp\/v2\/comments?post=109156"}],"wp:featuredmedia":[{"embeddable":true,"href":"https:\/\/gpl-love.com\/es\/wp-json\/wp\/v2\/media\/165588"}],"wp:attachment":[{"href":"https:\/\/gpl-love.com\/es\/wp-json\/wp\/v2\/media?parent=109156"}],"wp:term":[{"taxonomy":"product_brand","embeddable":true,"href":"https:\/\/gpl-love.com\/es\/wp-json\/wp\/v2\/product_brand?post=109156"},{"taxonomy":"product_cat","embeddable":true,"href":"https:\/\/gpl-love.com\/es\/wp-json\/wp\/v2\/product_cat?post=109156"},{"taxonomy":"product_tag","embeddable":true,"href":"https:\/\/gpl-love.com\/es\/wp-json\/wp\/v2\/product_tag?post=109156"}],"curies":[{"name":"wp","href":"https:\/\/api.w.org\/{rel}","templated":true}]}}