{"id":109154,"date":"2023-06-16T00:00:00","date_gmt":"2023-06-16T05:00:00","guid":{"rendered":"http:\/\/gpl-love.com\/es\/producto\/drone-single-product-wordpress-theme\/"},"modified":"2026-03-13T17:19:30","modified_gmt":"2026-03-13T22:19:30","slug":"drone-single-product-wordpress-theme","status":"publish","type":"product","link":"https:\/\/gpl-love.com\/es\/producto\/drone-single-product-wordpress-theme\/","title":{"rendered":"Drone Single Product WordPress Theme 1.35"},"content":{"rendered":"<h3>Drone Single Product WordPress Theme Caracteristicas<\/h3>\n<p>El tema de WordPress de un solo producto de dron, un tema distinguido y exquisito, ha sido meticulosamente elaborado con una intenci\u00f3n singular: exhibir y resaltar un producto \u00fanico, espec\u00edficamente un dron. Este tema extraordinario es extremadamente adecuado para las empresas que buscan propagar y anunciar sus modelos de drones de vanguardia, as\u00ed como las personas que anhelan hacer alarde de su inigualable destreza de fotograf\u00eda de drones. Inmaculadamente adornado con un dise\u00f1o elegante y contempor\u00e1neo, el tema es totalmente receptivo y meticulosamente optimizado para la optimizaci\u00f3n de motores de b\u00fasqueda (SEO). Ofrece una variedad de opciones de personalizaci\u00f3n incomparables, que incluyen una extensa selecci\u00f3n de esquemas de color y fuentes, facilitando as\u00ed a los usuarios al alinear sin esfuerzo su sitio web con el estilo \u00fanico de su marca. Adem\u00e1s, el tema abarca una variedad de caracter\u00edsticas cautivadoras, que van desde antecedentes impresionantes de videos hasta fascinantes efectos de paralaje y desplazamiento sin problemas, todo lo cual aumenta y eleva sin\u00e9rgicamente la experiencia general del usuario. Por lo tanto, es inequ\u00edvocamente innegable que el tema de WordPress de producto \u00fanico de dron sea una opci\u00f3n ejemplar y muy recomendable para cualquier individuo exigente anhelo de dise\u00f1ar un sitio web cautivador y resplandeciente por sus esfuerzos comerciales relacionados con los drones o actividades recreativas.<\/p>\n<ul>\n<li>Un tema premium de WordPress receptivo especialmente dise\u00f1ado para exhibir productos de drones<\/li>\n<li>Dise\u00f1o elegante y moderno con esquemas de color personalizables y opciones de tipograf\u00eda<\/li>\n<li>P\u00e1ginas de exhibici\u00f3n de productos incorporados con m\u00faltiples opciones de dise\u00f1o para mostrar drones y accesorios relacionados<\/li>\n<li>Opciones de personalizaci\u00f3n f\u00e1cil de usar con funcionalidad de arrastrar y soltar<\/li>\n<li>Optimizado para velocidades de carga r\u00e1pidas y dise\u00f1o amigable con SEO<\/li>\n<li>Incluye p\u00e1ginas preconstruidas para sobre nosotros, cont\u00e1ctenos y secciones de blogs<\/li>\n<li>Compatible con WooCommerce para una f\u00e1cil integraci\u00f3n de comercio electr\u00f3nico<\/li>\n<li>Incluye una variedad de widgets y complementos \u00fatiles para una funcionalidad adicional.<\/li>\n<li>Documentaci\u00f3n integral y soporte dedicado para la instalaci\u00f3n y configuraci\u00f3n sin problemas.<\/li>\n<\/ul>\n","protected":false},"excerpt":{"rendered":"<p>Presentando nuestro impresionante tema de WordPress de WordPress de un solo producto de drones, una soluci\u00f3n de vanguardia para su tienda de drones en l\u00ednea. Este tema de WordPress est\u00e1 dise\u00f1ado espec\u00edficamente para entusiastas de los drones, que ofrece una plataforma elegante y moderna para mostrar sus productos de drones. Las caracter\u00edsticas clave incluyen una lista de productos f\u00e1cil de usar, un dise\u00f1o receptivo para la navegaci\u00f3n perfecta en cualquier dispositivo y una codificaci\u00f3n amigable para SEO para aumentar su presencia en l\u00ednea. Tambi\u00e9n viene con un dise\u00f1o personalizable, lo que le permite adaptar el tema a la est\u00e9tica de su marca. Si est\u00e1 buscando un tema de WordPress para elevar su negocio de drones, nuestro tema de WordPress de producto \u00fanico de drones es una excelente opci\u00f3n. Combina la funcionalidad y el estilo, asegurando que sus productos se presenten de la manera m\u00e1s atractiva y efectiva. No es solo un tema, es un cambio de juego para tu tienda de drones en l\u00ednea.<\/p>\n","protected":false},"featured_media":165826,"comment_status":"open","ping_status":"open","template":"","meta":[],"product_brand":[2337],"product_cat":[1267,1237,1238],"product_tag":[1391],"class_list":{"0":"post-109154","1":"product","2":"type-product","3":"status-publish","4":"has-post-thumbnail","6":"product_brand-themeforest","7":"product_cat-creativo","8":"product_cat-temas","9":"product_cat-wordpress-temas","10":"product_tag-themeforest","11":"member-discount","12":"discount-restricted","14":"first","15":"instock","16":"sale","17":"downloadable","18":"virtual","19":"sold-individually","20":"purchasable","21":"product-type-simple"},"_links":{"self":[{"href":"https:\/\/gpl-love.com\/es\/wp-json\/wp\/v2\/product\/109154","targetHints":{"allow":["GET"]}}],"collection":[{"href":"https:\/\/gpl-love.com\/es\/wp-json\/wp\/v2\/product"}],"about":[{"href":"https:\/\/gpl-love.com\/es\/wp-json\/wp\/v2\/types\/product"}],"replies":[{"embeddable":true,"href":"https:\/\/gpl-love.com\/es\/wp-json\/wp\/v2\/comments?post=109154"}],"wp:featuredmedia":[{"embeddable":true,"href":"https:\/\/gpl-love.com\/es\/wp-json\/wp\/v2\/media\/165826"}],"wp:attachment":[{"href":"https:\/\/gpl-love.com\/es\/wp-json\/wp\/v2\/media?parent=109154"}],"wp:term":[{"taxonomy":"product_brand","embeddable":true,"href":"https:\/\/gpl-love.com\/es\/wp-json\/wp\/v2\/product_brand?post=109154"},{"taxonomy":"product_cat","embeddable":true,"href":"https:\/\/gpl-love.com\/es\/wp-json\/wp\/v2\/product_cat?post=109154"},{"taxonomy":"product_tag","embeddable":true,"href":"https:\/\/gpl-love.com\/es\/wp-json\/wp\/v2\/product_tag?post=109154"}],"curies":[{"name":"wp","href":"https:\/\/api.w.org\/{rel}","templated":true}]}}