{"id":109152,"date":"2024-11-07T00:00:00","date_gmt":"2024-11-07T05:00:00","guid":{"rendered":"http:\/\/gpl-love.com\/es\/producto\/campress-responsive-education-courses-and-events-wordpress-theme\/"},"modified":"2026-03-13T17:17:22","modified_gmt":"2026-03-13T22:17:22","slug":"campress-responsive-education-courses-and-events-wordpress-theme","status":"publish","type":"product","link":"https:\/\/gpl-love.com\/es\/producto\/campress-responsive-education-courses-and-events-wordpress-theme\/","title":{"rendered":"Campress Responsive Education, Courses y Events WordPress Theme 1.33"},"content":{"rendered":"<h3>Campress Responsive Education, Courses y Events WordPress Theme Caracteristicas<\/h3>\n<p>El tema de WordPress de educaci\u00f3n, cursos y eventos de Campress es un tema incre\u00edblemente vers\u00e1til y lleno de funciones que ha sido meticulosamente dise\u00f1ado para abordar las necesidades \u00fanicas de las instituciones educativas, los proveedores de cursos en l\u00ednea y los organizadores de eventos. Este tema cuenta con un dise\u00f1o altamente receptivo y personalizable, asegurando as\u00ed una experiencia perfecta y excepcionalmente f\u00e1cil de usar para todos sus usuarios. Adem\u00e1s, ofrece una amplia gama de caracter\u00edsticas avanzadas que seguramente lo dejar\u00e1n asombrado. Estas caracter\u00edsticas incluyen, entre otros, un sistema de gesti\u00f3n de cursos de vanguardia, un sistema de gesti\u00f3n de eventos que abarca todo, soporte integral de varios idiomas, compatibilidad incomparable de WooCommerce y una variedad de otras funcionalidades notables. Con Campress, crear\u00e1 y administrar\u00e1 sin esfuerzo sus cursos y eventos. Adem\u00e1s, puede exhibir con orgullo su estimado profesorado y personal, mientras se involucra activamente con sus estimados estudiantes y asistentes. Adem\u00e1s, instalar y utilizar este tema es una brisa absoluta, gracias a su naturaleza intuitiva. Para asegurarse de comenzar a correr sin problemas, Campress se acompa\u00f1a de una amplia documentaci\u00f3n y un apoyo inquebrantable. Independientemente de si est\u00e1 operando una escuela, una universidad, universidad o una plataforma de educaci\u00f3n en l\u00ednea, no busque m\u00e1s que camposes. Esta soluci\u00f3n poderosa y confiable sin duda impulsar\u00e1 su negocio a nuevas alturas.<\/p>\n<ul>\n<li>Un tema de WordPress totalmente receptivo dise\u00f1ado espec\u00edficamente para sitios web educativos.<\/li>\n<li>Incluye una variedad de dise\u00f1os de listado de eventos y de curso para la personalizaci\u00f3n.<\/li>\n<li>Integraci\u00f3n incorporada con PayPal y Stripe para el registro de cursos y eventos en l\u00ednea y procesamiento de pagos.<\/li>\n<li>Constructor de p\u00e1gina de arrastrar y soltar f\u00e1ciles de usar para una personalizaci\u00f3n sin esfuerzo.<\/li>\n<li>Viene con una variedad de plantillas predise\u00f1adas para la configuraci\u00f3n r\u00e1pida del sitio.<\/li>\n<li>Incluye un poderoso panel de administraci\u00f3n para la gesti\u00f3n del sitio.<\/li>\n<li>Compatible con complementos populares de WordPress como el Formulario de contacto 7, Yoast SEO y WPML.<\/li>\n<li>Incluye una opci\u00f3n de importaci\u00f3n de demostraci\u00f3n de un solo clic para una f\u00e1cil configuraci\u00f3n del sitio.<\/li>\n<li>SEO optimizado para una mayor visibilidad del motor de b\u00fasqueda.<\/li>\n<li>Ofrece opciones de color ilimitadas y configuraciones de tipograf\u00eda para la personalizaci\u00f3n del sitio.<\/li>\n<\/ul>\n","protected":false},"excerpt":{"rendered":"<p>Sumergir en el mundo de la educaci\u00f3n con nuestro tema de WordPress de educaci\u00f3n, cursos y eventos receptivos a los campos. Dise\u00f1ado con \u00e9nfasis en la participaci\u00f3n del usuario, este tema es ideal para instituciones educativas, proveedores de cursos en l\u00ednea y organizadores de eventos. Viene con un dise\u00f1o totalmente receptivo que garantiza una experiencia de navegaci\u00f3n perfecta en todos los dispositivos. El tema presenta una interfaz f\u00e1cil de usar, que le permite administrar sus cursos y eventos con facilidad. Tambi\u00e9n ofrece una variedad de opciones de personalizaci\u00f3n, lo que le brinda la libertad de dise\u00f1ar su sitio exactamente c\u00f3mo lo desea. Beneficiarse de su estructura amigable con el SEO, poner su sitio en el mapa y alcanzar m\u00e1s estudiantes potenciales. Con Campress, tendr\u00e1 una plataforma potente, flexible y elegante a su alcance, perfecto para ofrecer una experiencia de aprendizaje de primer nivel.<\/p>\n","protected":false},"featured_media":165587,"comment_status":"open","ping_status":"open","template":"","meta":[],"product_brand":[2337],"product_cat":[1307,1237,1238],"product_tag":[1391],"class_list":{"0":"post-109152","1":"product","2":"type-product","3":"status-publish","4":"has-post-thumbnail","6":"product_brand-themeforest","7":"product_cat-negocio-wordpress-temas","8":"product_cat-temas","9":"product_cat-wordpress-temas","10":"product_tag-themeforest","11":"member-discount","12":"discount-restricted","14":"first","15":"instock","16":"sale","17":"downloadable","18":"virtual","19":"sold-individually","20":"purchasable","21":"product-type-simple"},"_links":{"self":[{"href":"https:\/\/gpl-love.com\/es\/wp-json\/wp\/v2\/product\/109152","targetHints":{"allow":["GET"]}}],"collection":[{"href":"https:\/\/gpl-love.com\/es\/wp-json\/wp\/v2\/product"}],"about":[{"href":"https:\/\/gpl-love.com\/es\/wp-json\/wp\/v2\/types\/product"}],"replies":[{"embeddable":true,"href":"https:\/\/gpl-love.com\/es\/wp-json\/wp\/v2\/comments?post=109152"}],"wp:featuredmedia":[{"embeddable":true,"href":"https:\/\/gpl-love.com\/es\/wp-json\/wp\/v2\/media\/165587"}],"wp:attachment":[{"href":"https:\/\/gpl-love.com\/es\/wp-json\/wp\/v2\/media?parent=109152"}],"wp:term":[{"taxonomy":"product_brand","embeddable":true,"href":"https:\/\/gpl-love.com\/es\/wp-json\/wp\/v2\/product_brand?post=109152"},{"taxonomy":"product_cat","embeddable":true,"href":"https:\/\/gpl-love.com\/es\/wp-json\/wp\/v2\/product_cat?post=109152"},{"taxonomy":"product_tag","embeddable":true,"href":"https:\/\/gpl-love.com\/es\/wp-json\/wp\/v2\/product_tag?post=109152"}],"curies":[{"name":"wp","href":"https:\/\/api.w.org\/{rel}","templated":true}]}}