{"id":109140,"date":"2021-05-12T00:00:00","date_gmt":"2021-05-12T05:00:00","guid":{"rendered":"http:\/\/gpl-love.com\/es\/producto\/ultimate-member-groups-addon\/"},"modified":"2026-03-13T17:19:08","modified_gmt":"2026-03-13T22:19:08","slug":"ultimate-member-groups-addon","status":"publish","type":"product","link":"https:\/\/gpl-love.com\/es\/producto\/ultimate-member-groups-addon\/","title":{"rendered":"Detox Data Science y Analytics WordPress Theme 1.7"},"content":{"rendered":"<h3>Detox Data Science y Analytics WordPress Theme Caracteristicas<\/h3>\n<p>Detox Data Science and Analytics WordPress El tema es un dise\u00f1o innovador y sofisticado que est\u00e1 hecho a medida para empresas e individuos que operan en el \u00e1mbito de la ciencia y el an\u00e1lisis de datos. El tema cuenta con una mir\u00edada de funcionalidades de vanguardia, como un dise\u00f1o receptivo que garantiza una compatibilidad perfecta en todos los dispositivos, opciones personalizables que le otorgan la libertad de modificar el dise\u00f1o y los colores para alinearse con su identidad de marca, as\u00ed como potentes. complementos que amplifican la funcionalidad de su sitio web. A trav\u00e9s de la utilizaci\u00f3n de la desintoxicaci\u00f3n, puede exhibir sin esfuerzo su competencia, presentar estudios de casos integrales y difundir sus hallazgos de investigaci\u00f3n innovadores a su p\u00fablico objetivo. Adem\u00e1s, el tema est\u00e1 meticulosamente optimizado para la optimizaci\u00f3n de motores de b\u00fasqueda (SEO), asegurando que su sitio web alcance un rango prominente en los resultados de los motores de b\u00fasqueda. En general, la desintoxicaci\u00f3n es un tema extremadamente robusto, f\u00e1cil de usar y est\u00e9ticamente cautivador que personifica el ep\u00edtome de la excelencia para cualquier sitio web de ciencia o an\u00e1lisis de datos.<\/p>\n<ul>\n<li>Dise\u00f1o receptivo y amigable para m\u00f3viles<\/li>\n<li>Integraci\u00f3n con herramientas populares de ciencia de datos y an\u00e1lisis<\/li>\n<li>P\u00e1gina de inicio personalizable con m\u00faltiples secciones y widgets<\/li>\n<li>Visualizaciones y gr\u00e1ficos de datos preconstruidos para una presentaci\u00f3n m\u00e1s f\u00e1cil de los datos<\/li>\n<li>Opciones de dise\u00f1o flexibles para mostrar diferentes tipos de datos y contenido<\/li>\n<li>Admite m\u00faltiples formatos de publicaci\u00f3n, que incluyen video, audio y galer\u00eda<\/li>\n<li>Codificaci\u00f3n amigable para SEO y optimizado para tiempos de carga r\u00e1pidas<\/li>\n<li>Formularios de contacto incorporados e integraci\u00f3n de redes sociales para una comunicaci\u00f3n m\u00e1s f\u00e1cil con clientes y seguidores<\/li>\n<li>Documentaci\u00f3n integral y atenci\u00f3n al cliente 24\/7 para la resoluci\u00f3n de problemas y asistencia<\/li>\n<li> La funci\u00f3n de importaci\u00f3n de demostraci\u00f3n de un solo clic para configurar f\u00e1cilmente y personalizar el tema.<\/li>\n<\/ul>\n","protected":false},"excerpt":{"rendered":"<p>Detox es un poderoso tema de WordPress de ciencia y an\u00e1lisis de datos, espec\u00edficamente dise\u00f1ado para empresas e individuos en el campo de la ciencia y an\u00e1lisis de datos. El tema ofrece un aspecto profesional y limpio, lo que le permite mostrar sus servicios de manera efectiva. Viene lleno de caracter\u00edsticas y funcionalidades innovadoras que mejorar\u00e1n su presencia en l\u00ednea.<\/p>\n<p>Detox es altamente personalizable, lo que le permite crear un sitio web \u00fanico y atractivo que se destaque de la competencia. Este tema tambi\u00e9n es totalmente receptivo, asegurando que su sitio se vea genial en todos los dispositivos, desde escritorios hasta tel\u00e9fonos m\u00f3viles.<\/p>\n<p>Con la desintoxicaci\u00f3n, puede mostrar f\u00e1cilmente sus proyectos, estudios de casos y datos estad\u00edsticos de manera visualmente atractiva. Este tema est\u00e1 equipado con herramientas avanzadas de visualizaci\u00f3n de datos, lo que le permite presentar datos complejos en un formato f\u00e1cilmente comprensible. El tema tambi\u00e9n incorpora un dise\u00f1o amigable con SEO, asegurando que su sitio se clasifique en los resultados de los motores de b\u00fasqueda.<\/p>\n<p>Adem\u00e1s, la desintoxicaci\u00f3n admite varios complementos, proporcion\u00e1ndole caracter\u00edsticas y funciones adicionales para aumentar el rendimiento de su sitio. El tema tambi\u00e9n viene con una documentaci\u00f3n detallada.<\/p>\n","protected":false},"featured_media":165761,"comment_status":"open","ping_status":"open","template":"","meta":[],"product_brand":[2337],"product_cat":[1307,1237,1238],"product_tag":[1391],"class_list":{"0":"post-109140","1":"product","2":"type-product","3":"status-publish","4":"has-post-thumbnail","6":"product_brand-themeforest","7":"product_cat-negocio-wordpress-temas","8":"product_cat-temas","9":"product_cat-wordpress-temas","10":"product_tag-themeforest","11":"member-discount","12":"discount-restricted","14":"first","15":"instock","16":"sale","17":"downloadable","18":"virtual","19":"sold-individually","20":"purchasable","21":"product-type-simple"},"_links":{"self":[{"href":"https:\/\/gpl-love.com\/es\/wp-json\/wp\/v2\/product\/109140","targetHints":{"allow":["GET"]}}],"collection":[{"href":"https:\/\/gpl-love.com\/es\/wp-json\/wp\/v2\/product"}],"about":[{"href":"https:\/\/gpl-love.com\/es\/wp-json\/wp\/v2\/types\/product"}],"replies":[{"embeddable":true,"href":"https:\/\/gpl-love.com\/es\/wp-json\/wp\/v2\/comments?post=109140"}],"wp:featuredmedia":[{"embeddable":true,"href":"https:\/\/gpl-love.com\/es\/wp-json\/wp\/v2\/media\/165761"}],"wp:attachment":[{"href":"https:\/\/gpl-love.com\/es\/wp-json\/wp\/v2\/media?parent=109140"}],"wp:term":[{"taxonomy":"product_brand","embeddable":true,"href":"https:\/\/gpl-love.com\/es\/wp-json\/wp\/v2\/product_brand?post=109140"},{"taxonomy":"product_cat","embeddable":true,"href":"https:\/\/gpl-love.com\/es\/wp-json\/wp\/v2\/product_cat?post=109140"},{"taxonomy":"product_tag","embeddable":true,"href":"https:\/\/gpl-love.com\/es\/wp-json\/wp\/v2\/product_tag?post=109140"}],"curies":[{"name":"wp","href":"https:\/\/api.w.org\/{rel}","templated":true}]}}