{"id":110977,"date":"2021-02-26T15:52:55","date_gmt":"2021-02-26T20:52:55","guid":{"rendered":"http:\/\/gpl-love.com\/es\/?page_id=110977"},"modified":"2023-08-25T17:17:39","modified_gmt":"2023-08-25T22:17:39","slug":"como-instalar-un-tema-o-complemento","status":"publish","type":"page","link":"https:\/\/gpl-love.com\/es\/como-instalar-un-tema-o-complemento\/","title":{"rendered":"C\u00f3mo instalar un tema o complemento"},"content":{"rendered":"\n<h1 class=\"wp-block-heading has-palette-color-1-color has-text-color\" style=\"font-size:clamp(1.039em, 1.039rem + ((1vw - 0.2em) * 0.701), 1.6em);\"><a href=\"https:\/\/gpl-love.com\/es\/como-instalar-un-tema-o-complemento\/\" data-type=\"URL\" data-id=\"https:\/\/gpl-love.com\/es\/como-instalar-un-tema-o-complemento\/\">C\u00f3mo configurar un tema o complemento GPL<\/a><\/h1>\n\n\n\n<p>Antes de utilizar productos GPL, recomendamos encarecidamente el complemento \u00abActualizaciones f\u00e1ciles de temas y complementos\u00bb. Puede descargarlo del&nbsp;<a href=\"https:\/\/wordpress.org\/plugins\/easy-theme-and-plugin-upgrades\/\" rel=\"noreferrer noopener nofollow\" target=\"_blank\">repositorio de WordPress<\/a>&nbsp;de forma gratuita.<\/p>\n\n\n\n<p>Tambi\u00e9n puede buscarlo como un nuevo complemento para agregar desde su panel de control dentro del repositorio de complementos gratuitos de WordPress. Instale y active el complemento primero para usarlo. Una vez activado, puede comenzar a instalar cualquier tema \/ complemento simplemente cargando un archivo .zip.<\/p>\n\n\n\n<div style=\"height:50px\" aria-hidden=\"true\" class=\"wp-block-spacer\"><\/div>\n\n\n\n<div class=\"wp-block-columns is-layout-flex wp-container-core-columns-is-layout-28f84493 wp-block-columns-is-layout-flex\">\n<div class=\"wp-block-column is-layout-flow wp-block-column-is-layout-flow\" style=\"flex-basis:65%\">\n<div class=\"wp-block-stackable-icon-box stk-block-icon-box stk-block stk-028e42d\" data-v=\"2\" data-block-id=\"028e42d\"><div class=\"stk-block-content stk-inner-blocks stk-block-icon-box__content stk-container stk-028e42d-container stk--no-background stk--no-padding\">\n<div class=\"wp-block-stackable-icon-label stk-block-icon-label stk-block stk-7a332ac\" data-block-id=\"7a332ac\"><div class=\"stk-row stk-inner-blocks stk-block-content\">\n<div class=\"wp-block-stackable-icon stk-block-icon has-text-align-left stk-block stk-f85294a\" data-block-id=\"f85294a\"><style>.stk-f85294a .stk--svg-wrapper .stk--inner-svg svg:last-child,.stk-f85294a .stk--svg-wrapper .stk--inner-svg svg:last-child :is(g,path,rect,polygon,ellipse){fill:var(--paletteColor1,#2659f2) !important}<\/style><span class=\"stk--svg-wrapper\"><div class=\"stk--inner-svg\"><svg style=\"height:0;width:0\"><defs><linearGradient id=\"linear-gradient-f85294a\" x1=\"0\" x2=\"100%\" y1=\"0\" y2=\"0\"><stop offset=\"0%\" style=\"stop-opacity:1;stop-color:var(--linear-gradient-f-85294-a-color-1)\"><\/stop><stop offset=\"100%\" style=\"stop-opacity:1;stop-color:var(--linear-gradient-f-85294-a-color-2)\"><\/stop><\/linearGradient><\/defs><\/svg><svg data-prefix=\"fas\" data-icon=\"plug\" class=\"svg-inline--fa fa-plug fa-w-12\" xmlns=\"http:\/\/www.w3.org\/2000\/svg\" viewBox=\"0 0 384 512\" aria-hidden=\"true\" width=\"32\" height=\"32\"><path fill=\"currentColor\" d=\"M320,32a32,32,0,0,0-64,0v96h64Zm48,128H16A16,16,0,0,0,0,176v32a16,16,0,0,0,16,16H32v32A160.07,160.07,0,0,0,160,412.8V512h64V412.8A160.07,160.07,0,0,0,352,256V224h16a16,16,0,0,0,16-16V176A16,16,0,0,0,368,160ZM128,32a32,32,0,0,0-64,0v96h64Z\"><\/path><\/svg><\/div><\/span><\/div>\n\n\n\n<div class=\"wp-block-stackable-heading stk-block-heading stk-block-heading--v2 stk-block stk-a3a857c\" id=\"como-instalar-o-actualizar-un-complemento\" data-block-id=\"a3a857c\"><style>.stk-a3a857c .stk-block-heading__text{color:var(--paletteColor1,#2659f2) !important}<\/style><h5 class=\"stk-block-heading__text has-text-color has-palette-color-1-color\">C\u00f3mo instalar o actualizar un complemento<\/h5><\/div>\n<\/div><\/div>\n\n\n\n<div class=\"wp-block-stackable-text stk-block-text stk-block stk-3d4c4fe\" data-block-id=\"3d4c4fe\"><p class=\"stk-block-text__text\">1. Inicie sesi\u00f3n en gpl-love.com y <strong>descargue <\/strong>el archivo Zip &amp; nbsp; para el <strong>complemento <\/strong>que desea instalar desde el \u00e1rea \u00ab<strong> MI CUENTA <\/strong>\u00ab. Reconocer\u00e1 que se anota el n\u00famero de versi\u00f3n del complemento, seguido del nombre del complemento. <br>2. <strong>Inicie sesi\u00f3n <\/strong>en <strong>su sitio de WordPress <\/strong>. <br>3. Vaya a <strong>Complementos <\/strong>y luego a <strong>Agregar nuevo <\/strong>. <br>4. En la <strong>parte superior <\/strong>de la <strong>pantalla <\/strong>, presione la pesta\u00f1a <strong>Cargar complemento <\/strong>. <br>5. <strong>Seleccione <\/strong>un archivo. <strong>zip <\/strong>con el complemento que desea agregar. <br>6. Seleccione el bot\u00f3n <strong>Instalar ahora <\/strong>. <br>7. Una vez instalado, presione el bot\u00f3n <strong>Activar <\/strong>.<\/p><\/div>\n<\/div><\/div>\n<\/div>\n\n\n\n<div class=\"wp-block-column is-layout-flow wp-block-column-is-layout-flow\" style=\"flex-basis:35%\">\n<figure class=\"wp-block-embed is-type-video is-provider-youtube wp-block-embed-youtube wp-embed-aspect-16-9 wp-has-aspect-ratio\"><div class=\"wp-block-embed__wrapper\">\n<iframe title=\"How to Install a WordPress Plugin (3 Different Methods)\" width=\"1290\" height=\"726\" src=\"https:\/\/www.youtube.com\/embed\/QXbrdVjWaME?feature=oembed\" frameborder=\"0\" allow=\"accelerometer; autoplay; clipboard-write; encrypted-media; gyroscope; picture-in-picture; web-share\" referrerpolicy=\"strict-origin-when-cross-origin\" allowfullscreen><\/iframe>\n<\/div><\/figure>\n<\/div>\n<\/div>\n\n\n\n<div style=\"height:50px\" aria-hidden=\"true\" class=\"wp-block-spacer\"><\/div>\n\n\n\n<div class=\"wp-block-columns is-layout-flex wp-container-core-columns-is-layout-28f84493 wp-block-columns-is-layout-flex\">\n<div class=\"wp-block-column is-layout-flow wp-block-column-is-layout-flow\" style=\"flex-basis:65%\">\n<div class=\"wp-block-stackable-icon-box stk-block-icon-box stk-block stk-617fc05\" data-v=\"2\" data-block-id=\"617fc05\"><div class=\"stk-block-content stk-inner-blocks stk-block-icon-box__content stk-container stk-617fc05-container stk--no-background stk--no-padding\">\n<div class=\"wp-block-stackable-icon-label stk-block-icon-label stk-block stk-f6a97ab\" data-block-id=\"f6a97ab\"><div class=\"stk-row stk-inner-blocks stk-block-content\">\n<div class=\"wp-block-stackable-icon stk-block-icon has-text-align-left stk-block stk-6d981f2\" data-block-id=\"6d981f2\"><style>.stk-6d981f2 .stk--svg-wrapper .stk--inner-svg svg:last-child,.stk-6d981f2 .stk--svg-wrapper .stk--inner-svg svg:last-child :is(g,path,rect,polygon,ellipse){fill:var(--paletteColor1,#2659f2) !important}<\/style><span class=\"stk--svg-wrapper\"><div class=\"stk--inner-svg\"><svg style=\"height:0;width:0\"><defs><linearGradient id=\"linear-gradient-6d981f2\" x1=\"0\" x2=\"100%\" y1=\"0\" y2=\"0\"><stop offset=\"0%\" style=\"stop-opacity:1;stop-color:var(--linear-gradient-6-d-981-f-2-color-1)\"><\/stop><stop offset=\"100%\" style=\"stop-opacity:1;stop-color:var(--linear-gradient-6-d-981-f-2-color-2)\"><\/stop><\/linearGradient><\/defs><\/svg><svg data-prefix=\"fas\" data-icon=\"desktop\" class=\"svg-inline--fa fa-desktop fa-w-18\" xmlns=\"http:\/\/www.w3.org\/2000\/svg\" viewBox=\"0 0 576 512\" aria-hidden=\"true\" width=\"32\" height=\"32\"><path fill=\"currentColor\" d=\"M528 0H48C21.5 0 0 21.5 0 48v320c0 26.5 21.5 48 48 48h192l-16 48h-72c-13.3 0-24 10.7-24 24s10.7 24 24 24h272c13.3 0 24-10.7 24-24s-10.7-24-24-24h-72l-16-48h192c26.5 0 48-21.5 48-48V48c0-26.5-21.5-48-48-48zm-16 352H64V64h448v288z\"><\/path><\/svg><\/div><\/span><\/div>\n\n\n\n<div class=\"wp-block-stackable-heading stk-block-heading stk-block-heading--v2 stk-block stk-bc113b9\" id=\"como-instalar-o-actualizar-un-tema\" data-block-id=\"bc113b9\"><style>.stk-bc113b9 .stk-block-heading__text{color:var(--paletteColor1,#2659f2) !important}<\/style><h5 class=\"stk-block-heading__text has-text-color has-palette-color-1-color\">C\u00f3mo instalar o actualizar un tema<\/h5><\/div>\n<\/div><\/div>\n\n\n\n<div class=\"wp-block-stackable-text stk-block-text stk-block stk-6da1b9d\" data-block-id=\"6da1b9d\"><p class=\"stk-block-text__text\">1. Inicie sesi\u00f3n en gpl-love.com y <strong>descargue <\/strong>el archivo Zip &amp; nbsp; para el <strong>complemento <\/strong>que desea instalar desde el \u00e1rea \u00ab<strong> MI CUENTA <\/strong>\u00ab. Reconocer\u00e1 que se anota el n\u00famero de versi\u00f3n del tema, seguido del nombre del tema. <br>2. <strong>Inicie sesi\u00f3n <\/strong>en <strong>su sitio de WordPress <\/strong>. <br>3. Vaya a <strong>Apariencia <\/strong>y luego a <strong>Temas <\/strong>. <br>4. En la <strong>parte superior <\/strong>de la <strong>pantalla <\/strong>, presione el bot\u00f3n <strong>Agregar nuevo <\/strong>y luego el bot\u00f3n <strong>Cargar tema <\/strong>. <br>5. <strong>Seleccione <\/strong>un archivo. <strong>zip <\/strong>con el tema que desea agregar. <br>6. Seleccione el bot\u00f3n \u00ab<strong> Instalar ahora <\/strong>\u00ab. <br>7. Una vez instalado, presione el bot\u00f3n \u00ab<strong> Activar <\/strong>\u00ab. <br>8. Aseg\u00farese de tener que agregar complementos adicionales relacionados con el tema. En caso afirmativo, siga las instrucciones anteriores para la instalaci\u00f3n del complemento.<\/p><\/div>\n<\/div><\/div>\n<\/div>\n\n\n\n<div class=\"wp-block-column is-layout-flow wp-block-column-is-layout-flow\" style=\"flex-basis:35%\">\n<figure class=\"wp-block-embed is-type-video is-provider-youtube wp-block-embed-youtube wp-embed-aspect-16-9 wp-has-aspect-ratio\"><div class=\"wp-block-embed__wrapper\">\n<iframe title=\"How to Install a WordPress Theme\" width=\"1290\" height=\"726\" src=\"https:\/\/www.youtube.com\/embed\/ZIPQRQLAz90?feature=oembed\" frameborder=\"0\" allow=\"accelerometer; autoplay; clipboard-write; encrypted-media; gyroscope; picture-in-picture; web-share\" referrerpolicy=\"strict-origin-when-cross-origin\" allowfullscreen><\/iframe>\n<\/div><\/figure>\n<\/div>\n<\/div>\n\n\n\n<div style=\"height:50px\" aria-hidden=\"true\" class=\"wp-block-spacer\"><\/div>\n\n\n\n<hr class=\"wp-block-separator has-text-color has-palette-color-5-color has-css-opacity has-palette-color-5-background-color has-background is-style-wide\"\/>\n\n\n\n<div style=\"height:50px\" aria-hidden=\"true\" class=\"wp-block-spacer\"><\/div>\n\n\n\n<h2 class=\"wp-block-heading has-palette-color-1-color has-text-color has-large-font-size\" id=\"2-error-handling\">Manejo de errores<\/h2>\n\n\n\n<div style=\"height:50px\" aria-hidden=\"true\" class=\"wp-block-spacer\"><\/div>\n\n\n\n<div class=\"wp-block-columns is-layout-flex wp-container-core-columns-is-layout-28f84493 wp-block-columns-is-layout-flex\">\n<div class=\"wp-block-column is-layout-flow wp-block-column-is-layout-flow\" style=\"flex-basis:100%\">\n<div class=\"wp-block-stackable-icon-box stk-block-icon-box stk-block stk-5f08cde\" data-v=\"2\" data-block-id=\"5f08cde\"><div class=\"stk-block-content stk-inner-blocks stk-block-icon-box__content stk-container stk-5f08cde-container stk--no-background stk--no-padding\">\n<div class=\"wp-block-stackable-icon-label stk-block-icon-label stk-block stk-b11693a\" data-block-id=\"b11693a\"><div class=\"stk-row stk-inner-blocks stk-block-content\">\n<div class=\"wp-block-stackable-icon stk-block-icon has-text-align-left stk-block stk-ec917f2\" data-block-id=\"ec917f2\"><style>.stk-ec917f2 .stk--svg-wrapper .stk--inner-svg svg:last-child,.stk-ec917f2 .stk--svg-wrapper .stk--inner-svg svg:last-child :is(g,path,rect,polygon,ellipse){fill:var(--paletteColor1,#2659f2) !important}<\/style><span class=\"stk--svg-wrapper\"><div class=\"stk--inner-svg\"><svg style=\"height:0;width:0\"><defs><linearGradient id=\"linear-gradient-ec917f2\" x1=\"0\" x2=\"100%\" y1=\"0\" y2=\"0\"><stop offset=\"0%\" style=\"stop-opacity:1;stop-color:var(--linear-gradient-ec-917-f-2-color-1)\"><\/stop><stop offset=\"100%\" style=\"stop-opacity:1;stop-color:var(--linear-gradient-ec-917-f-2-color-2)\"><\/stop><\/linearGradient><\/defs><\/svg><svg data-prefix=\"fas\" data-icon=\"file-archive\" class=\"svg-inline--fa fa-file-archive fa-w-12\" xmlns=\"http:\/\/www.w3.org\/2000\/svg\" viewBox=\"0 0 384 512\" aria-hidden=\"true\" width=\"32\" height=\"32\"><path fill=\"currentColor\" d=\"M377 105L279.1 7c-4.5-4.5-10.6-7-17-7H256v128h128v-6.1c0-6.3-2.5-12.4-7-16.9zM128.4 336c-17.9 0-32.4 12.1-32.4 27 0 15 14.6 27 32.5 27s32.4-12.1 32.4-27-14.6-27-32.5-27zM224 136V0h-63.6v32h-32V0H24C10.7 0 0 10.7 0 24v464c0 13.3 10.7 24 24 24h336c13.3 0 24-10.7 24-24V160H248c-13.2 0-24-10.8-24-24zM95.9 32h32v32h-32zm32.3 384c-33.2 0-58-30.4-51.4-62.9L96.4 256v-32h32v-32h-32v-32h32v-32h-32V96h32V64h32v32h-32v32h32v32h-32v32h32v32h-32v32h22.1c5.7 0 10.7 4.1 11.8 9.7l17.3 87.7c6.4 32.4-18.4 62.6-51.4 62.6z\"><\/path><\/svg><\/div><\/span><\/div>\n\n\n\n<div class=\"wp-block-stackable-heading stk-block-heading stk-block-heading--v2 stk-block stk-a9a77f3\" id=\"compresiones-dobles\" data-block-id=\"a9a77f3\"><style>.stk-a9a77f3 .stk-block-heading__text{color:var(--paletteColor1,#2659f2) !important}<\/style><h5 class=\"stk-block-heading__text has-text-color has-palette-color-1-color\">Compresiones dobles<\/h5><\/div>\n<\/div><\/div>\n\n\n\n<p>Es muy importante que no olvide que ciertos productos (como estos de Themeforest o Codecanyon) vienen con una&nbsp;<strong>doble compresi\u00f3n, es decir, un archivo zip dentro de otro archivo Zip.<\/strong><\/p>\n\n\n\n<p><strong>Verifique el paquete&nbsp;<\/strong>despu\u00e9s de descargar&nbsp;<strong>antes de cargar&nbsp;<\/strong>para ver si este es el caso, y si es as\u00ed, el zip principal que descarg\u00f3 no ser\u00e1 el instalable, lo que conducir\u00e1 a&nbsp;<strong>errores&nbsp;<\/strong>de compilaci\u00f3n como&nbsp;<strong>\u00abFalta la hoja de estilo CSS\u00bb&nbsp;<\/strong>, por ejemplo.<\/p>\n\n\n\n<p>En su lugar, debe&nbsp;<strong>instalar&nbsp;<\/strong>el&nbsp;<strong>archivo Zip correspondiente&nbsp;<\/strong>en la subcarpeta.<\/p>\n<\/div><\/div>\n<\/div>\n<\/div>\n\n\n\n<div style=\"height:50px\" aria-hidden=\"true\" class=\"wp-block-spacer\"><\/div>\n\n\n\n<div class=\"wp-block-columns is-layout-flex wp-container-core-columns-is-layout-28f84493 wp-block-columns-is-layout-flex\">\n<div class=\"wp-block-column is-layout-flow wp-block-column-is-layout-flow\" style=\"flex-basis:65%\">\n<div class=\"wp-block-stackable-icon-box stk-block-icon-box stk-block stk-56997f0\" data-v=\"2\" data-block-id=\"56997f0\"><div class=\"stk-block-content stk-inner-blocks stk-block-icon-box__content stk-container stk-56997f0-container stk--no-background stk--no-padding\">\n<div class=\"wp-block-stackable-icon-label stk-block-icon-label stk-block stk-8a48c01\" data-block-id=\"8a48c01\"><div class=\"stk-row stk-inner-blocks stk-block-content\">\n<div class=\"wp-block-stackable-icon stk-block-icon has-text-align-left stk-block stk-34109d9\" data-block-id=\"34109d9\"><style>.stk-34109d9 .stk--svg-wrapper .stk--inner-svg svg:last-child,.stk-34109d9 .stk--svg-wrapper .stk--inner-svg svg:last-child :is(g,path,rect,polygon,ellipse){fill:var(--paletteColor1,#2659f2) !important}<\/style><span class=\"stk--svg-wrapper\"><div class=\"stk--inner-svg\"><svg style=\"height:0;width:0\"><defs><linearGradient id=\"linear-gradient-34109d9\" x1=\"0\" x2=\"100%\" y1=\"0\" y2=\"0\"><stop offset=\"0%\" style=\"stop-opacity:1;stop-color:var(--linear-gradient-34109-d-9-color-1)\"><\/stop><stop offset=\"100%\" style=\"stop-opacity:1;stop-color:var(--linear-gradient-34109-d-9-color-2)\"><\/stop><\/linearGradient><\/defs><\/svg><svg data-prefix=\"fas\" data-icon=\"cogs\" class=\"svg-inline--fa fa-cogs fa-w-20\" xmlns=\"http:\/\/www.w3.org\/2000\/svg\" viewBox=\"0 0 640 512\" aria-hidden=\"true\" width=\"32\" height=\"32\"><path fill=\"currentColor\" d=\"M512.1 191l-8.2 14.3c-3 5.3-9.4 7.5-15.1 5.4-11.8-4.4-22.6-10.7-32.1-18.6-4.6-3.8-5.8-10.5-2.8-15.7l8.2-14.3c-6.9-8-12.3-17.3-15.9-27.4h-16.5c-6 0-11.2-4.3-12.2-10.3-2-12-2.1-24.6 0-37.1 1-6 6.2-10.4 12.2-10.4h16.5c3.6-10.1 9-19.4 15.9-27.4l-8.2-14.3c-3-5.2-1.9-11.9 2.8-15.7 9.5-7.9 20.4-14.2 32.1-18.6 5.7-2.1 12.1.1 15.1 5.4l8.2 14.3c10.5-1.9 21.2-1.9 31.7 0L552 6.3c3-5.3 9.4-7.5 15.1-5.4 11.8 4.4 22.6 10.7 32.1 18.6 4.6 3.8 5.8 10.5 2.8 15.7l-8.2 14.3c6.9 8 12.3 17.3 15.9 27.4h16.5c6 0 11.2 4.3 12.2 10.3 2 12 2.1 24.6 0 37.1-1 6-6.2 10.4-12.2 10.4h-16.5c-3.6 10.1-9 19.4-15.9 27.4l8.2 14.3c3 5.2 1.9 11.9-2.8 15.7-9.5 7.9-20.4 14.2-32.1 18.6-5.7 2.1-12.1-.1-15.1-5.4l-8.2-14.3c-10.4 1.9-21.2 1.9-31.7 0zm-10.5-58.8c38.5 29.6 82.4-14.3 52.8-52.8-38.5-29.7-82.4 14.3-52.8 52.8zM386.3 286.1l33.7 16.8c10.1 5.8 14.5 18.1 10.5 29.1-8.9 24.2-26.4 46.4-42.6 65.8-7.4 8.9-20.2 11.1-30.3 5.3l-29.1-16.8c-16 13.7-34.6 24.6-54.9 31.7v33.6c0 11.6-8.3 21.6-19.7 23.6-24.6 4.2-50.4 4.4-75.9 0-11.5-2-20-11.9-20-23.6V418c-20.3-7.2-38.9-18-54.9-31.7L74 403c-10 5.8-22.9 3.6-30.3-5.3-16.2-19.4-33.3-41.6-42.2-65.7-4-10.9.4-23.2 10.5-29.1l33.3-16.8c-3.9-20.9-3.9-42.4 0-63.4L12 205.8c-10.1-5.8-14.6-18.1-10.5-29 8.9-24.2 26-46.4 42.2-65.8 7.4-8.9 20.2-11.1 30.3-5.3l29.1 16.8c16-13.7 34.6-24.6 54.9-31.7V57.1c0-11.5 8.2-21.5 19.6-23.5 24.6-4.2 50.5-4.4 76-.1 11.5 2 20 11.9 20 23.6v33.6c20.3 7.2 38.9 18 54.9 31.7l29.1-16.8c10-5.8 22.9-3.6 30.3 5.3 16.2 19.4 33.2 41.6 42.1 65.8 4 10.9.1 23.2-10 29.1l-33.7 16.8c3.9 21 3.9 42.5 0 63.5zm-117.6 21.1c59.2-77-28.7-164.9-105.7-105.7-59.2 77 28.7 164.9 105.7 105.7zm243.4 182.7l-8.2 14.3c-3 5.3-9.4 7.5-15.1 5.4-11.8-4.4-22.6-10.7-32.1-18.6-4.6-3.8-5.8-10.5-2.8-15.7l8.2-14.3c-6.9-8-12.3-17.3-15.9-27.4h-16.5c-6 0-11.2-4.3-12.2-10.3-2-12-2.1-24.6 0-37.1 1-6 6.2-10.4 12.2-10.4h16.5c3.6-10.1 9-19.4 15.9-27.4l-8.2-14.3c-3-5.2-1.9-11.9 2.8-15.7 9.5-7.9 20.4-14.2 32.1-18.6 5.7-2.1 12.1.1 15.1 5.4l8.2 14.3c10.5-1.9 21.2-1.9 31.7 0l8.2-14.3c3-5.3 9.4-7.5 15.1-5.4 11.8 4.4 22.6 10.7 32.1 18.6 4.6 3.8 5.8 10.5 2.8 15.7l-8.2 14.3c6.9 8 12.3 17.3 15.9 27.4h16.5c6 0 11.2 4.3 12.2 10.3 2 12 2.1 24.6 0 37.1-1 6-6.2 10.4-12.2 10.4h-16.5c-3.6 10.1-9 19.4-15.9 27.4l8.2 14.3c3 5.2 1.9 11.9-2.8 15.7-9.5 7.9-20.4 14.2-32.1 18.6-5.7 2.1-12.1-.1-15.1-5.4l-8.2-14.3c-10.4 1.9-21.2 1.9-31.7 0zM501.6 431c38.5 29.6 82.4-14.3 52.8-52.8-38.5-29.6-82.4 14.3-52.8 52.8z\"><\/path><\/svg><\/div><\/span><\/div>\n\n\n\n<div class=\"wp-block-stackable-heading stk-block-heading stk-block-heading--v2 stk-block stk-bd7ece6\" id=\"requerimientos-minimos\" data-block-id=\"bd7ece6\"><style>.stk-bd7ece6 .stk-block-heading__text{color:var(--paletteColor1,#2659f2) !important}<\/style><h5 class=\"stk-block-heading__text has-text-color has-palette-color-1-color\">Requerimientos m\u00ednimos<\/h5><\/div>\n<\/div><\/div>\n\n\n\n<p>Debe asegurarse de que la instalaci\u00f3n de WordPress cumpla con las&nbsp;<strong>especificaciones m\u00ednimas recomendadas:&nbsp;<\/strong><\/p>\n\n\n\n<p>Servidor web basado en Apache o NGINX con 128 MB de RAM<br>PHP versi\u00f3n 5.6 o 7.0<br>MySQL versi\u00f3n 5.6+ o MariaDB versi\u00f3n 10.0+<br>M\u00f3dulo Apache mod_rewrite<\/p>\n\n\n\n<p>max_execution_time = 600;<br>max_input_vars = 5000;<br>l\u00edmite de memoria = 256 M;<br>post_max_size = 128M;<br>upload_max_filesize = 128M;<\/p>\n\n\n\n<p>Puede seguir estas instrucciones para editar la configuraci\u00f3n necesaria en uno de esos 3 archivos, php.ini, wp-config.php o .htaccess (si ejecuta un servidor apache) en su instalaci\u00f3n de WordPress, aunque le recomendamos que utilice un archivo php Archivo .ini \/ user.ini o wp-config.php:<\/p>\n\n\n\n<p><a href=\"https:\/\/kinsta.com\/knowledgebase\/wordpress-memory-limit\/\" rel=\"noreferrer noopener nofollow\" target=\"_blank\"><strong>Tutorial para wp-config.php<\/strong><\/a><\/p>\n<\/div><\/div>\n<\/div>\n\n\n\n<div class=\"wp-block-column is-layout-flow wp-block-column-is-layout-flow\" style=\"flex-basis:35%\">\n<figure class=\"wp-block-embed is-type-video is-provider-youtube wp-block-embed-youtube wp-embed-aspect-16-9 wp-has-aspect-ratio\"><div class=\"wp-block-embed__wrapper\">\n<iframe title=\"How to Edit wp-config.php File in WordPress\" width=\"1290\" height=\"726\" src=\"https:\/\/www.youtube.com\/embed\/3SDPTafEM8o?feature=oembed\" frameborder=\"0\" allow=\"accelerometer; autoplay; clipboard-write; encrypted-media; gyroscope; picture-in-picture; web-share\" referrerpolicy=\"strict-origin-when-cross-origin\" allowfullscreen><\/iframe>\n<\/div><\/figure>\n<\/div>\n<\/div>\n\n\n\n<div style=\"height:50px\" aria-hidden=\"true\" class=\"wp-block-spacer\"><\/div>\n\n\n\n<div class=\"wp-block-columns is-layout-flex wp-container-core-columns-is-layout-28f84493 wp-block-columns-is-layout-flex\">\n<div class=\"wp-block-column is-layout-flow wp-block-column-is-layout-flow\" style=\"flex-basis:65%\">\n<div class=\"wp-block-stackable-icon-box stk-block-icon-box stk-block stk-0abaddf\" data-v=\"2\" data-block-id=\"0abaddf\"><div class=\"stk-block-content stk-inner-blocks stk-block-icon-box__content stk-container stk-0abaddf-container stk--no-background stk--no-padding\">\n<div class=\"wp-block-stackable-icon-label stk-block-icon-label stk-block stk-8549b26\" data-block-id=\"8549b26\"><div class=\"stk-row stk-inner-blocks stk-block-content\">\n<div class=\"wp-block-stackable-icon stk-block-icon has-text-align-left stk-block stk-6381874\" data-block-id=\"6381874\"><style>.stk-6381874 .stk--svg-wrapper .stk--inner-svg svg:last-child,.stk-6381874 .stk--svg-wrapper .stk--inner-svg svg:last-child :is(g,path,rect,polygon,ellipse){fill:var(--paletteColor1,#2659f2) !important}<\/style><span class=\"stk--svg-wrapper\"><div class=\"stk--inner-svg\"><svg style=\"height:0;width:0\"><defs><linearGradient id=\"linear-gradient-6381874\" x1=\"0\" x2=\"100%\" y1=\"0\" y2=\"0\"><stop offset=\"0%\" style=\"stop-opacity:1;stop-color:var(--linear-gradient-6381874-color-1)\"><\/stop><stop offset=\"100%\" style=\"stop-opacity:1;stop-color:var(--linear-gradient-6381874-color-2)\"><\/stop><\/linearGradient><\/defs><\/svg><svg data-prefix=\"fas\" data-icon=\"file-upload\" class=\"svg-inline--fa fa-file-upload fa-w-12\" xmlns=\"http:\/\/www.w3.org\/2000\/svg\" viewBox=\"0 0 384 512\" aria-hidden=\"true\" width=\"32\" height=\"32\"><path fill=\"currentColor\" d=\"M224 136V0H24C10.7 0 0 10.7 0 24v464c0 13.3 10.7 24 24 24h336c13.3 0 24-10.7 24-24V160H248c-13.2 0-24-10.8-24-24zm65.18 216.01H224v80c0 8.84-7.16 16-16 16h-32c-8.84 0-16-7.16-16-16v-80H94.82c-14.28 0-21.41-17.29-11.27-27.36l96.42-95.7c6.65-6.61 17.39-6.61 24.04 0l96.42 95.7c10.15 10.07 3.03 27.36-11.25 27.36zM377 105L279.1 7c-4.5-4.5-10.6-7-17-7H256v128h128v-6.1c0-6.3-2.5-12.4-7-16.9z\"><\/path><\/svg><\/div><\/span><\/div>\n\n\n\n<div class=\"wp-block-stackable-heading stk-block-heading stk-block-heading--v2 stk-block stk-e249368\" id=\"archivos-muy-grandes\" data-block-id=\"e249368\"><style>.stk-e249368 .stk-block-heading__text{color:var(--paletteColor1,#2659f2) !important}<\/style><h5 class=\"stk-block-heading__text has-text-color has-palette-color-1-color\">Archivos muy grandes<\/h5><\/div>\n<\/div><\/div>\n\n\n\n<p>Para&nbsp;<strong>temas o complementos muy grandes&nbsp;<\/strong>de m\u00e1s de 64 megabytes (que incluyen plantillas a menudo rehechas) es necesario que la&nbsp;<strong>carga se ejecute a trav\u00e9s de FTP<\/strong>.<\/p>\n\n\n\n<p><a href=\"https:\/\/wordpress.org\/support\/article\/using-filezilla\/\" rel=\"noreferrer noopener nofollow\" target=\"_blank\"><strong>Gu\u00eda para usar FTP<\/strong><\/a><\/p>\n<\/div><\/div>\n<\/div>\n\n\n\n<div class=\"wp-block-column is-layout-flow wp-block-column-is-layout-flow\" style=\"flex-basis:35%\">\n<figure class=\"wp-block-embed is-type-video is-provider-youtube wp-block-embed-youtube wp-embed-aspect-16-9 wp-has-aspect-ratio\"><div class=\"wp-block-embed__wrapper\">\n<iframe title=\"How to use FTP to upload files to WordPress for Beginners\" width=\"1290\" height=\"726\" src=\"https:\/\/www.youtube.com\/embed\/x3zNBt_sHJU?feature=oembed\" frameborder=\"0\" allow=\"accelerometer; autoplay; clipboard-write; encrypted-media; gyroscope; picture-in-picture; web-share\" referrerpolicy=\"strict-origin-when-cross-origin\" allowfullscreen><\/iframe>\n<\/div><\/figure>\n<\/div>\n<\/div>\n","protected":false},"excerpt":{"rendered":"<p>C\u00f3mo configurar un tema o complemento GPL Antes de utilizar productos GPL, recomendamos encarecidamente el complemento \u00abActualizaciones f\u00e1ciles de temas y complementos\u00bb. Puede descargarlo del&nbsp;repositorio de WordPress&nbsp;de forma gratuita. Tambi\u00e9n puede buscarlo como un nuevo complemento para agregar desde su panel de control dentro del repositorio de complementos gratuitos de WordPress. Instale y active el [&hellip;]<\/p>\n","protected":false},"author":2,"featured_media":0,"parent":0,"menu_order":0,"comment_status":"closed","ping_status":"closed","template":"","meta":{"footnotes":""},"class_list":["post-110977","page","type-page","status-publish","hentry"],"blocksy_meta":{"styles_descriptor":{"styles":{"desktop":"","tablet":"","mobile":""},"google_fonts":[],"version":6}},"_links":{"self":[{"href":"https:\/\/gpl-love.com\/es\/wp-json\/wp\/v2\/pages\/110977","targetHints":{"allow":["GET"]}}],"collection":[{"href":"https:\/\/gpl-love.com\/es\/wp-json\/wp\/v2\/pages"}],"about":[{"href":"https:\/\/gpl-love.com\/es\/wp-json\/wp\/v2\/types\/page"}],"author":[{"embeddable":true,"href":"https:\/\/gpl-love.com\/es\/wp-json\/wp\/v2\/users\/2"}],"replies":[{"embeddable":true,"href":"https:\/\/gpl-love.com\/es\/wp-json\/wp\/v2\/comments?post=110977"}],"version-history":[{"count":0,"href":"https:\/\/gpl-love.com\/es\/wp-json\/wp\/v2\/pages\/110977\/revisions"}],"wp:attachment":[{"href":"https:\/\/gpl-love.com\/es\/wp-json\/wp\/v2\/media?parent=110977"}],"curies":[{"name":"wp","href":"https:\/\/api.w.org\/{rel}","templated":true}]}}